{"id":20415,"date":"2022-03-15T20:46:41","date_gmt":"2022-03-15T23:46:41","guid":{"rendered":"https:\/\/fjsp.org.br\/fjsp\/?page_id=20415"},"modified":"2022-04-01T11:52:23","modified_gmt":"2022-04-01T14:52:23","slug":"1-yoko-tawada-mensagem-aos-leitores-brasileiros","status":"publish","type":"page","link":"https:\/\/fjsp.org.br\/fjsp\/1-yoko-tawada-mensagem-aos-leitores-brasileiros\/","title":{"rendered":"1. Y\u014dko Tawada &#8211; Mensagem aos leitores brasileiros"},"content":{"rendered":"<p style=\"text-align: right\"><b><span data-contrast=\"auto\">Y\u014dko Tawada<\/span><\/b><span data-ccp-props=\"{&quot;201341983&quot;:0,&quot;335551550&quot;:3,&quot;335551620&quot;:3,&quot;335559740&quot;:276}\">\u00a0<\/span><\/p>\n<p style=\"text-align: right\"><span data-contrast=\"auto\">Fevereiro 2022<\/span><span data-ccp-props=\"{&quot;201341983&quot;:0,&quot;335551550&quot;:3,&quot;335551620&quot;:3,&quot;335559740&quot;:276}\">\u00a0<\/span><\/p>\n<p style=\"text-align: right\"><span data-ccp-props=\"{&quot;201341983&quot;:0,&quot;335551550&quot;:3,&quot;335551620&quot;:3,&quot;335559740&quot;:276}\">\u00a0<\/span><\/p>\n<p style=\"text-align: right\"><span data-contrast=\"auto\">Tradu\u00e7\u00e3o de Anna Ligia Pozzetti<\/span><span data-ccp-props=\"{&quot;201341983&quot;:0,&quot;335551550&quot;:3,&quot;335551620&quot;:3,&quot;335559740&quot;:276}\"> de Abreu<\/span><\/p>\n<p style=\"text-align: right\"><em>Komorebi Translations<\/em><\/p>\n<p>&nbsp;<\/p>\n<p style=\"text-align: left\"><em><span class=\"TextRun SCXW54113302 BCX0\" lang=\"PT-BR\" xml:lang=\"PT-BR\" data-contrast=\"auto\"><span class=\"NormalTextRun SCXW54113302 BCX0\">\u201c<\/span><span class=\"NormalTextRun SCXW54113302 BCX0\">N\u00e3o faz muito tempo desde minha visita ao Brasil, em 2019. Logo depois, mergulhamos na pandemia e n\u00e3o foi mais poss\u00edvel viajar. Em um per\u00edodo de introspec\u00e7\u00e3o, sinto que, aos poucos, as diversas lembran\u00e7as de S\u00e3o Paulo, Porto Alegre e Rio de Janeiro que permanecem no fundo do meu cora\u00e7\u00e3o v\u00e3o se sedimentando, fermentando e me nutrindo. O primeiro laureado com o <span class='tooltipsall tooltipsincontent classtoolTips36'>Pr\u00eamio AKUTAGAWA<\/span>, um dos principais pr\u00eamios liter\u00e1rios do Jap\u00e3o, foi Tatsuz\u014d Ishikawa, com a obra <\/span><\/span><span class=\"TextRun SCXW54113302 BCX0\" lang=\"PT-BR\" xml:lang=\"PT-BR\" data-contrast=\"auto\"><span class=\"NormalTextRun SCXW54113302 BCX0\">S\u00f4b\u00f4: Uma Saga da Imigra\u00e7\u00e3o Japonesa <\/span><\/span><span class=\"TextRun SCXW54113302 BCX0\" lang=\"PT-BR\" xml:lang=\"PT-BR\" data-contrast=\"auto\"><span class=\"NormalTextRun SCXW54113302 BCX0\">(1935), que retrata a vinda dos japoneses ao Brasil. Durante quase um s\u00e9culo de exist\u00eancia do pr\u00eamio, a literatura de l\u00edngua japonesa voltou-se para quest\u00f5es internas e obras que tratam da imigra\u00e7\u00e3o se tornaram uma exce\u00e7\u00e3o. <\/span><span class=\"NormalTextRun SCXW54113302 BCX0\">Mas eu acredito que, tamb\u00e9m na literatura de l\u00edngua japonesa, pode haver espa\u00e7o para uma curiosidade agu\u00e7ada que avan\u00e7a para al\u00e9m mar. Revisitando a hist\u00f3ria, descobri que pesquisadores que respeito, como Darwin e Claude L\u00e9vi-Strauss, que se questionavam sobre a grande pergunta \u201co que \u00e9 o ser <\/span><span class=\"NormalTextRun SCXW54113302 BCX0\">humano?<\/span><span class=\"NormalTextRun SCXW54113302 BCX0\">\u201d<\/span><span class=\"NormalTextRun SCXW54113302 BCX0\">, estiveram no Brasil. Ainda hoje, o Brasil \u00e9 um local que segue ensinando muito para o resto do mundo, com destaque para a coexist\u00eancia de pessoas de diferentes trajet\u00f3rias e para a Floresta Amaz\u00f4nica, com sua rica biodiversidade que ajuda a amenizar o aquecimento global. Estou sempre atenta ao que acontece no Brasil. Desejo, do fundo do meu cora\u00e7\u00e3o, que voc\u00eas possam ter um ano com sa\u00fade, sem esmorecer diante da pandemia e dos desafios pol\u00edticos e econ\u00f4micos enfrentados no pa\u00eds.\u201d\u00a0<\/span><\/span><span class=\"EOP SCXW54113302 BCX0\" data-ccp-props=\"{&quot;201341983&quot;:0,&quot;335551550&quot;:6,&quot;335551620&quot;:6,&quot;335559740&quot;:276}\">\u00a0<\/span>\u00a0<\/em><\/p>\n<p>&nbsp;<\/p>\n<div id=\"attachment_20688\" style=\"width: 510px\" class=\"wp-caption aligncenter\"><img fetchpriority=\"high\" decoding=\"async\" aria-describedby=\"caption-attachment-20688\" class=\"img-responsive img-fluid wp-image-20688\" src=\"https:\/\/fjsp.org.br\/fjsp\/wp-content\/uploads\/2022\/03\/yoko-tawada-scaled-e1648824307471.jpg\" alt=\"\" width=\"500\" height=\"697\" srcset=\"https:\/\/fjsp.org.br\/fjsp\/wp-content\/uploads\/2022\/03\/yoko-tawada-scaled-e1648824307471.jpg 1170w, https:\/\/fjsp.org.br\/fjsp\/wp-content\/uploads\/2022\/03\/yoko-tawada-scaled-e1648824307471-280x391.jpg 280w, https:\/\/fjsp.org.br\/fjsp\/wp-content\/uploads\/2022\/03\/yoko-tawada-scaled-e1648824307471-768x1071.jpg 768w, https:\/\/fjsp.org.br\/fjsp\/wp-content\/uploads\/2022\/03\/yoko-tawada-scaled-e1648824307471-1101x1536.jpg 1101w, https:\/\/fjsp.org.br\/fjsp\/wp-content\/uploads\/2022\/03\/yoko-tawada-scaled-e1648824307471-340x474.jpg 340w, https:\/\/fjsp.org.br\/fjsp\/wp-content\/uploads\/2022\/03\/yoko-tawada-scaled-e1648824307471-220x307.jpg 220w, https:\/\/fjsp.org.br\/fjsp\/wp-content\/uploads\/2022\/03\/yoko-tawada-scaled-e1648824307471-100x139.jpg 100w, https:\/\/fjsp.org.br\/fjsp\/wp-content\/uploads\/2022\/03\/yoko-tawada-scaled-e1648824307471-130x181.jpg 130w, https:\/\/fjsp.org.br\/fjsp\/wp-content\/uploads\/2022\/03\/yoko-tawada-scaled-e1648824307471-460x642.jpg 460w\" sizes=\"(max-width: 500px) 100vw, 500px\" \/><p id=\"caption-attachment-20688\" class=\"wp-caption-text\">Y\u014dk\u200bo Tawada (2019), Museu da Imigra\u00e7\u00e3o do Estado de S\u00e3o Paulo. Foto: Keiko Susaki<\/p><\/div>\n<p>&nbsp;<\/p>\n<p>&nbsp;<\/p>\n<p><a href=\"https:\/\/fjsp.org.br\/fjsp\/1-1-yoko-tawada-mensagem-aos-leitores-brasileiros-2\/\">\u65e5\u672c\u8a9e\u3067\u8aad\u3080 \u2013 Ler em japon\u00eas<\/a><\/p>\n<p>&nbsp;<\/p>\n<p><a href=\"https:\/\/fjsp.org.br\/fjsp\/dossie-yoko-tawada\/\">&lt;&lt; P\u00e1gina inicial<\/a> \/\/ <a href=\"https:\/\/fjsp.org.br\/fjsp\/2-yoko-tawada\/\">2. Yoko Tawada &gt;&gt;<\/a><\/p>\n<script type=\"text\/javascript\"> toolTips('.classtoolTips36','Criado em 1935 por Kan Kikuchi, ent\u00e3o editor da revista\u00a0 Bungeishunj\u016b, em mem\u00f3ria ao escritor Ry\u016bnosuke Akutagawa. \u00c9 considerado um dos mais prestigiados pr\u00eamios liter\u00e1rios japoneses.<br\/><br\/><a href=\"https:\/\/www.bunshun.co.jp\/shinkoukai\/award\/akutagawa\/\" target=\"_blank\" rel=\"noopener noreferrer\">https:\/\/www.bunshun.co.jp\/shinkoukai\/award\/akutagawa\/<\/a>'); <\/script>","protected":false},"excerpt":{"rendered":"<p>Y\u014dko Tawada\u00a0 Fevereiro 2022\u00a0 \u00a0 Tradu\u00e7\u00e3o de Anna Ligia Pozzetti de Abreu Komorebi Translations &nbsp; \u201cN\u00e3o faz muito tempo desde minha visita ao Brasil, em 2019. Logo depois, mergulhamos na pandemia e n\u00e3o foi mais poss\u00edvel viajar. Em um per\u00edodo de introspec\u00e7\u00e3o, sinto que, aos poucos, as diversas lembran\u00e7as de S\u00e3o Paulo, Porto Alegre e [&hellip;]<\/p>\n","protected":false},"author":1,"featured_media":0,"parent":0,"menu_order":0,"comment_status":"closed","ping_status":"closed","template":"","meta":{"_acf_changed":false,"footnotes":""},"class_list":["post-20415","page","type-page","status-publish","hentry"],"acf":[],"_links":{"self":[{"href":"https:\/\/fjsp.org.br\/fjsp\/wp-json\/wp\/v2\/pages\/20415","targetHints":{"allow":["GET"]}}],"collection":[{"href":"https:\/\/fjsp.org.br\/fjsp\/wp-json\/wp\/v2\/pages"}],"about":[{"href":"https:\/\/fjsp.org.br\/fjsp\/wp-json\/wp\/v2\/types\/page"}],"author":[{"embeddable":true,"href":"https:\/\/fjsp.org.br\/fjsp\/wp-json\/wp\/v2\/users\/1"}],"replies":[{"embeddable":true,"href":"https:\/\/fjsp.org.br\/fjsp\/wp-json\/wp\/v2\/comments?post=20415"}],"version-history":[{"count":3,"href":"https:\/\/fjsp.org.br\/fjsp\/wp-json\/wp\/v2\/pages\/20415\/revisions"}],"predecessor-version":[{"id":20782,"href":"https:\/\/fjsp.org.br\/fjsp\/wp-json\/wp\/v2\/pages\/20415\/revisions\/20782"}],"wp:attachment":[{"href":"https:\/\/fjsp.org.br\/fjsp\/wp-json\/wp\/v2\/media?parent=20415"}],"curies":[{"name":"wp","href":"https:\/\/api.w.org\/{rel}","templated":true}]}}