{"id":20592,"date":"2022-03-30T19:48:36","date_gmt":"2022-03-30T22:48:36","guid":{"rendered":"https:\/\/fjsp.org.br\/fjsp\/?page_id=20592"},"modified":"2022-03-30T20:10:04","modified_gmt":"2022-03-30T23:10:04","slug":"criarte-naofumi-hama","status":"publish","type":"page","link":"https:\/\/fjsp.org.br\/fjsp\/criarte-naofumi-hama\/","title":{"rendered":"Naofumi Hama"},"content":{"rendered":"<p>O terceiro epis\u00f3dio de\u00a0<strong>Criarte \u2013 criatividade, arte e encanto<\/strong>\u00a0apresenta Naofumi Hama, artista que produz uma arte \u00fanica, a partir de t\u00e9cnicas de Origami e Kirie, que ele denomina 3D Kirie \u2013 Kirie tridimensional. Conhe\u00e7a a sua hist\u00f3ria e arte \u00edmpar nesse v\u00eddeo, especialmente gravado para a s\u00e9rie, e fa\u00e7a voc\u00ea tamb\u00e9m uma pe\u00e7a especial, acompanhando o workshop. Confira todos os detalhes no v\u00eddeo.<\/p>\n<p>&nbsp;<\/p>\n<div class='cleaner'><\/div>\n<div class='videoWrapper embed-responsive embed-responsive-16by9 ratio ratio-16x9'><iframe title=\"Criarte \u2013 criatividade, arte e encanto apresenta Naofumi Hama\" width=\"700\" height=\"394\" src=\"https:\/\/www.youtube.com\/embed\/KG9aQE8jVLE?feature=oembed\" frameborder=\"0\" allow=\"accelerometer; autoplay; clipboard-write; encrypted-media; gyroscope; picture-in-picture\" allowfullscreen><\/iframe><\/div>\n<p>&nbsp;<\/p>\n<h2><strong>Naofumi Hama\u00a0<\/strong><\/h2>\n<p><img fetchpriority=\"high\" decoding=\"async\" class=\"img-responsive img-fluid alignnone wp-image-20593\" src=\"https:\/\/fjsp.org.br\/fjsp\/wp-content\/uploads\/2022\/03\/foto-hama-profile-site.jpg\" alt=\"\" width=\"400\" height=\"400\" srcset=\"https:\/\/fjsp.org.br\/fjsp\/wp-content\/uploads\/2022\/03\/foto-hama-profile-site.jpg 1000w, https:\/\/fjsp.org.br\/fjsp\/wp-content\/uploads\/2022\/03\/foto-hama-profile-site-280x280.jpg 280w, https:\/\/fjsp.org.br\/fjsp\/wp-content\/uploads\/2022\/03\/foto-hama-profile-site-768x768.jpg 768w, https:\/\/fjsp.org.br\/fjsp\/wp-content\/uploads\/2022\/03\/foto-hama-profile-site-340x340.jpg 340w, https:\/\/fjsp.org.br\/fjsp\/wp-content\/uploads\/2022\/03\/foto-hama-profile-site-220x220.jpg 220w, https:\/\/fjsp.org.br\/fjsp\/wp-content\/uploads\/2022\/03\/foto-hama-profile-site-100x100.jpg 100w, https:\/\/fjsp.org.br\/fjsp\/wp-content\/uploads\/2022\/03\/foto-hama-profile-site-130x130.jpg 130w, https:\/\/fjsp.org.br\/fjsp\/wp-content\/uploads\/2022\/03\/foto-hama-profile-site-460x460.jpg 460w, https:\/\/fjsp.org.br\/fjsp\/wp-content\/uploads\/2022\/03\/foto-hama-profile-site-150x150.jpg 150w\" sizes=\"(max-width: 400px) 100vw, 400px\" \/><\/p>\n<p>&nbsp;<\/p>\n<p>Seu primeiro contato com a arte Kirie aconteceu em 2011. Se tornou um artista autodidata a partir de 2012.<\/p>\n<p>Trabalha n\u00e3o somente com Kirie bidimensional, mas tamb\u00e9m desenvolve um novo estilo, o Kirie tridimensional.<\/p>\n<p>Cria, ainda, superf\u00edcies curvas nas quais aplica o Kirie, produzindo obras sob uma nova t\u00e9cnica, at\u00e9 ent\u00e3o inexistente, chamada de Kirie Tridimensional de Superf\u00edcie Curva.<\/p>\n<p>Estabelecido na prov\u00edncia de Nagano, tem realizado mostras individuais, al\u00e9m de participar em diversos programas de tv e de outros meios de comunica\u00e7\u00e3o.<\/p>\n<p>Entre suas publica\u00e7\u00f5es, encontram-se\u00a0<em>Hama Naofumi no rittai kirie<\/em>\u00a0(Kirie Tridimensional de Naofumi Hama), publicada por Kawade Shobo Shinsha, e\u00a0<em>Hama Naofumi wa no rittai kirie densho origami wo mochifu ni shiki wo kazaru<\/em>\u00a0(Naofumi Hama: Kirie tridimensional japon\u00eas, decorando as quatro esta\u00e7\u00f5es com o uso do origami tradicional como motivo), publicada por Seibundo Shinkosha.<\/p>\n<p>&nbsp;<\/p>\n<h2><strong>O tsuru especial de Naofumi Hama\u00a0<\/strong><\/h2>\n<p>Com cores e flores (sakura e ip\u00ea) escolhidas para o tema do v\u00eddeo de Criarte, o artista prop\u00f5e o encontro do Jap\u00e3o com o Brasil, promovendo o fortalecimento dos la\u00e7os de amizade das\u00a0na\u00e7\u00f5es.<\/p>\n<p>&nbsp;<\/p>\n<p><img decoding=\"async\" class=\"img-responsive img-fluid wp-image-20712 aligncenter\" src=\"https:\/\/fjsp.org.br\/fjsp\/wp-content\/uploads\/2022\/03\/oon-scaled.jpg\" alt=\"\" width=\"560\" height=\"315\" srcset=\"https:\/\/fjsp.org.br\/fjsp\/wp-content\/uploads\/2022\/03\/oon-scaled.jpg 2560w, https:\/\/fjsp.org.br\/fjsp\/wp-content\/uploads\/2022\/03\/oon-280x158.jpg 280w, https:\/\/fjsp.org.br\/fjsp\/wp-content\/uploads\/2022\/03\/oon-768x432.jpg 768w, https:\/\/fjsp.org.br\/fjsp\/wp-content\/uploads\/2022\/03\/oon-1536x864.jpg 1536w, https:\/\/fjsp.org.br\/fjsp\/wp-content\/uploads\/2022\/03\/oon-2048x1152.jpg 2048w, https:\/\/fjsp.org.br\/fjsp\/wp-content\/uploads\/2022\/03\/oon-340x191.jpg 340w, https:\/\/fjsp.org.br\/fjsp\/wp-content\/uploads\/2022\/03\/oon-220x124.jpg 220w, https:\/\/fjsp.org.br\/fjsp\/wp-content\/uploads\/2022\/03\/oon-100x56.jpg 100w, https:\/\/fjsp.org.br\/fjsp\/wp-content\/uploads\/2022\/03\/oon-130x73.jpg 130w, https:\/\/fjsp.org.br\/fjsp\/wp-content\/uploads\/2022\/03\/oon-460x259.jpg 460w\" sizes=\"(max-width: 560px) 100vw, 560px\" \/><\/p>\n<p><strong>Fa\u00e7a voc\u00ea tamb\u00e9m!\u00a0<\/strong><\/p>\n<p>Materiais necess\u00e1rios:<br \/>\n&#8211; estilete de precis\u00e3o<br \/>\n&#8211; r\u00e9gua<br \/>\n&#8211; pin\u00e7a de ponta fina<br \/>\n&#8211; base de corte<\/p>\n<p>Para o download do molde apresentado no v\u00eddeo, clique\u00a0<a href=\"https:\/\/fjsp.org.br\/fjsp\/wp-content\/uploads\/2022\/03\/molde.pdf\" target=\"_blank\" rel=\"noopener\"><span style=\"color: #ff0000;\"><strong>aqui<\/strong><\/span><\/a>.<\/p>\n<p>&nbsp;<\/p>\n<p><img decoding=\"async\" class=\"img-responsive img-fluid wp-image-20723 aligncenter\" src=\"https:\/\/fjsp.org.br\/fjsp\/wp-content\/uploads\/2022\/03\/kabuto.jpg\" alt=\"\" width=\"400\" height=\"622\" srcset=\"https:\/\/fjsp.org.br\/fjsp\/wp-content\/uploads\/2022\/03\/kabuto.jpg 500w, https:\/\/fjsp.org.br\/fjsp\/wp-content\/uploads\/2022\/03\/kabuto-280x436.jpg 280w, https:\/\/fjsp.org.br\/fjsp\/wp-content\/uploads\/2022\/03\/kabuto-340x529.jpg 340w, https:\/\/fjsp.org.br\/fjsp\/wp-content\/uploads\/2022\/03\/kabuto-220x342.jpg 220w, https:\/\/fjsp.org.br\/fjsp\/wp-content\/uploads\/2022\/03\/kabuto-100x156.jpg 100w, https:\/\/fjsp.org.br\/fjsp\/wp-content\/uploads\/2022\/03\/kabuto-130x202.jpg 130w, https:\/\/fjsp.org.br\/fjsp\/wp-content\/uploads\/2022\/03\/kabuto-460x716.jpg 460w\" sizes=\"(max-width: 400px) 100vw, 400px\" \/><\/p>\n<p><img loading=\"lazy\" decoding=\"async\" class=\"img-responsive img-fluid aligncenter wp-image-20719\" src=\"https:\/\/fjsp.org.br\/fjsp\/wp-content\/uploads\/2022\/03\/flor-tecido.jpg\" alt=\"\" width=\"400\" height=\"399\" srcset=\"https:\/\/fjsp.org.br\/fjsp\/wp-content\/uploads\/2022\/03\/flor-tecido.jpg 1440w, https:\/\/fjsp.org.br\/fjsp\/wp-content\/uploads\/2022\/03\/flor-tecido-280x280.jpg 280w, https:\/\/fjsp.org.br\/fjsp\/wp-content\/uploads\/2022\/03\/flor-tecido-768x767.jpg 768w, https:\/\/fjsp.org.br\/fjsp\/wp-content\/uploads\/2022\/03\/flor-tecido-340x340.jpg 340w, https:\/\/fjsp.org.br\/fjsp\/wp-content\/uploads\/2022\/03\/flor-tecido-220x220.jpg 220w, https:\/\/fjsp.org.br\/fjsp\/wp-content\/uploads\/2022\/03\/flor-tecido-100x100.jpg 100w, https:\/\/fjsp.org.br\/fjsp\/wp-content\/uploads\/2022\/03\/flor-tecido-130x130.jpg 130w, https:\/\/fjsp.org.br\/fjsp\/wp-content\/uploads\/2022\/03\/flor-tecido-460x459.jpg 460w, https:\/\/fjsp.org.br\/fjsp\/wp-content\/uploads\/2022\/03\/flor-tecido-150x150.jpg 150w\" sizes=\"(max-width: 400px) 100vw, 400px\" \/><\/p>\n<p><img loading=\"lazy\" decoding=\"async\" class=\"img-responsive img-fluid wp-image-20716 aligncenter\" src=\"https:\/\/fjsp.org.br\/fjsp\/wp-content\/uploads\/2022\/03\/sushi-scaled.jpg\" alt=\"\" width=\"400\" height=\"300\" srcset=\"https:\/\/fjsp.org.br\/fjsp\/wp-content\/uploads\/2022\/03\/sushi-scaled.jpg 2560w, https:\/\/fjsp.org.br\/fjsp\/wp-content\/uploads\/2022\/03\/sushi-280x210.jpg 280w, https:\/\/fjsp.org.br\/fjsp\/wp-content\/uploads\/2022\/03\/sushi-768x576.jpg 768w, https:\/\/fjsp.org.br\/fjsp\/wp-content\/uploads\/2022\/03\/sushi-1536x1152.jpg 1536w, https:\/\/fjsp.org.br\/fjsp\/wp-content\/uploads\/2022\/03\/sushi-2048x1536.jpg 2048w, https:\/\/fjsp.org.br\/fjsp\/wp-content\/uploads\/2022\/03\/sushi-340x255.jpg 340w, https:\/\/fjsp.org.br\/fjsp\/wp-content\/uploads\/2022\/03\/sushi-220x165.jpg 220w, https:\/\/fjsp.org.br\/fjsp\/wp-content\/uploads\/2022\/03\/sushi-100x75.jpg 100w, https:\/\/fjsp.org.br\/fjsp\/wp-content\/uploads\/2022\/03\/sushi-130x98.jpg 130w, https:\/\/fjsp.org.br\/fjsp\/wp-content\/uploads\/2022\/03\/sushi-460x345.jpg 460w\" sizes=\"(max-width: 400px) 100vw, 400px\" \/><\/p>\n<p><img loading=\"lazy\" decoding=\"async\" class=\"img-responsive img-fluid aligncenter wp-image-20717\" src=\"https:\/\/fjsp.org.br\/fjsp\/wp-content\/uploads\/2022\/03\/tsuru-bonsai-scaled.jpeg\" alt=\"\" width=\"400\" height=\"533\" srcset=\"https:\/\/fjsp.org.br\/fjsp\/wp-content\/uploads\/2022\/03\/tsuru-bonsai-scaled.jpeg 1920w, https:\/\/fjsp.org.br\/fjsp\/wp-content\/uploads\/2022\/03\/tsuru-bonsai-280x373.jpeg 280w, https:\/\/fjsp.org.br\/fjsp\/wp-content\/uploads\/2022\/03\/tsuru-bonsai-768x1024.jpeg 768w, https:\/\/fjsp.org.br\/fjsp\/wp-content\/uploads\/2022\/03\/tsuru-bonsai-1152x1536.jpeg 1152w, https:\/\/fjsp.org.br\/fjsp\/wp-content\/uploads\/2022\/03\/tsuru-bonsai-1536x2048.jpeg 1536w, https:\/\/fjsp.org.br\/fjsp\/wp-content\/uploads\/2022\/03\/tsuru-bonsai-340x453.jpeg 340w, https:\/\/fjsp.org.br\/fjsp\/wp-content\/uploads\/2022\/03\/tsuru-bonsai-220x293.jpeg 220w, https:\/\/fjsp.org.br\/fjsp\/wp-content\/uploads\/2022\/03\/tsuru-bonsai-100x133.jpeg 100w, https:\/\/fjsp.org.br\/fjsp\/wp-content\/uploads\/2022\/03\/tsuru-bonsai-130x173.jpeg 130w, https:\/\/fjsp.org.br\/fjsp\/wp-content\/uploads\/2022\/03\/tsuru-bonsai-460x613.jpeg 460w\" sizes=\"(max-width: 400px) 100vw, 400px\" \/><\/p>\n<p><img loading=\"lazy\" decoding=\"async\" class=\"img-responsive img-fluid wp-image-20722 aligncenter\" src=\"https:\/\/fjsp.org.br\/fjsp\/wp-content\/uploads\/2022\/03\/carpa.jpg\" alt=\"\" width=\"400\" height=\"533\" srcset=\"https:\/\/fjsp.org.br\/fjsp\/wp-content\/uploads\/2022\/03\/carpa.jpg 1536w, https:\/\/fjsp.org.br\/fjsp\/wp-content\/uploads\/2022\/03\/carpa-280x373.jpg 280w, https:\/\/fjsp.org.br\/fjsp\/wp-content\/uploads\/2022\/03\/carpa-768x1024.jpg 768w, https:\/\/fjsp.org.br\/fjsp\/wp-content\/uploads\/2022\/03\/carpa-1152x1536.jpg 1152w, https:\/\/fjsp.org.br\/fjsp\/wp-content\/uploads\/2022\/03\/carpa-340x453.jpg 340w, https:\/\/fjsp.org.br\/fjsp\/wp-content\/uploads\/2022\/03\/carpa-220x293.jpg 220w, https:\/\/fjsp.org.br\/fjsp\/wp-content\/uploads\/2022\/03\/carpa-100x133.jpg 100w, https:\/\/fjsp.org.br\/fjsp\/wp-content\/uploads\/2022\/03\/carpa-130x173.jpg 130w, https:\/\/fjsp.org.br\/fjsp\/wp-content\/uploads\/2022\/03\/carpa-460x613.jpg 460w\" sizes=\"(max-width: 400px) 100vw, 400px\" \/><\/p>\n<p>&nbsp;<\/p>\n<p><a href=\"https:\/\/naofumihama.com\/\" target=\"_blank\" rel=\"noopener\"><strong>Site oficial <\/strong><\/a>(japon\u00eas)<\/p>\n<p><a href=\"https:\/\/www.instagram.com\/naofumi_hama\/\" target=\"_blank\" rel=\"noopener\"><strong>Instagram oficial<\/strong><\/a><\/p>\n<p>&nbsp;<\/p>\n<p>A arte do t\u00edtulo do projeto foi elaborada por Mari Kanegae, com uma composi\u00e7\u00e3o de folhas de Pata-de-vaca em v\u00e1rios est\u00e1gios, e aplica\u00e7\u00e3o da t\u00e9cnica Kiri\u00ea em uma folha de nori (alga japonesa).<\/p>\n<h4 style=\"text-align: center;\"><strong><span style=\"color: #ff9900;\"><a style=\"color: #ff9900;\" href=\"https:\/\/fjsp.org.br\/fjsp\/criarte\/\">Voltar para a home Criarte<\/a><\/span><\/strong><\/h4>\n","protected":false},"excerpt":{"rendered":"<p>O terceiro epis\u00f3dio de\u00a0Criarte \u2013 criatividade, arte e encanto\u00a0apresenta Naofumi Hama, artista que produz uma arte \u00fanica, a partir de t\u00e9cnicas de Origami e Kirie, que ele denomina 3D Kirie \u2013 Kirie tridimensional. Conhe\u00e7a a sua hist\u00f3ria e arte \u00edmpar nesse v\u00eddeo, especialmente gravado para a s\u00e9rie, e fa\u00e7a voc\u00ea tamb\u00e9m uma pe\u00e7a especial, acompanhando [&hellip;]<\/p>\n","protected":false},"author":33,"featured_media":0,"parent":0,"menu_order":0,"comment_status":"closed","ping_status":"closed","template":"","meta":{"_acf_changed":false,"footnotes":""},"class_list":["post-20592","page","type-page","status-publish","hentry"],"acf":[],"_links":{"self":[{"href":"https:\/\/fjsp.org.br\/fjsp\/wp-json\/wp\/v2\/pages\/20592","targetHints":{"allow":["GET"]}}],"collection":[{"href":"https:\/\/fjsp.org.br\/fjsp\/wp-json\/wp\/v2\/pages"}],"about":[{"href":"https:\/\/fjsp.org.br\/fjsp\/wp-json\/wp\/v2\/types\/page"}],"author":[{"embeddable":true,"href":"https:\/\/fjsp.org.br\/fjsp\/wp-json\/wp\/v2\/users\/33"}],"replies":[{"embeddable":true,"href":"https:\/\/fjsp.org.br\/fjsp\/wp-json\/wp\/v2\/comments?post=20592"}],"version-history":[{"count":3,"href":"https:\/\/fjsp.org.br\/fjsp\/wp-json\/wp\/v2\/pages\/20592\/revisions"}],"predecessor-version":[{"id":20725,"href":"https:\/\/fjsp.org.br\/fjsp\/wp-json\/wp\/v2\/pages\/20592\/revisions\/20725"}],"wp:attachment":[{"href":"https:\/\/fjsp.org.br\/fjsp\/wp-json\/wp\/v2\/media?parent=20592"}],"curies":[{"name":"wp","href":"https:\/\/api.w.org\/{rel}","templated":true}]}}