{"id":20643,"date":"2022-03-31T11:48:03","date_gmt":"2022-03-31T14:48:03","guid":{"rendered":"https:\/\/fjsp.org.br\/fjsp\/?page_id=20643"},"modified":"2022-03-31T12:21:03","modified_gmt":"2022-03-31T15:21:03","slug":"japao-em-casa-morango","status":"publish","type":"page","link":"https:\/\/fjsp.org.br\/fjsp\/japao-em-casa-morango\/","title":{"rendered":"Parfait japon\u00eas de morango"},"content":{"rendered":"<h3><strong>O que \u00e9 um &#8220;<em>parfait<\/em> japon\u00eas&#8221;?<\/strong><\/h3>\n<p>&nbsp;<\/p>\n<p><img fetchpriority=\"high\" decoding=\"async\" class=\"img-responsive img-fluid aligncenter wp-image-20671\" src=\"https:\/\/fjsp.org.br\/fjsp\/wp-content\/uploads\/2022\/03\/6-scaled.jpg\" alt=\"\" width=\"800\" height=\"449\" srcset=\"https:\/\/fjsp.org.br\/fjsp\/wp-content\/uploads\/2022\/03\/6-scaled.jpg 2560w, https:\/\/fjsp.org.br\/fjsp\/wp-content\/uploads\/2022\/03\/6-280x157.jpg 280w, https:\/\/fjsp.org.br\/fjsp\/wp-content\/uploads\/2022\/03\/6-768x431.jpg 768w, https:\/\/fjsp.org.br\/fjsp\/wp-content\/uploads\/2022\/03\/6-1536x862.jpg 1536w, https:\/\/fjsp.org.br\/fjsp\/wp-content\/uploads\/2022\/03\/6-2048x1149.jpg 2048w, https:\/\/fjsp.org.br\/fjsp\/wp-content\/uploads\/2022\/03\/6-340x191.jpg 340w, https:\/\/fjsp.org.br\/fjsp\/wp-content\/uploads\/2022\/03\/6-220x123.jpg 220w, https:\/\/fjsp.org.br\/fjsp\/wp-content\/uploads\/2022\/03\/6-100x56.jpg 100w, https:\/\/fjsp.org.br\/fjsp\/wp-content\/uploads\/2022\/03\/6-130x73.jpg 130w, https:\/\/fjsp.org.br\/fjsp\/wp-content\/uploads\/2022\/03\/6-460x258.jpg 460w\" sizes=\"(max-width: 800px) 100vw, 800px\" \/><\/p>\n<p>&nbsp;<\/p>\n<p>O <em>parfait<\/em> japon\u00eas \u00e9 uma sobremesa servida, geralmente, em uma ta\u00e7a com uma variedade de ingredientes, como sorvetes e frutas. Dizem que essa sobremesa tem origem na sobremesa francesa &#8220;<em>parfait<\/em>&#8220;, uma palavra francesa que significa perfeito. Na Fran\u00e7a, era algo simples e servido em um prato raso como um tipo de sorvete.<\/p>\n<p><img decoding=\"async\" class=\"img-responsive img-fluid wp-image-20668 aligncenter\" src=\"https:\/\/fjsp.org.br\/fjsp\/wp-content\/uploads\/2022\/03\/-4-scaled.jpg\" alt=\"\" width=\"500\" height=\"281\" srcset=\"https:\/\/fjsp.org.br\/fjsp\/wp-content\/uploads\/2022\/03\/-4-scaled.jpg 2560w, https:\/\/fjsp.org.br\/fjsp\/wp-content\/uploads\/2022\/03\/-4-280x157.jpg 280w, https:\/\/fjsp.org.br\/fjsp\/wp-content\/uploads\/2022\/03\/-4-768x431.jpg 768w, https:\/\/fjsp.org.br\/fjsp\/wp-content\/uploads\/2022\/03\/-4-1536x862.jpg 1536w, https:\/\/fjsp.org.br\/fjsp\/wp-content\/uploads\/2022\/03\/-4-2048x1149.jpg 2048w, https:\/\/fjsp.org.br\/fjsp\/wp-content\/uploads\/2022\/03\/-4-340x191.jpg 340w, https:\/\/fjsp.org.br\/fjsp\/wp-content\/uploads\/2022\/03\/-4-220x123.jpg 220w, https:\/\/fjsp.org.br\/fjsp\/wp-content\/uploads\/2022\/03\/-4-100x56.jpg 100w, https:\/\/fjsp.org.br\/fjsp\/wp-content\/uploads\/2022\/03\/-4-130x73.jpg 130w, https:\/\/fjsp.org.br\/fjsp\/wp-content\/uploads\/2022\/03\/-4-460x258.jpg 460w\" sizes=\"(max-width: 500px) 100vw, 500px\" \/><\/p>\n<p>&nbsp;<\/p>\n<p>O primeiro <em>parfait<\/em> registrado no Jap\u00e3o aparece em um card\u00e1pio de jantar, em 1893, como &#8220;<em>Parfait <\/em>Fujiyama&#8221;, preservado como um documento diplom\u00e1tico. E tamb\u00e9m surge em um livro de confeitaria, publicado em 1910, e \u00e9 conhecido que foi servido em um prato raso. Servir em uma ta\u00e7a alongada verticalmente \u00e9 uma forma desenvolvida no Jap\u00e3o, e \u00e9 uma das sobremesas mais populares no pa\u00eds, podendo ser apreciada em muitos lugares, como caf\u00e9s e restaurantes de estilo <em>casual dinings<\/em>.<\/p>\n<p>&nbsp;<\/p>\n<h3><strong>Sobre os morangos<\/strong><\/h3>\n<p>No Jap\u00e3o, os morangos est\u00e3o dispon\u00edveis quase o ano inteiro, pois podem ser cultivados em estufas e em outras instala\u00e7\u00f5es. Os morangos cultivados no campo ao ar livre s\u00e3o colhidos na primavera, entre abril e junho.<\/p>\n<p>Os morangos foram introduzidos no Jap\u00e3o no final do per\u00edodo Edo (1603-1868) e \u00e9 conhecido que foram trazidos da Holanda, para fins ornamentais.<\/p>\n<p><img decoding=\"async\" class=\"img-responsive img-fluid aligncenter wp-image-20673\" src=\"https:\/\/fjsp.org.br\/fjsp\/wp-content\/uploads\/2022\/03\/2-2-scaled.jpg\" alt=\"\" width=\"500\" height=\"281\" srcset=\"https:\/\/fjsp.org.br\/fjsp\/wp-content\/uploads\/2022\/03\/2-2-scaled.jpg 2560w, https:\/\/fjsp.org.br\/fjsp\/wp-content\/uploads\/2022\/03\/2-2-280x157.jpg 280w, https:\/\/fjsp.org.br\/fjsp\/wp-content\/uploads\/2022\/03\/2-2-768x431.jpg 768w, https:\/\/fjsp.org.br\/fjsp\/wp-content\/uploads\/2022\/03\/2-2-1536x862.jpg 1536w, https:\/\/fjsp.org.br\/fjsp\/wp-content\/uploads\/2022\/03\/2-2-2048x1149.jpg 2048w, https:\/\/fjsp.org.br\/fjsp\/wp-content\/uploads\/2022\/03\/2-2-340x191.jpg 340w, https:\/\/fjsp.org.br\/fjsp\/wp-content\/uploads\/2022\/03\/2-2-220x123.jpg 220w, https:\/\/fjsp.org.br\/fjsp\/wp-content\/uploads\/2022\/03\/2-2-100x56.jpg 100w, https:\/\/fjsp.org.br\/fjsp\/wp-content\/uploads\/2022\/03\/2-2-130x73.jpg 130w, https:\/\/fjsp.org.br\/fjsp\/wp-content\/uploads\/2022\/03\/2-2-460x258.jpg 460w\" sizes=\"(max-width: 500px) 100vw, 500px\" \/><\/p>\n<p>&nbsp;<\/p>\n<p>A parte vermelha n\u00e3o \u00e9 a fruta, pois a fruta \u00e9 na verdade o gr\u00e3o que se parece como uma semente. Os morangos s\u00e3o ricos em vitamina C, \u00e1cido f\u00f3lico e fibras. O consumo de sete morangos de tamanho m\u00e9dio fornece a necessidade di\u00e1ria de vitamina C, e diz-se ser eficaz na preven\u00e7\u00e3o de resfriados, pele seca e fadiga.<\/p>\n<p><em>Como selecionar<\/em>: a superf\u00edcie dever\u00e1 estar brilhante e firme, sem manchas ou descolora\u00e7\u00f5es. Os caules devem ser bem verdes e as folhas esticadas at\u00e9 as pontas. Caso queira com\u00ea-los frescos, consuma-os o mais breve poss\u00edvel, caso contr\u00e1rio, recomenda-se fazer geleia.<\/p>\n<p>&nbsp;<\/p>\n<h3><strong>O que \u00e9 a &#8220;colheita de morangos &#8211; <em>Ichigogari<\/em>&#8220;?<\/strong><\/h3>\n<p>Literalmente <em>colheita de morango<\/em>,\u00a0 \u00e9 uma atividade comum em algumas regi\u00f5es produtoras, realizada principalmente na \u00e9poca de colheita diretamente nas planta\u00e7\u00f5es.<\/p>\n<p>Geralmente, a experi\u00eancia permite aos visitantes colher os morangos eles mesmos, dentro de um limite de tempo, e saborear as frutas rec\u00e9m-colhidas no pr\u00f3prio local.<\/p>\n<p>A experi\u00eancia de realmente ver os morangos amadurecerem e poder colher os mais apetitosos voc\u00ea mesmo \u00e9 muito valiosa, e tamb\u00e9m est\u00e1 ligada \u00e0 educa\u00e7\u00e3o alimentar.<\/p>\n<p>Al\u00e9m da <em>colheita do morango<\/em>, h\u00e1 v\u00e1rias outras experi\u00eancias com diferentes frutas no Jap\u00e3o, como a <em>colheita da uva<\/em>, a <em>colheita da pera<\/em> e a <em>colheita da ma\u00e7\u00e3<\/em>, dependendo da esta\u00e7\u00e3o do ano.<\/p>\n<p>&nbsp;<\/p>\n<h3><strong>Motivos para escolher \u201c<em>Parfait<\/em> japon\u00eas de morango\u201d<\/strong><\/h3>\n<p>&nbsp;<\/p>\n<p><img loading=\"lazy\" decoding=\"async\" class=\"img-responsive img-fluid aligncenter wp-image-20678\" src=\"https:\/\/fjsp.org.br\/fjsp\/wp-content\/uploads\/2022\/03\/2-3-scaled.jpg\" alt=\"\" width=\"500\" height=\"281\" srcset=\"https:\/\/fjsp.org.br\/fjsp\/wp-content\/uploads\/2022\/03\/2-3-scaled.jpg 2560w, https:\/\/fjsp.org.br\/fjsp\/wp-content\/uploads\/2022\/03\/2-3-280x157.jpg 280w, https:\/\/fjsp.org.br\/fjsp\/wp-content\/uploads\/2022\/03\/2-3-768x431.jpg 768w, https:\/\/fjsp.org.br\/fjsp\/wp-content\/uploads\/2022\/03\/2-3-1536x862.jpg 1536w, https:\/\/fjsp.org.br\/fjsp\/wp-content\/uploads\/2022\/03\/2-3-2048x1149.jpg 2048w, https:\/\/fjsp.org.br\/fjsp\/wp-content\/uploads\/2022\/03\/2-3-340x191.jpg 340w, https:\/\/fjsp.org.br\/fjsp\/wp-content\/uploads\/2022\/03\/2-3-220x123.jpg 220w, https:\/\/fjsp.org.br\/fjsp\/wp-content\/uploads\/2022\/03\/2-3-100x56.jpg 100w, https:\/\/fjsp.org.br\/fjsp\/wp-content\/uploads\/2022\/03\/2-3-130x73.jpg 130w, https:\/\/fjsp.org.br\/fjsp\/wp-content\/uploads\/2022\/03\/2-3-460x258.jpg 460w\" sizes=\"(max-width: 500px) 100vw, 500px\" \/><\/p>\n<p>&nbsp;<\/p>\n<ul>\n<li>Uma sobremesa perfeita para os dias quentes no Brasil.<\/li>\n<li>Os morangos azedos e frescos do Brasil t\u00eam um sabor ainda melhor se combinados com morangos doces e macios, quando transformados em geleia.<\/li>\n<li>Uma sobremesa colorida e linda, emocionante de se ver e comer, por isso penso que agradaria a todos, crian\u00e7as e adultos.<\/li>\n<li>Poder\u00e3o sentir um pouco do sabor do Jap\u00e3o em seus lares, a partir desse <em>parfait<\/em> japon\u00eas, desenvolvido de forma \u00fanica pelos japoneses.<\/li>\n<li>Para fazer o <em>parfait <\/em>ao estilo japon\u00eas, sugerimos acrescentar o &#8220;mini-mochi&#8221; feito de polvilho doce, um ingrediente facilmente encontrado, e que resulta em uma textura macia semelhante aos <em>mochi <\/em>feitos de arroz japon\u00eas.<\/li>\n<li>O <em>parfait<\/em> pode ser preparado e apreciado com frutas e sorvetes de sua prefer\u00eancia.<\/li>\n<\/ul>\n<p>&nbsp;<\/p>\n<hr \/>\n<h2><strong><em>Parfait<\/em> japon\u00eas de morango<\/strong><\/h2>\n<div class='cleaner'><\/div>\n<div class='videoWrapper embed-responsive embed-responsive-16by9 ratio ratio-16x9'><iframe title=\"Jap\u00e3o em Casa: Cozinha da Akiko apresenta Parfait japon\u00eas de morango\" width=\"700\" height=\"394\" src=\"https:\/\/www.youtube.com\/embed\/4IZ9XZ2YoU4?feature=oembed\" frameborder=\"0\" allow=\"accelerometer; autoplay; clipboard-write; encrypted-media; gyroscope; picture-in-picture\" allowfullscreen><\/iframe><\/div>\n<p>&nbsp;<\/p>\n<h4><strong>Ingredientes (quantidade apropriada de cada de acordo o tamanho da ta\u00e7a)<\/strong><\/h4>\n<p>Morangos, sorvete de baunilha, aveia, hortel\u00e3<\/p>\n<p><img loading=\"lazy\" decoding=\"async\" class=\"img-responsive img-fluid alignnone wp-image-20660\" src=\"https:\/\/fjsp.org.br\/fjsp\/wp-content\/uploads\/2022\/03\/.jpg-scaled.jpg\" alt=\"\" width=\"500\" height=\"281\" srcset=\"https:\/\/fjsp.org.br\/fjsp\/wp-content\/uploads\/2022\/03\/.jpg-scaled.jpg 2560w, https:\/\/fjsp.org.br\/fjsp\/wp-content\/uploads\/2022\/03\/.jpg-280x157.jpg 280w, https:\/\/fjsp.org.br\/fjsp\/wp-content\/uploads\/2022\/03\/.jpg-768x431.jpg 768w, https:\/\/fjsp.org.br\/fjsp\/wp-content\/uploads\/2022\/03\/.jpg-1536x862.jpg 1536w, https:\/\/fjsp.org.br\/fjsp\/wp-content\/uploads\/2022\/03\/.jpg-2048x1149.jpg 2048w, https:\/\/fjsp.org.br\/fjsp\/wp-content\/uploads\/2022\/03\/.jpg-340x191.jpg 340w, https:\/\/fjsp.org.br\/fjsp\/wp-content\/uploads\/2022\/03\/.jpg-220x123.jpg 220w, https:\/\/fjsp.org.br\/fjsp\/wp-content\/uploads\/2022\/03\/.jpg-100x56.jpg 100w, https:\/\/fjsp.org.br\/fjsp\/wp-content\/uploads\/2022\/03\/.jpg-130x73.jpg 130w, https:\/\/fjsp.org.br\/fjsp\/wp-content\/uploads\/2022\/03\/.jpg-460x258.jpg 460w\" sizes=\"(max-width: 500px) 100vw, 500px\" \/><\/p>\n<p>*Geleia de morango *Mini <em>mochi<\/em> feito com amido de mandioca *chantilly<\/p>\n<p>*A seguir s\u00e3o dadas instru\u00e7\u00f5es para fazer uma geleia de morango f\u00e1cil, o mini <em>mochi <\/em>feito com amido de mandioca e o chantilly.<br \/>\n*N\u00e3o h\u00e1 regras espec\u00edficas para os ingredientes, portanto voc\u00ea pode usar suas frutas favoritas ou sorvetes.<\/p>\n<p>&nbsp;<\/p>\n<h4><strong>Como preparar<\/strong><\/h4>\n<p><strong>1. Cortar os morangos.<\/strong><\/p>\n<p>Para decora\u00e7\u00e3o da parte superior: remova o caule do morango e fa\u00e7a tr\u00eas incis\u00f5es em forma de V. Deslocar a parte destacada pouco a pouco para ficar no formato de uma folha.<\/p>\n<p>Para o interior da ta\u00e7a: remova os caules dos morangos e corte-os longitudinalmente em fatias finas.<\/p>\n<p>*Dessa vez foram cortados em formato de uma folha, mas voc\u00ea pode cort\u00e1-los no meio do comprimento, na diagonal ou de qualquer outra forma que se adapte ao vidro.<\/p>\n<p>&nbsp;<\/p>\n<p><strong>2. Colocar no recipiente.<\/strong><\/p>\n<p>Coloque a geleia de morango, morangos picados e aveia no vidro nesta ordem de modo que formem camadas. Cole os morangos cortados finamente na vertical no interior da ta\u00e7a e coloque o sorvete de baunilha dentro dele. Esprema o chantilly para ficar alto e enfeite com mini <em>mochi<\/em> e morangos em forma de folha. Por fim, enfeite com geleia de morango e folhas de hortel\u00e3.<\/p>\n<p>*O recipiente pode ser qualquer copo ou ta\u00e7a que tenha em casa, como copos de sobremesa, copos de coquetel ou ta\u00e7as de vinho. Evite usar ta\u00e7as vinho finas, pois elas se quebram facilmente. Recipientes compridos verticalmente com uma boca maior que a base s\u00e3o os mais f\u00e1ceis de preparar.<\/p>\n<p>&nbsp;<\/p>\n<h3><strong>Geleia de morango feita no micro-ondas<\/strong><\/h3>\n<p><img loading=\"lazy\" decoding=\"async\" class=\"img-responsive img-fluid alignnone wp-image-20661\" src=\"https:\/\/fjsp.org.br\/fjsp\/wp-content\/uploads\/2022\/03\/2-scaled.jpg\" alt=\"\" width=\"800\" height=\"449\" srcset=\"https:\/\/fjsp.org.br\/fjsp\/wp-content\/uploads\/2022\/03\/2-scaled.jpg 2560w, https:\/\/fjsp.org.br\/fjsp\/wp-content\/uploads\/2022\/03\/2-280x157.jpg 280w, https:\/\/fjsp.org.br\/fjsp\/wp-content\/uploads\/2022\/03\/2-768x431.jpg 768w, https:\/\/fjsp.org.br\/fjsp\/wp-content\/uploads\/2022\/03\/2-1536x862.jpg 1536w, https:\/\/fjsp.org.br\/fjsp\/wp-content\/uploads\/2022\/03\/2-2048x1149.jpg 2048w, https:\/\/fjsp.org.br\/fjsp\/wp-content\/uploads\/2022\/03\/2-340x191.jpg 340w, https:\/\/fjsp.org.br\/fjsp\/wp-content\/uploads\/2022\/03\/2-220x123.jpg 220w, https:\/\/fjsp.org.br\/fjsp\/wp-content\/uploads\/2022\/03\/2-100x56.jpg 100w, https:\/\/fjsp.org.br\/fjsp\/wp-content\/uploads\/2022\/03\/2-130x73.jpg 130w, https:\/\/fjsp.org.br\/fjsp\/wp-content\/uploads\/2022\/03\/2-460x258.jpg 460w\" sizes=\"(max-width: 800px) 100vw, 800px\" \/><\/p>\n<p>&nbsp;<\/p>\n<h4><strong>Ingredientes<\/strong><\/h4>\n<p>Morangos: 100 g<\/p>\n<p>A\u00e7\u00facar: 50 g<\/p>\n<p>Suco de lim\u00e3o: 1 colher de ch\u00e1<\/p>\n<p>*Os morangos brasileiros s\u00e3o mais \u00e1cidos, portanto voc\u00ea pode aumentar a quantidade de a\u00e7\u00facar a seu gosto.<\/p>\n<p><img loading=\"lazy\" decoding=\"async\" class=\"img-responsive img-fluid alignnone wp-image-20662\" src=\"https:\/\/fjsp.org.br\/fjsp\/wp-content\/uploads\/2022\/03\/-1-scaled.jpg\" alt=\"\" width=\"500\" height=\"281\" srcset=\"https:\/\/fjsp.org.br\/fjsp\/wp-content\/uploads\/2022\/03\/-1-scaled.jpg 2560w, https:\/\/fjsp.org.br\/fjsp\/wp-content\/uploads\/2022\/03\/-1-280x157.jpg 280w, https:\/\/fjsp.org.br\/fjsp\/wp-content\/uploads\/2022\/03\/-1-768x431.jpg 768w, https:\/\/fjsp.org.br\/fjsp\/wp-content\/uploads\/2022\/03\/-1-1536x862.jpg 1536w, https:\/\/fjsp.org.br\/fjsp\/wp-content\/uploads\/2022\/03\/-1-2048x1149.jpg 2048w, https:\/\/fjsp.org.br\/fjsp\/wp-content\/uploads\/2022\/03\/-1-340x191.jpg 340w, https:\/\/fjsp.org.br\/fjsp\/wp-content\/uploads\/2022\/03\/-1-220x123.jpg 220w, https:\/\/fjsp.org.br\/fjsp\/wp-content\/uploads\/2022\/03\/-1-100x56.jpg 100w, https:\/\/fjsp.org.br\/fjsp\/wp-content\/uploads\/2022\/03\/-1-130x73.jpg 130w, https:\/\/fjsp.org.br\/fjsp\/wp-content\/uploads\/2022\/03\/-1-460x258.jpg 460w\" sizes=\"(max-width: 500px) 100vw, 500px\" \/><\/p>\n<p>&nbsp;<\/p>\n<h4><strong>Modo de preparo<\/strong><\/h4>\n<p><strong>1. lavar os morangos e retirar o peso.<\/strong><\/p>\n<p>Coloque os morangos, o a\u00e7\u00facar e o suco de lim\u00e3o em um recipiente refrat\u00e1rio grande, amasse os morangos com um garfo, e coloque-os no micro-ondas por 3 minutos (600w) sem filme pl\u00e1stico. Retire os morangos do micro-ondas, tire um pouco da espuma ao seu redor com papel toalha e cozinhe por mais 2 minutos (600 w). Remova do micro-ondas, tire novamente a espuma e deixe a geleia esfriar.<\/p>\n<p>*Use sempre um grande recipiente refrat\u00e1rio para evitar a possibilidade de derramamentos durante a micro-ondula\u00e7\u00e3o.<\/p>\n<p>*Se a geleia n\u00e3o for utilizada imediatamente ou se sobrar, armazene-a em frascos esterilizados ou recipientes de armazenamento.<\/p>\n<p>&nbsp;<\/p>\n<h3><strong>Mini <em>mochi<\/em> feitos de amido de mandioca<\/strong><\/h3>\n<p><img loading=\"lazy\" decoding=\"async\" class=\"img-responsive img-fluid alignnone wp-image-20664\" src=\"https:\/\/fjsp.org.br\/fjsp\/wp-content\/uploads\/2022\/03\/2-1-scaled.jpg\" alt=\"\" width=\"800\" height=\"449\" srcset=\"https:\/\/fjsp.org.br\/fjsp\/wp-content\/uploads\/2022\/03\/2-1-scaled.jpg 2560w, https:\/\/fjsp.org.br\/fjsp\/wp-content\/uploads\/2022\/03\/2-1-280x157.jpg 280w, https:\/\/fjsp.org.br\/fjsp\/wp-content\/uploads\/2022\/03\/2-1-768x431.jpg 768w, https:\/\/fjsp.org.br\/fjsp\/wp-content\/uploads\/2022\/03\/2-1-1536x862.jpg 1536w, https:\/\/fjsp.org.br\/fjsp\/wp-content\/uploads\/2022\/03\/2-1-2048x1149.jpg 2048w, https:\/\/fjsp.org.br\/fjsp\/wp-content\/uploads\/2022\/03\/2-1-340x191.jpg 340w, https:\/\/fjsp.org.br\/fjsp\/wp-content\/uploads\/2022\/03\/2-1-220x123.jpg 220w, https:\/\/fjsp.org.br\/fjsp\/wp-content\/uploads\/2022\/03\/2-1-100x56.jpg 100w, https:\/\/fjsp.org.br\/fjsp\/wp-content\/uploads\/2022\/03\/2-1-130x73.jpg 130w, https:\/\/fjsp.org.br\/fjsp\/wp-content\/uploads\/2022\/03\/2-1-460x258.jpg 460w\" sizes=\"(max-width: 800px) 100vw, 800px\" \/><\/p>\n<p>&nbsp;<\/p>\n<h4><strong>Ingredientes (10-12 pe\u00e7as)<\/strong><\/h4>\n<p>Amido de mandioca (Polvilho doce): 30 g<\/p>\n<p>A\u00e7\u00facar: 30 g<\/p>\n<p>\u00c1gua: 120 ml<\/p>\n<p>Amido de milho: conforme a necessidade<\/p>\n<p><img loading=\"lazy\" decoding=\"async\" class=\"img-responsive img-fluid alignnone wp-image-20663\" src=\"https:\/\/fjsp.org.br\/fjsp\/wp-content\/uploads\/2022\/03\/-2-scaled.jpg\" alt=\"\" width=\"500\" height=\"281\" srcset=\"https:\/\/fjsp.org.br\/fjsp\/wp-content\/uploads\/2022\/03\/-2-scaled.jpg 2560w, https:\/\/fjsp.org.br\/fjsp\/wp-content\/uploads\/2022\/03\/-2-280x157.jpg 280w, https:\/\/fjsp.org.br\/fjsp\/wp-content\/uploads\/2022\/03\/-2-768x431.jpg 768w, https:\/\/fjsp.org.br\/fjsp\/wp-content\/uploads\/2022\/03\/-2-1536x862.jpg 1536w, https:\/\/fjsp.org.br\/fjsp\/wp-content\/uploads\/2022\/03\/-2-2048x1149.jpg 2048w, https:\/\/fjsp.org.br\/fjsp\/wp-content\/uploads\/2022\/03\/-2-340x191.jpg 340w, https:\/\/fjsp.org.br\/fjsp\/wp-content\/uploads\/2022\/03\/-2-220x123.jpg 220w, https:\/\/fjsp.org.br\/fjsp\/wp-content\/uploads\/2022\/03\/-2-100x56.jpg 100w, https:\/\/fjsp.org.br\/fjsp\/wp-content\/uploads\/2022\/03\/-2-130x73.jpg 130w, https:\/\/fjsp.org.br\/fjsp\/wp-content\/uploads\/2022\/03\/-2-460x258.jpg 460w\" sizes=\"(max-width: 500px) 100vw, 500px\" \/><\/p>\n<p>&nbsp;<\/p>\n<h4><strong>Modo de preparo<\/strong><\/h4>\n<p><strong>1. Espalhe uma camada fina de amido de milho em uma assadeira grande.<\/strong><\/p>\n<p><strong>2. Coloque o amido de mandioca, o a\u00e7\u00facar e a \u00e1gua em uma panela em fogo brando e mexa constantemente com uma esp\u00e1tula. Quando a mistura se tornar transparente, desligue o fogo e transfira o conte\u00fado para a assadeira grande (1).<\/strong><\/p>\n<p><strong>3. Passe o amido de milho na superf\u00edcie e corte em peda\u00e7os mais f\u00e1ceis de comer.<\/strong><\/p>\n<p>*Tenha cuidado para n\u00e3o se queimar, pois a mistura est\u00e1 bem quente.<\/p>\n<p>&nbsp;<\/p>\n<h3><strong>Chantilly<\/strong><\/h3>\n<h4><strong>Ingredientes<\/strong><\/h4>\n<p>Creme de leite fresco: 200 ml<\/p>\n<p>A\u00e7\u00facar: 10 g<\/p>\n<p>* Desta vez, por ser para uso em um <em>parfait<\/em>, a do\u00e7ura \u00e9 mantida baixa para equilibrar com os outros ingredientes. Caso voc\u00ea queira mais doce, pode aumentar a quantidade de a\u00e7\u00facar em at\u00e9 10% do creme.<\/p>\n<p><img loading=\"lazy\" decoding=\"async\" class=\"img-responsive img-fluid alignnone wp-image-20665\" src=\"https:\/\/fjsp.org.br\/fjsp\/wp-content\/uploads\/2022\/03\/-3-scaled.jpg\" alt=\"\" width=\"500\" height=\"281\" srcset=\"https:\/\/fjsp.org.br\/fjsp\/wp-content\/uploads\/2022\/03\/-3-scaled.jpg 2560w, https:\/\/fjsp.org.br\/fjsp\/wp-content\/uploads\/2022\/03\/-3-280x157.jpg 280w, https:\/\/fjsp.org.br\/fjsp\/wp-content\/uploads\/2022\/03\/-3-768x431.jpg 768w, https:\/\/fjsp.org.br\/fjsp\/wp-content\/uploads\/2022\/03\/-3-1536x862.jpg 1536w, https:\/\/fjsp.org.br\/fjsp\/wp-content\/uploads\/2022\/03\/-3-2048x1149.jpg 2048w, https:\/\/fjsp.org.br\/fjsp\/wp-content\/uploads\/2022\/03\/-3-340x191.jpg 340w, https:\/\/fjsp.org.br\/fjsp\/wp-content\/uploads\/2022\/03\/-3-220x123.jpg 220w, https:\/\/fjsp.org.br\/fjsp\/wp-content\/uploads\/2022\/03\/-3-100x56.jpg 100w, https:\/\/fjsp.org.br\/fjsp\/wp-content\/uploads\/2022\/03\/-3-130x73.jpg 130w, https:\/\/fjsp.org.br\/fjsp\/wp-content\/uploads\/2022\/03\/-3-460x258.jpg 460w\" sizes=\"(max-width: 500px) 100vw, 500px\" \/><\/p>\n<p>&nbsp;<\/p>\n<h4><strong>Modo de preparo<\/strong><\/h4>\n<p>Encha uma tigela grande com \u00e1gua gelada e coloque uma outra tigela por cima. Adicione o creme de leite fresco e o a\u00e7\u00facar e bata com um batedor, misturando uniformemente por toda mistura.<\/p>\n<p>*Ao misturar resfriando, o chantilly ficar\u00e1 mais fino e consistente.<\/p>\n<p>Quando o chantilly estiver firme o suficiente para formar pontas, coloque-o em um saco de confeiteiro.<\/p>\n<p>&nbsp;<\/p>\n<p>&nbsp;<\/p>\n<h2><strong>Sobremesa SAKURA<\/strong><\/h2>\n<p>&nbsp;<\/p>\n<p><img loading=\"lazy\" decoding=\"async\" class=\"img-responsive img-fluid alignnone wp-image-20654\" src=\"https:\/\/fjsp.org.br\/fjsp\/wp-content\/uploads\/2022\/03\/sakura2-scaled.jpg\" alt=\"\" width=\"800\" height=\"449\" srcset=\"https:\/\/fjsp.org.br\/fjsp\/wp-content\/uploads\/2022\/03\/sakura2-scaled.jpg 2560w, https:\/\/fjsp.org.br\/fjsp\/wp-content\/uploads\/2022\/03\/sakura2-280x157.jpg 280w, https:\/\/fjsp.org.br\/fjsp\/wp-content\/uploads\/2022\/03\/sakura2-768x431.jpg 768w, https:\/\/fjsp.org.br\/fjsp\/wp-content\/uploads\/2022\/03\/sakura2-1536x862.jpg 1536w, https:\/\/fjsp.org.br\/fjsp\/wp-content\/uploads\/2022\/03\/sakura2-2048x1149.jpg 2048w, https:\/\/fjsp.org.br\/fjsp\/wp-content\/uploads\/2022\/03\/sakura2-340x191.jpg 340w, https:\/\/fjsp.org.br\/fjsp\/wp-content\/uploads\/2022\/03\/sakura2-220x123.jpg 220w, https:\/\/fjsp.org.br\/fjsp\/wp-content\/uploads\/2022\/03\/sakura2-100x56.jpg 100w, https:\/\/fjsp.org.br\/fjsp\/wp-content\/uploads\/2022\/03\/sakura2-130x73.jpg 130w, https:\/\/fjsp.org.br\/fjsp\/wp-content\/uploads\/2022\/03\/sakura2-460x258.jpg 460w\" sizes=\"(max-width: 800px) 100vw, 800px\" \/><\/p>\n<p>&nbsp;<\/p>\n<h4><strong>Ingredientes<\/strong><\/h4>\n<p>Mini <em>mochi<\/em> feito com amido de mandioca: 5 unidades<\/p>\n<p>Morangos: 3<\/p>\n<p>Geleia de morango: a gosto<\/p>\n<p>Hortel\u00e3: a gosto<\/p>\n<p>*Sugest\u00e3o: acrescente leite condensado em cima quando servido.<\/p>\n<p><img loading=\"lazy\" decoding=\"async\" class=\"img-responsive img-fluid alignnone wp-image-20656\" src=\"https:\/\/fjsp.org.br\/fjsp\/wp-content\/uploads\/2022\/03\/sakura-scaled.jpg\" alt=\"\" width=\"500\" height=\"281\" srcset=\"https:\/\/fjsp.org.br\/fjsp\/wp-content\/uploads\/2022\/03\/sakura-scaled.jpg 2560w, https:\/\/fjsp.org.br\/fjsp\/wp-content\/uploads\/2022\/03\/sakura-280x157.jpg 280w, https:\/\/fjsp.org.br\/fjsp\/wp-content\/uploads\/2022\/03\/sakura-768x431.jpg 768w, https:\/\/fjsp.org.br\/fjsp\/wp-content\/uploads\/2022\/03\/sakura-1536x862.jpg 1536w, https:\/\/fjsp.org.br\/fjsp\/wp-content\/uploads\/2022\/03\/sakura-2048x1149.jpg 2048w, https:\/\/fjsp.org.br\/fjsp\/wp-content\/uploads\/2022\/03\/sakura-340x191.jpg 340w, https:\/\/fjsp.org.br\/fjsp\/wp-content\/uploads\/2022\/03\/sakura-220x123.jpg 220w, https:\/\/fjsp.org.br\/fjsp\/wp-content\/uploads\/2022\/03\/sakura-100x56.jpg 100w, https:\/\/fjsp.org.br\/fjsp\/wp-content\/uploads\/2022\/03\/sakura-130x73.jpg 130w, https:\/\/fjsp.org.br\/fjsp\/wp-content\/uploads\/2022\/03\/sakura-460x258.jpg 460w\" sizes=\"(max-width: 500px) 100vw, 500px\" \/><\/p>\n<p>&nbsp;<\/p>\n<h4><strong>Modo de preparo<\/strong><\/h4>\n<p><strong>1. Remova o caule dos morangos e corte-os ao meio no sentido do comprimento. Corte a parte que tinha o caule em forma de V para formar p\u00e9talas de cereja.<\/strong><\/p>\n<p>* Ao cortar de forma superficial o caule em forma de V ficar\u00e1 em formato de cora\u00e7\u00e3o, e se cortar mais profundo ficar\u00e1 em formato de uma p\u00e9tala de cereja.<\/p>\n<p><strong>2. Coloque os minis <em>mochi<\/em> e morangos no prato de modo que fiquem no formato de flores de cerejeira. Acrescente a geleia de morango no meio e folhas de hortel\u00e3.<\/strong><\/p>\n<p>&nbsp;<\/p>\n<h4 style=\"text-align: center\"><span data-ccp-props=\"{&quot;201341983&quot;:0,&quot;335559739&quot;:160,&quot;335559740&quot;:259}\">Veja o <a href=\"https:\/\/www.instagram.com\/tv\/CbxdV0NAsUr\/?utm_source=ig_web_copy_link\"><strong>v\u00eddeo completo do Sobremesa SAKURA<\/strong><\/a><\/span><b>\u00a0<\/b><span data-ccp-props=\"{&quot;201341983&quot;:0,&quot;335559739&quot;:160,&quot;335559740&quot;:259}\">no nosso<strong> Instagram <a href=\"https:\/\/www.instagram.com\/japanfoundation_sp\/\">japanfoundation_sp\u00a0<\/a><\/strong><\/span><\/h4>\n<p>&nbsp;<\/p>\n<p><a href=\"https:\/\/fjsp.org.br\/fjsp\/agenda\/japao-em-casa\/\"><img loading=\"lazy\" decoding=\"async\" class=\"img-responsive img-fluid aligncenter size-full wp-image-14575\" src=\"https:\/\/fjsp.org.br\/fjsp\/wp-content\/uploads\/2021\/01\/botao-home-japaoemcasa.jpg\" alt=\"\" width=\"300\" height=\"160\" srcset=\"https:\/\/fjsp.org.br\/fjsp\/wp-content\/uploads\/2021\/01\/botao-home-japaoemcasa.jpg 300w, https:\/\/fjsp.org.br\/fjsp\/wp-content\/uploads\/2021\/01\/botao-home-japaoemcasa-280x149.jpg 280w, https:\/\/fjsp.org.br\/fjsp\/wp-content\/uploads\/2021\/01\/botao-home-japaoemcasa-220x117.jpg 220w, https:\/\/fjsp.org.br\/fjsp\/wp-content\/uploads\/2021\/01\/botao-home-japaoemcasa-100x53.jpg 100w, https:\/\/fjsp.org.br\/fjsp\/wp-content\/uploads\/2021\/01\/botao-home-japaoemcasa-130x69.jpg 130w\" sizes=\"(max-width: 300px) 100vw, 300px\" \/><\/a><\/p>\n","protected":false},"excerpt":{"rendered":"<p>O que \u00e9 um &#8220;parfait japon\u00eas&#8221;? &nbsp; &nbsp; O parfait japon\u00eas \u00e9 uma sobremesa servida, geralmente, em uma ta\u00e7a com uma variedade de ingredientes, como sorvetes e frutas. Dizem que essa sobremesa tem origem na sobremesa francesa &#8220;parfait&#8220;, uma palavra francesa que significa perfeito. Na Fran\u00e7a, era algo simples e servido em um prato raso [&hellip;]<\/p>\n","protected":false},"author":34,"featured_media":20682,"parent":0,"menu_order":0,"comment_status":"closed","ping_status":"closed","template":"","meta":{"_acf_changed":false,"footnotes":""},"class_list":["post-20643","page","type-page","status-publish","has-post-thumbnail","hentry"],"acf":[],"_links":{"self":[{"href":"https:\/\/fjsp.org.br\/fjsp\/wp-json\/wp\/v2\/pages\/20643","targetHints":{"allow":["GET"]}}],"collection":[{"href":"https:\/\/fjsp.org.br\/fjsp\/wp-json\/wp\/v2\/pages"}],"about":[{"href":"https:\/\/fjsp.org.br\/fjsp\/wp-json\/wp\/v2\/types\/page"}],"author":[{"embeddable":true,"href":"https:\/\/fjsp.org.br\/fjsp\/wp-json\/wp\/v2\/users\/34"}],"replies":[{"embeddable":true,"href":"https:\/\/fjsp.org.br\/fjsp\/wp-json\/wp\/v2\/comments?post=20643"}],"version-history":[{"count":2,"href":"https:\/\/fjsp.org.br\/fjsp\/wp-json\/wp\/v2\/pages\/20643\/revisions"}],"predecessor-version":[{"id":20755,"href":"https:\/\/fjsp.org.br\/fjsp\/wp-json\/wp\/v2\/pages\/20643\/revisions\/20755"}],"wp:featuredmedia":[{"embeddable":true,"href":"https:\/\/fjsp.org.br\/fjsp\/wp-json\/wp\/v2\/media\/20682"}],"wp:attachment":[{"href":"https:\/\/fjsp.org.br\/fjsp\/wp-json\/wp\/v2\/media?parent=20643"}],"curies":[{"name":"wp","href":"https:\/\/api.w.org\/{rel}","templated":true}]}}