{"id":20709,"date":"2022-03-31T11:24:03","date_gmt":"2022-03-31T14:24:03","guid":{"rendered":"https:\/\/fjsp.org.br\/fjsp\/?page_id=20709"},"modified":"2022-04-04T18:26:09","modified_gmt":"2022-04-04T21:26:09","slug":"ensaios-japao-e-diversidade","status":"publish","type":"page","link":"https:\/\/fjsp.org.br\/fjsp\/ensaios-japao-e-diversidade\/","title":{"rendered":"II S\u00c9RIE ESPECIAL DE ENSAIOS"},"content":{"rendered":"<h3><em><strong>Jap\u00e3o e Diversidade<\/strong><\/em><\/h3>\n<h4><span style=\"color: #333333;\">Na segunda s\u00e9rie de ensaios de Estudos Japoneses, a Funda\u00e7\u00e3o Jap\u00e3o em S\u00e3o Paulo apresenta textos de 6 pesquisadores, atuantes no Brasil e no Jap\u00e3o, propondo uma discuss\u00e3o em torno da diversidade nos mais variados aspectos da cultura japonesa contempor\u00e2nea.<\/span><\/h4>\n<p>&nbsp;<\/p>\n<p style=\"text-align: center;\"><a href=\"https:\/\/fjsp.org.br\/fjsp\/estudos-japoneses\/artigo\/ii-serie-especial-de-ensaios-estrangeiros-no-japao\/\"><img fetchpriority=\"high\" decoding=\"async\" class=\"img-responsive img-fluid alignnone wp-image-20818\" src=\"https:\/\/fjsp.org.br\/fjsp\/wp-content\/uploads\/2022\/04\/botao-liliana-morais.png\" alt=\"\" width=\"360\" height=\"200\" srcset=\"https:\/\/fjsp.org.br\/fjsp\/wp-content\/uploads\/2022\/04\/botao-liliana-morais.png 900w, https:\/\/fjsp.org.br\/fjsp\/wp-content\/uploads\/2022\/04\/botao-liliana-morais-280x156.png 280w, https:\/\/fjsp.org.br\/fjsp\/wp-content\/uploads\/2022\/04\/botao-liliana-morais-768x427.png 768w, https:\/\/fjsp.org.br\/fjsp\/wp-content\/uploads\/2022\/04\/botao-liliana-morais-340x189.png 340w, https:\/\/fjsp.org.br\/fjsp\/wp-content\/uploads\/2022\/04\/botao-liliana-morais-220x122.png 220w, https:\/\/fjsp.org.br\/fjsp\/wp-content\/uploads\/2022\/04\/botao-liliana-morais-100x56.png 100w, https:\/\/fjsp.org.br\/fjsp\/wp-content\/uploads\/2022\/04\/botao-liliana-morais-130x72.png 130w, https:\/\/fjsp.org.br\/fjsp\/wp-content\/uploads\/2022\/04\/botao-liliana-morais-460x256.png 460w\" sizes=\"(max-width: 360px) 100vw, 360px\" \/><\/a> <a href=\"https:\/\/fjsp.org.br\/fjsp\/estudos-japoneses\/artigo\/ii-serie-especial-de-ensaios-a-constelacao-japonesa-diversidade-e-unidade-na-arquitetura-contemporanea-2\/\"><img decoding=\"async\" class=\"img-responsive img-fluid alignnone wp-image-20821\" src=\"https:\/\/fjsp.org.br\/fjsp\/wp-content\/uploads\/2022\/04\/botao-simone-neiva.png\" alt=\"\" width=\"360\" height=\"200\" srcset=\"https:\/\/fjsp.org.br\/fjsp\/wp-content\/uploads\/2022\/04\/botao-simone-neiva.png 900w, https:\/\/fjsp.org.br\/fjsp\/wp-content\/uploads\/2022\/04\/botao-simone-neiva-280x156.png 280w, https:\/\/fjsp.org.br\/fjsp\/wp-content\/uploads\/2022\/04\/botao-simone-neiva-768x427.png 768w, https:\/\/fjsp.org.br\/fjsp\/wp-content\/uploads\/2022\/04\/botao-simone-neiva-340x189.png 340w, https:\/\/fjsp.org.br\/fjsp\/wp-content\/uploads\/2022\/04\/botao-simone-neiva-220x122.png 220w, https:\/\/fjsp.org.br\/fjsp\/wp-content\/uploads\/2022\/04\/botao-simone-neiva-100x56.png 100w, https:\/\/fjsp.org.br\/fjsp\/wp-content\/uploads\/2022\/04\/botao-simone-neiva-130x72.png 130w, https:\/\/fjsp.org.br\/fjsp\/wp-content\/uploads\/2022\/04\/botao-simone-neiva-460x256.png 460w\" sizes=\"(max-width: 360px) 100vw, 360px\" \/><\/a> <a href=\"https:\/\/fjsp.org.br\/fjsp\/estudos-japoneses\/artigo\/ii-serie-especial-de-ensaios-os-mangas-bl\/\"><img decoding=\"async\" class=\"img-responsive img-fluid alignnone wp-image-20822\" src=\"https:\/\/fjsp.org.br\/fjsp\/wp-content\/uploads\/2022\/04\/botao-mauro-neves.png\" alt=\"\" width=\"360\" height=\"200\" srcset=\"https:\/\/fjsp.org.br\/fjsp\/wp-content\/uploads\/2022\/04\/botao-mauro-neves.png 900w, https:\/\/fjsp.org.br\/fjsp\/wp-content\/uploads\/2022\/04\/botao-mauro-neves-280x156.png 280w, https:\/\/fjsp.org.br\/fjsp\/wp-content\/uploads\/2022\/04\/botao-mauro-neves-768x427.png 768w, https:\/\/fjsp.org.br\/fjsp\/wp-content\/uploads\/2022\/04\/botao-mauro-neves-340x189.png 340w, https:\/\/fjsp.org.br\/fjsp\/wp-content\/uploads\/2022\/04\/botao-mauro-neves-220x122.png 220w, https:\/\/fjsp.org.br\/fjsp\/wp-content\/uploads\/2022\/04\/botao-mauro-neves-100x56.png 100w, https:\/\/fjsp.org.br\/fjsp\/wp-content\/uploads\/2022\/04\/botao-mauro-neves-130x72.png 130w, https:\/\/fjsp.org.br\/fjsp\/wp-content\/uploads\/2022\/04\/botao-mauro-neves-460x256.png 460w\" sizes=\"(max-width: 360px) 100vw, 360px\" \/><\/a><\/p>\n<p style=\"text-align: center;\"><a href=\"https:\/\/fjsp.org.br\/fjsp\/estudos-japoneses\/artigo\/ii-serie-especial-de-ensaios-corpos-possiveis\/\"><img loading=\"lazy\" decoding=\"async\" class=\"img-responsive img-fluid alignnone wp-image-20819\" src=\"https:\/\/fjsp.org.br\/fjsp\/wp-content\/uploads\/2022\/04\/botao-eden-peretta.png\" alt=\"\" width=\"360\" height=\"200\" srcset=\"https:\/\/fjsp.org.br\/fjsp\/wp-content\/uploads\/2022\/04\/botao-eden-peretta.png 900w, https:\/\/fjsp.org.br\/fjsp\/wp-content\/uploads\/2022\/04\/botao-eden-peretta-280x156.png 280w, https:\/\/fjsp.org.br\/fjsp\/wp-content\/uploads\/2022\/04\/botao-eden-peretta-768x427.png 768w, https:\/\/fjsp.org.br\/fjsp\/wp-content\/uploads\/2022\/04\/botao-eden-peretta-340x189.png 340w, https:\/\/fjsp.org.br\/fjsp\/wp-content\/uploads\/2022\/04\/botao-eden-peretta-220x122.png 220w, https:\/\/fjsp.org.br\/fjsp\/wp-content\/uploads\/2022\/04\/botao-eden-peretta-100x56.png 100w, https:\/\/fjsp.org.br\/fjsp\/wp-content\/uploads\/2022\/04\/botao-eden-peretta-130x72.png 130w, https:\/\/fjsp.org.br\/fjsp\/wp-content\/uploads\/2022\/04\/botao-eden-peretta-460x256.png 460w\" sizes=\"(max-width: 360px) 100vw, 360px\" \/><\/a> <a href=\"https:\/\/fjsp.org.br\/fjsp\/estudos-japoneses\/artigo\/ii-serie-especial-de-ensaios-casamento-para-todo-o-japao\/\"><img loading=\"lazy\" decoding=\"async\" class=\"img-responsive img-fluid alignnone wp-image-20823\" src=\"https:\/\/fjsp.org.br\/fjsp\/wp-content\/uploads\/2022\/04\/botao-daniel-yamagami.png\" alt=\"\" width=\"360\" height=\"200\" srcset=\"https:\/\/fjsp.org.br\/fjsp\/wp-content\/uploads\/2022\/04\/botao-daniel-yamagami.png 900w, https:\/\/fjsp.org.br\/fjsp\/wp-content\/uploads\/2022\/04\/botao-daniel-yamagami-280x156.png 280w, https:\/\/fjsp.org.br\/fjsp\/wp-content\/uploads\/2022\/04\/botao-daniel-yamagami-768x427.png 768w, https:\/\/fjsp.org.br\/fjsp\/wp-content\/uploads\/2022\/04\/botao-daniel-yamagami-340x189.png 340w, https:\/\/fjsp.org.br\/fjsp\/wp-content\/uploads\/2022\/04\/botao-daniel-yamagami-220x122.png 220w, https:\/\/fjsp.org.br\/fjsp\/wp-content\/uploads\/2022\/04\/botao-daniel-yamagami-100x56.png 100w, https:\/\/fjsp.org.br\/fjsp\/wp-content\/uploads\/2022\/04\/botao-daniel-yamagami-130x72.png 130w, https:\/\/fjsp.org.br\/fjsp\/wp-content\/uploads\/2022\/04\/botao-daniel-yamagami-460x256.png 460w\" sizes=\"(max-width: 360px) 100vw, 360px\" \/><\/a> <a href=\"https:\/\/fjsp.org.br\/fjsp\/estudos-japoneses\/artigo\/ii-serie-especial-de-ensaios-o-japao-esta-pronto-para-abracar-a-diversidade\/\"><img loading=\"lazy\" decoding=\"async\" class=\"img-responsive img-fluid alignnone wp-image-20820\" src=\"https:\/\/fjsp.org.br\/fjsp\/wp-content\/uploads\/2022\/04\/botao-marcos-maekawa.png\" alt=\"\" width=\"360\" height=\"200\" srcset=\"https:\/\/fjsp.org.br\/fjsp\/wp-content\/uploads\/2022\/04\/botao-marcos-maekawa.png 900w, https:\/\/fjsp.org.br\/fjsp\/wp-content\/uploads\/2022\/04\/botao-marcos-maekawa-280x156.png 280w, https:\/\/fjsp.org.br\/fjsp\/wp-content\/uploads\/2022\/04\/botao-marcos-maekawa-768x427.png 768w, https:\/\/fjsp.org.br\/fjsp\/wp-content\/uploads\/2022\/04\/botao-marcos-maekawa-340x189.png 340w, https:\/\/fjsp.org.br\/fjsp\/wp-content\/uploads\/2022\/04\/botao-marcos-maekawa-220x122.png 220w, https:\/\/fjsp.org.br\/fjsp\/wp-content\/uploads\/2022\/04\/botao-marcos-maekawa-100x56.png 100w, https:\/\/fjsp.org.br\/fjsp\/wp-content\/uploads\/2022\/04\/botao-marcos-maekawa-130x72.png 130w, https:\/\/fjsp.org.br\/fjsp\/wp-content\/uploads\/2022\/04\/botao-marcos-maekawa-460x256.png 460w\" sizes=\"(max-width: 360px) 100vw, 360px\" \/><\/a><\/p>\n<blockquote>\n<h4 style=\"text-align: center;\"><span style=\"color: #333333;\">Expressamos nosso profundo agradecimento aos 6 pesquisadores, que desenvolveram os textos especialmente para publica\u00e7\u00e3o em nosso site. <\/span><\/h4>\n<\/blockquote>\n","protected":false},"excerpt":{"rendered":"<p>Jap\u00e3o e Diversidade Na segunda s\u00e9rie de ensaios de Estudos Japoneses, a Funda\u00e7\u00e3o Jap\u00e3o em S\u00e3o Paulo apresenta textos de 6 pesquisadores, atuantes no Brasil e no Jap\u00e3o, propondo uma discuss\u00e3o em torno da diversidade nos mais variados aspectos da cultura japonesa contempor\u00e2nea. &nbsp; Expressamos nosso profundo agradecimento aos 6 pesquisadores, que desenvolveram os textos [&hellip;]<\/p>\n","protected":false},"author":1,"featured_media":0,"parent":0,"menu_order":0,"comment_status":"closed","ping_status":"closed","template":"","meta":{"_acf_changed":false,"footnotes":""},"class_list":["post-20709","page","type-page","status-publish","hentry"],"acf":[],"_links":{"self":[{"href":"https:\/\/fjsp.org.br\/fjsp\/wp-json\/wp\/v2\/pages\/20709","targetHints":{"allow":["GET"]}}],"collection":[{"href":"https:\/\/fjsp.org.br\/fjsp\/wp-json\/wp\/v2\/pages"}],"about":[{"href":"https:\/\/fjsp.org.br\/fjsp\/wp-json\/wp\/v2\/types\/page"}],"author":[{"embeddable":true,"href":"https:\/\/fjsp.org.br\/fjsp\/wp-json\/wp\/v2\/users\/1"}],"replies":[{"embeddable":true,"href":"https:\/\/fjsp.org.br\/fjsp\/wp-json\/wp\/v2\/comments?post=20709"}],"version-history":[{"count":3,"href":"https:\/\/fjsp.org.br\/fjsp\/wp-json\/wp\/v2\/pages\/20709\/revisions"}],"predecessor-version":[{"id":20824,"href":"https:\/\/fjsp.org.br\/fjsp\/wp-json\/wp\/v2\/pages\/20709\/revisions\/20824"}],"wp:attachment":[{"href":"https:\/\/fjsp.org.br\/fjsp\/wp-json\/wp\/v2\/media?parent=20709"}],"curies":[{"name":"wp","href":"https:\/\/api.w.org\/{rel}","templated":true}]}}