{"id":21000,"date":"2022-04-29T11:24:39","date_gmt":"2022-04-29T14:24:39","guid":{"rendered":"https:\/\/fjsp.org.br\/fjsp\/?page_id=21000"},"modified":"2022-04-29T11:53:35","modified_gmt":"2022-04-29T14:53:35","slug":"destaques-da-biblioteca-2021","status":"publish","type":"page","link":"https:\/\/fjsp.org.br\/fjsp\/destaques-da-biblioteca-2021\/","title":{"rendered":"DESTAQUES DA BIBLIOTECA 2021"},"content":{"rendered":"<p><a href=\"https:\/\/fjsp.org.br\/fjsp\/destaques-da-biblioteca-novembro-dezembro-2021\"><img decoding=\"async\" class=\"img-responsive img-fluid wp-image-18532 size-pequena alignleft\" src=\"https:\/\/fjsp.org.br\/fjsp\/wp-content\/uploads\/2021\/12\/botao-site-destaquebbca-novdez2021-220x103.jpg\" alt=\"\" width=\"220\" height=\"103\" srcset=\"https:\/\/fjsp.org.br\/fjsp\/wp-content\/uploads\/2021\/12\/botao-site-destaquebbca-novdez2021-220x103.jpg 220w, https:\/\/fjsp.org.br\/fjsp\/wp-content\/uploads\/2021\/12\/botao-site-destaquebbca-novdez2021-280x131.jpg 280w, https:\/\/fjsp.org.br\/fjsp\/wp-content\/uploads\/2021\/12\/botao-site-destaquebbca-novdez2021-100x47.jpg 100w, https:\/\/fjsp.org.br\/fjsp\/wp-content\/uploads\/2021\/12\/botao-site-destaquebbca-novdez2021-130x61.jpg 130w, https:\/\/fjsp.org.br\/fjsp\/wp-content\/uploads\/2021\/12\/botao-site-destaquebbca-novdez2021.jpg 320w\" sizes=\"(max-width: 220px) 100vw, 220px\" \/><\/a><strong>TAGS:<\/strong> Cinema japon\u00eas\/ Filmes de terror japon\u00eas\/ Filmes de fic\u00e7\u00e3o cient\u00edfica japon\u00eas\/ Literatura japonesa\/ Ryunosuke Akutagawa\/ Rash\u00f4mon e outros contos<\/p>\n<p>&nbsp;<\/p>\n<p>&nbsp;<\/p>\n<p><a href=\"https:\/\/fjsp.org.br\/fjsp\/destaques-da-biblioteca-outubro-de-2021\/\"><img decoding=\"async\" class=\"img-responsive img-fluid wp-image-17991 size-pequena alignleft\" src=\"https:\/\/fjsp.org.br\/fjsp\/wp-content\/uploads\/2021\/10\/botao-site-destaquebbca-out2021-220x103.jpg\" alt=\"\" width=\"220\" height=\"103\" srcset=\"https:\/\/fjsp.org.br\/fjsp\/wp-content\/uploads\/2021\/10\/botao-site-destaquebbca-out2021-220x103.jpg 220w, https:\/\/fjsp.org.br\/fjsp\/wp-content\/uploads\/2021\/10\/botao-site-destaquebbca-out2021-280x131.jpg 280w, https:\/\/fjsp.org.br\/fjsp\/wp-content\/uploads\/2021\/10\/botao-site-destaquebbca-out2021-100x47.jpg 100w, https:\/\/fjsp.org.br\/fjsp\/wp-content\/uploads\/2021\/10\/botao-site-destaquebbca-out2021-130x61.jpg 130w, https:\/\/fjsp.org.br\/fjsp\/wp-content\/uploads\/2021\/10\/botao-site-destaquebbca-out2021.jpg 320w\" sizes=\"(max-width: 220px) 100vw, 220px\" \/><\/a><strong>TAGS:<\/strong> Origami\/ Dobradura de papel\/ Literatura infanto-juvenil\/ Kenji Miyazawa\/ Viagem noturna no trem da Via L\u00e1ctea<\/p>\n<p>&nbsp;<\/p>\n<p>&nbsp;<\/p>\n<p><a href=\"https:\/\/fjsp.org.br\/fjsp\/destaques-da-biblioteca-setembro-2021\/\"><img decoding=\"async\" class=\"img-responsive img-fluid wp-image-17619 size-pequena alignleft\" src=\"https:\/\/fjsp.org.br\/fjsp\/wp-content\/uploads\/2021\/10\/botao-site-destaquebbca-ago2021-220x103.jpg\" alt=\"\" width=\"220\" height=\"103\" srcset=\"https:\/\/fjsp.org.br\/fjsp\/wp-content\/uploads\/2021\/10\/botao-site-destaquebbca-ago2021-220x103.jpg 220w, https:\/\/fjsp.org.br\/fjsp\/wp-content\/uploads\/2021\/10\/botao-site-destaquebbca-ago2021-280x131.jpg 280w, https:\/\/fjsp.org.br\/fjsp\/wp-content\/uploads\/2021\/10\/botao-site-destaquebbca-ago2021-100x47.jpg 100w, https:\/\/fjsp.org.br\/fjsp\/wp-content\/uploads\/2021\/10\/botao-site-destaquebbca-ago2021-130x61.jpg 130w, https:\/\/fjsp.org.br\/fjsp\/wp-content\/uploads\/2021\/10\/botao-site-destaquebbca-ago2021.jpg 320w\" sizes=\"(max-width: 220px) 100vw, 220px\" \/><\/a><strong>TAGS<\/strong>: Prova de Profici\u00eancia em L\u00edngua japonesa\/ Nihongo Noryoku Shiken \/A valise do professor\/ Hiromi Kawakami<\/p>\n<p>&nbsp;<\/p>\n<p>&nbsp;<\/p>\n<p><a href=\"https:\/\/fjsp.org.br\/fjsp\/destaques-da-biblioteca-agosto-2021\/\"><img loading=\"lazy\" decoding=\"async\" class=\"img-responsive img-fluid wp-image-17366 size-pequena alignleft\" src=\"https:\/\/fjsp.org.br\/fjsp\/wp-content\/uploads\/2021\/08\/botao-site-destaquebbca-ago2021-220x103.jpg\" alt=\"\" width=\"220\" height=\"103\" srcset=\"https:\/\/fjsp.org.br\/fjsp\/wp-content\/uploads\/2021\/08\/botao-site-destaquebbca-ago2021-220x103.jpg 220w, https:\/\/fjsp.org.br\/fjsp\/wp-content\/uploads\/2021\/08\/botao-site-destaquebbca-ago2021-280x131.jpg 280w, https:\/\/fjsp.org.br\/fjsp\/wp-content\/uploads\/2021\/08\/botao-site-destaquebbca-ago2021-100x47.jpg 100w, https:\/\/fjsp.org.br\/fjsp\/wp-content\/uploads\/2021\/08\/botao-site-destaquebbca-ago2021-130x61.jpg 130w, https:\/\/fjsp.org.br\/fjsp\/wp-content\/uploads\/2021\/08\/botao-site-destaquebbca-ago2021.jpg 320w\" sizes=\"(max-width: 220px) 100vw, 220px\" \/><\/a><strong>TAGS: <\/strong>Bombardeios at\u00f4micos no Jap\u00e3o\/ Bomba At\u00f4mica \u2013 Hiroshima\/ Bomba At\u00f4mica \u2013 Nagasaki\/ Hibakusha\/ Sobreviventes \u00e0 bomba at\u00f4mica\/ Takashi Morita\/ Chuva negra\/ Masuji Ibuse<\/p>\n<p>&nbsp;<\/p>\n<p>&nbsp;<\/p>\n<p><a href=\"https:\/\/fjsp.org.br\/fjsp\/destaques-da-biblioteca-julho-2021\/\"><img loading=\"lazy\" decoding=\"async\" class=\"img-responsive img-fluid wp-image-17187 size-pequena alignleft\" src=\"https:\/\/fjsp.org.br\/fjsp\/wp-content\/uploads\/2021\/07\/botao-site-destaquebbca-jul2021-220x103.jpg\" alt=\"\" width=\"220\" height=\"103\" srcset=\"https:\/\/fjsp.org.br\/fjsp\/wp-content\/uploads\/2021\/07\/botao-site-destaquebbca-jul2021-220x103.jpg 220w, https:\/\/fjsp.org.br\/fjsp\/wp-content\/uploads\/2021\/07\/botao-site-destaquebbca-jul2021-280x131.jpg 280w, https:\/\/fjsp.org.br\/fjsp\/wp-content\/uploads\/2021\/07\/botao-site-destaquebbca-jul2021-100x47.jpg 100w, https:\/\/fjsp.org.br\/fjsp\/wp-content\/uploads\/2021\/07\/botao-site-destaquebbca-jul2021-130x61.jpg 130w, https:\/\/fjsp.org.br\/fjsp\/wp-content\/uploads\/2021\/07\/botao-site-destaquebbca-jul2021.jpg 320w\" sizes=\"(max-width: 220px) 100vw, 220px\" \/><\/a><strong>TAGS:<\/strong> Olimp\u00edadas\/ Jogos Ol\u00edmpicos de T\u00f3quio 2020\/ mang\u00e1 de esportes\/ <em>Touch (<\/em><em>\u30bf\u30c3\u30c1<\/em><em>)<\/em>\/ <em>Shura no mon (<\/em><em>\u4fee\u7f85\u306e\u9580<\/em><em>)<\/em>\/ <em>Slam Dunk (<\/em><em>\u30b9\u30e9\u30e0\u30c0\u30f3\u30af<\/em><em>)<\/em>\/ Haruki Murakami\/ <em>Do que eu falo quando eu falo de corrida<\/em><\/p>\n<p>&nbsp;<\/p>\n<p>&nbsp;<\/p>\n<p><a href=\"https:\/\/fjsp.org.br\/fjsp\/destaques-da-biblioteca-junho-2021\/\"><img loading=\"lazy\" decoding=\"async\" class=\"img-responsive img-fluid wp-image-17057 size-pequena alignleft\" src=\"https:\/\/fjsp.org.br\/fjsp\/wp-content\/uploads\/2021\/06\/botao-site-destaquebbca-jun2021-220x103.jpg\" alt=\"\" width=\"220\" height=\"103\" srcset=\"https:\/\/fjsp.org.br\/fjsp\/wp-content\/uploads\/2021\/06\/botao-site-destaquebbca-jun2021-220x103.jpg 220w, https:\/\/fjsp.org.br\/fjsp\/wp-content\/uploads\/2021\/06\/botao-site-destaquebbca-jun2021-280x131.jpg 280w, https:\/\/fjsp.org.br\/fjsp\/wp-content\/uploads\/2021\/06\/botao-site-destaquebbca-jun2021-100x47.jpg 100w, https:\/\/fjsp.org.br\/fjsp\/wp-content\/uploads\/2021\/06\/botao-site-destaquebbca-jun2021-130x61.jpg 130w, https:\/\/fjsp.org.br\/fjsp\/wp-content\/uploads\/2021\/06\/botao-site-destaquebbca-jun2021.jpg 320w\" sizes=\"(max-width: 220px) 100vw, 220px\" \/><\/a><strong>TAGS:<\/strong> imigra\u00e7\u00e3o japonesa no Brasil\/ imigrantes japoneses\/ decass\u00e9gui\/ literatura nikkei\/ literatura infanto-juvenil<\/p>\n<p>&nbsp;<\/p>\n<p>&nbsp;<\/p>\n<p><a href=\"https:\/\/fjsp.org.br\/fjsp\/destaques-da-biblioteca-maio-2021\/\"><img loading=\"lazy\" decoding=\"async\" class=\"img-responsive img-fluid wp-image-16643 size-pequena alignleft\" src=\"https:\/\/fjsp.org.br\/fjsp\/wp-content\/uploads\/2021\/05\/botao-site-destaquebbca-maio2021-220x103.jpg\" alt=\"\" width=\"220\" height=\"103\" srcset=\"https:\/\/fjsp.org.br\/fjsp\/wp-content\/uploads\/2021\/05\/botao-site-destaquebbca-maio2021-220x103.jpg 220w, https:\/\/fjsp.org.br\/fjsp\/wp-content\/uploads\/2021\/05\/botao-site-destaquebbca-maio2021-280x131.jpg 280w, https:\/\/fjsp.org.br\/fjsp\/wp-content\/uploads\/2021\/05\/botao-site-destaquebbca-maio2021-100x47.jpg 100w, https:\/\/fjsp.org.br\/fjsp\/wp-content\/uploads\/2021\/05\/botao-site-destaquebbca-maio2021-130x61.jpg 130w, https:\/\/fjsp.org.br\/fjsp\/wp-content\/uploads\/2021\/05\/botao-site-destaquebbca-maio2021.jpg 320w\" sizes=\"(max-width: 220px) 100vw, 220px\" \/><\/a><strong>TAGS:<\/strong> dia das crian\u00e7as\/ dia das m\u00e3es\/ lendas infantis\/ contos infantis\/ koinobori\/ furoshiki\/ embalagem com tecido\/ JAPA e a lenda dos koinobori\/ literatura juvenil<\/p>\n<p>&nbsp;<\/p>\n<p>&nbsp;<\/p>\n<p><a href=\"https:\/\/fjsp.org.br\/fjsp\/destaques-da-biblioteca-abril-2021\/\"><img loading=\"lazy\" decoding=\"async\" class=\"img-responsive img-fluid wp-image-16484 size-pequena alignleft\" src=\"https:\/\/fjsp.org.br\/fjsp\/wp-content\/uploads\/2021\/04\/botao-site-destaquebbca-abril2021-220x103.jpg\" alt=\"\" width=\"220\" height=\"103\" srcset=\"https:\/\/fjsp.org.br\/fjsp\/wp-content\/uploads\/2021\/04\/botao-site-destaquebbca-abril2021-220x103.jpg 220w, https:\/\/fjsp.org.br\/fjsp\/wp-content\/uploads\/2021\/04\/botao-site-destaquebbca-abril2021-280x131.jpg 280w, https:\/\/fjsp.org.br\/fjsp\/wp-content\/uploads\/2021\/04\/botao-site-destaquebbca-abril2021-100x47.jpg 100w, https:\/\/fjsp.org.br\/fjsp\/wp-content\/uploads\/2021\/04\/botao-site-destaquebbca-abril2021-130x61.jpg 130w, https:\/\/fjsp.org.br\/fjsp\/wp-content\/uploads\/2021\/04\/botao-site-destaquebbca-abril2021.jpg 320w\" sizes=\"(max-width: 220px) 100vw, 220px\" \/><\/a><strong>TAGS:<\/strong> cristianismo no Jap\u00e3o\/ jesu\u00edtas no Jap\u00e3o\/ Alessandro Valignano\/ movimento mission\u00e1rio no Jap\u00e3o\/ kakure kirishitan\/ crist\u00e3os escondidos\/ Uchimura Kanzo\/\u00a0 Shusaku Endo\/ Sil\u00eancio<\/p>\n<p>&nbsp;<\/p>\n<p>&nbsp;<\/p>\n<p><a href=\"https:\/\/fjsp.org.br\/fjsp\/destaques-da-biblioteca-marco-2021\/\"><img loading=\"lazy\" decoding=\"async\" class=\"img-responsive img-fluid wp-image-16134 size-pequena alignleft\" src=\"https:\/\/fjsp.org.br\/fjsp\/wp-content\/uploads\/2021\/03\/botao-site-destaquebbca-mar2021-220x103.jpg\" alt=\"\" width=\"220\" height=\"103\" srcset=\"https:\/\/fjsp.org.br\/fjsp\/wp-content\/uploads\/2021\/03\/botao-site-destaquebbca-mar2021-220x103.jpg 220w, https:\/\/fjsp.org.br\/fjsp\/wp-content\/uploads\/2021\/03\/botao-site-destaquebbca-mar2021-280x131.jpg 280w, https:\/\/fjsp.org.br\/fjsp\/wp-content\/uploads\/2021\/03\/botao-site-destaquebbca-mar2021-100x47.jpg 100w, https:\/\/fjsp.org.br\/fjsp\/wp-content\/uploads\/2021\/03\/botao-site-destaquebbca-mar2021-130x61.jpg 130w, https:\/\/fjsp.org.br\/fjsp\/wp-content\/uploads\/2021\/03\/botao-site-destaquebbca-mar2021.jpg 320w\" sizes=\"(max-width: 220px) 100vw, 220px\" \/><\/a><strong>TAGS:<\/strong> mulher japonesa\/ nova mulher contempor\u00e2nea\/ desigualdade de g\u00eanero\/ sociedade japonesa\/ literatura japonesa\/ escritoras japonesas\/ Kanae Minato\/ Penit\u00eancia\/ fic\u00e7\u00e3o de mist\u00e9rio<\/p>\n<p>&nbsp;<\/p>\n<p>&nbsp;<\/p>\n<p><a href=\"https:\/\/fjsp.org.br\/fjsp\/destaques-da-biblioteca-fevereiro-2021\/\"><img loading=\"lazy\" decoding=\"async\" class=\"img-responsive img-fluid wp-image-15647 size-pequena alignleft\" src=\"https:\/\/fjsp.org.br\/fjsp\/wp-content\/uploads\/2021\/02\/botao-site-destaquebbca-2021-220x103.jpg\" alt=\"\" width=\"220\" height=\"103\" srcset=\"https:\/\/fjsp.org.br\/fjsp\/wp-content\/uploads\/2021\/02\/botao-site-destaquebbca-2021-220x103.jpg 220w, https:\/\/fjsp.org.br\/fjsp\/wp-content\/uploads\/2021\/02\/botao-site-destaquebbca-2021-280x131.jpg 280w, https:\/\/fjsp.org.br\/fjsp\/wp-content\/uploads\/2021\/02\/botao-site-destaquebbca-2021-100x47.jpg 100w, https:\/\/fjsp.org.br\/fjsp\/wp-content\/uploads\/2021\/02\/botao-site-destaquebbca-2021-130x61.jpg 130w, https:\/\/fjsp.org.br\/fjsp\/wp-content\/uploads\/2021\/02\/botao-site-destaquebbca-2021.jpg 320w\" sizes=\"(max-width: 220px) 100vw, 220px\" \/><\/a><strong>TAGS:<\/strong> Jap\u00e3o\/ Turismo\/ Guias de viagem\/ Pontos tur\u00edsticos\/ Hokkaido\/ Honshu\/ Shikoku\/ Kyushu\/ Okinawa\/ Cultura japonesa\/ Culin\u00e1ria japonesa\/ Matsuo Bash\u00f4\/ Trilhas long\u00ednquas de Oku\/ Oku no hosomichi\/ poesia japonesa\/ <span class='tooltipsall tooltipsincontent classtoolTips72'>haiku<\/span>\/ <span class='tooltipsall tooltipsincontent classtoolTips70'>haikai<\/span><\/p>\n<p>&nbsp;<\/p>\n<p><a href=\"https:\/\/fjsp.org.br\/fjsp\/destaques-da-biblioteca-dezembro-2020-janeiro-2021\/\"><img loading=\"lazy\" decoding=\"async\" class=\"img-responsive img-fluid wp-image-14758 size-pequena alignleft\" src=\"https:\/\/fjsp.org.br\/fjsp\/wp-content\/uploads\/2021\/01\/botao-site-destaquebbca-dez20jan21-220x103.jpg\" alt=\"\" width=\"220\" height=\"103\" srcset=\"https:\/\/fjsp.org.br\/fjsp\/wp-content\/uploads\/2021\/01\/botao-site-destaquebbca-dez20jan21-220x103.jpg 220w, https:\/\/fjsp.org.br\/fjsp\/wp-content\/uploads\/2021\/01\/botao-site-destaquebbca-dez20jan21-280x131.jpg 280w, https:\/\/fjsp.org.br\/fjsp\/wp-content\/uploads\/2021\/01\/botao-site-destaquebbca-dez20jan21-100x47.jpg 100w, https:\/\/fjsp.org.br\/fjsp\/wp-content\/uploads\/2021\/01\/botao-site-destaquebbca-dez20jan21-130x61.jpg 130w, https:\/\/fjsp.org.br\/fjsp\/wp-content\/uploads\/2021\/01\/botao-site-destaquebbca-dez20jan21.jpg 320w\" sizes=\"(max-width: 220px) 100vw, 220px\" \/><\/a><strong>TAGS:<\/strong> Idea\/ revista de design\/ design gr\u00e1fico\/ mang\u00e1 japon\u00eas\/ Attack on titan\/ Shingeki no kyojin\/ Hajime Isayama\/ As irm\u00e3s Makioka\/ Sasameyuki\/ Jun\u2019ichiro Tanizaki\/ romance japon\u00eas\/ rela\u00e7\u00f5es familiares\/ tradi\u00e7\u00e3o japonesa\/ conflito de valores<\/p>\n<p>&nbsp;<\/p>\n<p>&nbsp;<\/p>\n<p><a href=\"https:\/\/fjsp.org.br\/fjsp\/destaques-da-biblioteca\/\"><img loading=\"lazy\" decoding=\"async\" class=\"img-responsive img-fluid size-full wp-image-14773 aligncenter\" src=\"https:\/\/fjsp.org.br\/fjsp\/wp-content\/uploads\/2021\/01\/botao-site-destaquebbca-rodape-voltar.jpg\" alt=\"\" width=\"320\" height=\"134\" srcset=\"https:\/\/fjsp.org.br\/fjsp\/wp-content\/uploads\/2021\/01\/botao-site-destaquebbca-rodape-voltar.jpg 320w, https:\/\/fjsp.org.br\/fjsp\/wp-content\/uploads\/2021\/01\/botao-site-destaquebbca-rodape-voltar-280x117.jpg 280w, https:\/\/fjsp.org.br\/fjsp\/wp-content\/uploads\/2021\/01\/botao-site-destaquebbca-rodape-voltar-220x92.jpg 220w, https:\/\/fjsp.org.br\/fjsp\/wp-content\/uploads\/2021\/01\/botao-site-destaquebbca-rodape-voltar-100x42.jpg 100w, https:\/\/fjsp.org.br\/fjsp\/wp-content\/uploads\/2021\/01\/botao-site-destaquebbca-rodape-voltar-130x54.jpg 130w\" sizes=\"(max-width: 320px) 100vw, 320px\" \/><\/a><\/p>\n<script type=\"text\/javascript\"> toolTips('.classtoolTips70','<span class=\"TextRun SCXW39557910 BCX0\" lang=\"PT-BR\" xml:lang=\"PT-BR\" data-contrast=\"auto\"><span class=\"NormalTextRun SCXW39557910 BCX0\">\u201cC\u00f4mico\u201d ou \u201cde brincadeira\u201d. Inicialmente, um estilo de composi\u00e7\u00e3o que seguia menos regras do que o \u201cs\u00e9rio\u201d. Com o tempo, passou a designar o estilo de diferentes escolas de composi\u00e7\u00e3o de\u00a0<\/span><\/span><span class=\"TextRun SCXW39557910 BCX0\" lang=\"PT-BR\" xml:lang=\"PT-BR\" data-contrast=\"auto\"><span class=\"NormalTextRun SCXW39557910 BCX0\"><em><span class='tooltipsall tooltipsincontent classtoolTips74'>renga<\/span><\/em>.<\/span><\/span>'); <\/script><script type=\"text\/javascript\"> toolTips('.classtoolTips72','<span class=\"TextRun SCXW261869290 BCX0\" lang=\"PT-BR\" xml:lang=\"PT-BR\" data-contrast=\"auto\"><span class=\"NormalTextRun SCXW261869290 BCX0\">Palavra criada no final do s\u00e9culo XIX por\u00a0<\/span><span class=\"NormalTextRun SpellingErrorV2 SCXW261869290 BCX0\">Masaoka<\/span><span class=\"NormalTextRun SCXW261869290 BCX0\">\u00a0<\/span><span class=\"NormalTextRun SpellingErrorV2 SCXW261869290 BCX0\">Shiki<\/span><span class=\"NormalTextRun SCXW261869290 BCX0\">, a partir da primeira s\u00edlaba de\u00a0<\/span><\/span><span class=\"TextRun SCXW261869290 BCX0\" lang=\"PT-BR\" xml:lang=\"PT-BR\" data-contrast=\"auto\"><span class=\"NormalTextRun SCXW261869290 BCX0\"><em><span class='tooltipsall tooltipsincontent classtoolTips70'>haikai<\/span><\/em>\u00a0<\/span><\/span><span class=\"TextRun SCXW261869290 BCX0\" lang=\"PT-BR\" xml:lang=\"PT-BR\" data-contrast=\"auto\"><span class=\"NormalTextRun SCXW261869290 BCX0\">e da segunda de\u00a0<\/span><\/span><span class=\"TextRun SCXW261869290 BCX0\" lang=\"PT-BR\" xml:lang=\"PT-BR\" data-contrast=\"auto\"><em><span class=\"NormalTextRun SpellingErrorV2 SCXW261869290 BCX0\"><span class='tooltipsall tooltipsincontent classtoolTips73'>hokku<\/span><\/span><\/em><span class=\"NormalTextRun SCXW261869290 BCX0\">,\u00a0<\/span><\/span><span class=\"TextRun SCXW261869290 BCX0\" lang=\"PT-BR\" xml:lang=\"PT-BR\" data-contrast=\"auto\"><span class=\"NormalTextRun SCXW261869290 BCX0\">para designar um poema de tr\u00eas\u00a0<\/span><span class=\"NormalTextRun ContextualSpellingAndGrammarErrorV2 SCXW261869290 BCX0\">versos<\/span><span class=\"NormalTextRun SCXW261869290 BCX0\">\u00a0de 5-7-5 s\u00edlabas. Em ingl\u00eas,\u00a0<\/span><\/span><span class=\"TextRun SCXW261869290 BCX0\" lang=\"PT-BR\" xml:lang=\"PT-BR\" data-contrast=\"auto\"><em><span class=\"NormalTextRun SpellingErrorV2 SCXW261869290 BCX0\"><span class='tooltipsall tooltipsincontent classtoolTips72'>haiku<\/span><\/span><\/em><span class=\"NormalTextRun SCXW261869290 BCX0\">\u00a0<\/span><\/span><span class=\"TextRun SCXW261869290 BCX0\" lang=\"PT-BR\" xml:lang=\"PT-BR\" data-contrast=\"auto\"><span class=\"NormalTextRun SCXW261869290 BCX0\">\u00e9 a palavra equivalente ao portugu\u00eas \u201chaicai\u201d.<\/span><\/span><span class=\"EOP SCXW261869290 BCX0\" data-ccp-props=\"{&quot;134233279&quot;:true,&quot;201341983&quot;:0,&quot;335551550&quot;:1,&quot;335551620&quot;:1,&quot;335559731&quot;:284,&quot;335559739&quot;:0,&quot;335559740&quot;:240}\">\u00a0<\/span>'); <\/script><script type=\"text\/javascript\"> toolTips('.classtoolTips76','A palavra <em><span class='tooltipsall tooltipsincontent classtoolTips76'>kami<\/span><\/em> significa \u201cm\u00edstico\u201d, \u201csuperior\u201d, \u201cdivino\u201d, estando normalmente ligada ao poder sagrado ou divino.'); <\/script><script type=\"text\/javascript\"> toolTips('.classtoolTips77','<span class=\"TextRun  BCX0 SCXW127757320\" lang=\"PT-BR\" xml:lang=\"PT-BR\" data-contrast=\"auto\"><span class=\"NormalTextRun  BCX0 SCXW127757320\"><em>Lato sensu<\/em>,\u00a0<\/span><\/span><span class=\"TextRun  BCX0 SCXW127757320\" lang=\"PT-BR\" xml:lang=\"PT-BR\" data-contrast=\"auto\"><span class=\"NormalTextRun  BCX0 SCXW127757320\">\u201cpoesia em japon\u00eas\u201d.\u00a0<\/span><\/span><span class=\"TextRun  BCX0 SCXW127757320\" lang=\"PT-BR\" xml:lang=\"PT-BR\" data-contrast=\"auto\"><span class=\"NormalTextRun  BCX0 SCXW127757320\"><em>Stricto sensu<\/em>,\u00a0<\/span><\/span><span class=\"TextRun  BCX0 SCXW127757320\" lang=\"PT-BR\" xml:lang=\"PT-BR\" data-contrast=\"auto\"><span class=\"NormalTextRun  BCX0 SCXW127757320\">o mesmo que\u00a0<\/span><\/span><span class=\"TextRun  BCX0 SCXW127757320\" lang=\"PT-BR\" xml:lang=\"PT-BR\" data-contrast=\"auto\"><em><span class=\"NormalTextRun SpellingErrorV2  BCX0 DefaultHighlightTransition SCXW127757320\"><span class='tooltipsall tooltipsincontent classtoolTips75'>tanka<\/span><\/span><\/em><span class=\"NormalTextRun  BCX0 SCXW127757320\">.<\/span><\/span>'); <\/script>","protected":false},"excerpt":{"rendered":"<p>TAGS: Cinema japon\u00eas\/ Filmes de terror japon\u00eas\/ Filmes de fic\u00e7\u00e3o cient\u00edfica japon\u00eas\/ Literatura japonesa\/ Ryunosuke Akutagawa\/ Rash\u00f4mon e outros contos &nbsp; &nbsp; TAGS: Origami\/ Dobradura de papel\/ Literatura infanto-juvenil\/ Kenji Miyazawa\/ Viagem noturna no trem da Via L\u00e1ctea &nbsp; &nbsp; TAGS: Prova de Profici\u00eancia em L\u00edngua japonesa\/ Nihongo Noryoku Shiken \/A valise do professor\/ Hiromi [&hellip;]<\/p>\n","protected":false},"author":33,"featured_media":0,"parent":0,"menu_order":0,"comment_status":"closed","ping_status":"closed","template":"","meta":{"_acf_changed":false,"footnotes":""},"class_list":["post-21000","page","type-page","status-publish","hentry"],"acf":[],"_links":{"self":[{"href":"https:\/\/fjsp.org.br\/fjsp\/wp-json\/wp\/v2\/pages\/21000","targetHints":{"allow":["GET"]}}],"collection":[{"href":"https:\/\/fjsp.org.br\/fjsp\/wp-json\/wp\/v2\/pages"}],"about":[{"href":"https:\/\/fjsp.org.br\/fjsp\/wp-json\/wp\/v2\/types\/page"}],"author":[{"embeddable":true,"href":"https:\/\/fjsp.org.br\/fjsp\/wp-json\/wp\/v2\/users\/33"}],"replies":[{"embeddable":true,"href":"https:\/\/fjsp.org.br\/fjsp\/wp-json\/wp\/v2\/comments?post=21000"}],"version-history":[{"count":2,"href":"https:\/\/fjsp.org.br\/fjsp\/wp-json\/wp\/v2\/pages\/21000\/revisions"}],"predecessor-version":[{"id":21015,"href":"https:\/\/fjsp.org.br\/fjsp\/wp-json\/wp\/v2\/pages\/21000\/revisions\/21015"}],"wp:attachment":[{"href":"https:\/\/fjsp.org.br\/fjsp\/wp-json\/wp\/v2\/media?parent=21000"}],"curies":[{"name":"wp","href":"https:\/\/api.w.org\/{rel}","templated":true}]}}