{"id":21066,"date":"2022-05-09T05:03:25","date_gmt":"2022-05-09T08:03:25","guid":{"rendered":"https:\/\/fjsp.org.br\/fjsp\/?page_id=21066"},"modified":"2022-05-09T05:03:25","modified_gmt":"2022-05-09T08:03:25","slug":"irodori-audio-basico1-licao-01","status":"publish","type":"page","link":"https:\/\/fjsp.org.br\/fjsp\/irodori-audio-basico1-licao-01\/","title":{"rendered":"Irodori \u2013 \u00c1udio B\u00e1sico 1 Li\u00e7\u00e3o 01"},"content":{"rendered":"<p><strong>Li\u00e7\u00e3o 1, 01-01<\/strong><\/p>\n<!--[if lt IE 9]><script>document.createElement('audio');<\/script><![endif]-->\n<audio class=\"wp-audio-shortcode\" id=\"audio-21066-1\" preload=\"none\" style=\"width: 100%;\" controls=\"controls\"><source type=\"audio\/mpeg\" src=\"https:\/\/fjsp.org.br\/fjsp\/wp-content\/uploads\/2022\/05\/y-01-01-kaiwa1.mp3?_=1\" \/><a href=\"https:\/\/fjsp.org.br\/fjsp\/wp-content\/uploads\/2022\/05\/y-01-01-kaiwa1.mp3\">https:\/\/fjsp.org.br\/fjsp\/wp-content\/uploads\/2022\/05\/y-01-01-kaiwa1.mp3<\/a><\/audio>\n<p>&nbsp;<\/p>\n<p><strong>Li\u00e7\u00e3o 1, 01-02<\/strong><\/p>\n<audio class=\"wp-audio-shortcode\" id=\"audio-21066-2\" preload=\"none\" style=\"width: 100%;\" controls=\"controls\"><source type=\"audio\/mpeg\" src=\"https:\/\/fjsp.org.br\/fjsp\/wp-content\/uploads\/2022\/05\/y-01-02-kaiwa2.mp3?_=2\" \/><a href=\"https:\/\/fjsp.org.br\/fjsp\/wp-content\/uploads\/2022\/05\/y-01-02-kaiwa2.mp3\">https:\/\/fjsp.org.br\/fjsp\/wp-content\/uploads\/2022\/05\/y-01-02-kaiwa2.mp3<\/a><\/audio>\n<p>&nbsp;<\/p>\n<p><strong>Li\u00e7\u00e3o 1, 01-03<\/strong><\/p>\n<audio class=\"wp-audio-shortcode\" id=\"audio-21066-3\" preload=\"none\" style=\"width: 100%;\" controls=\"controls\"><source type=\"audio\/mpeg\" src=\"https:\/\/fjsp.org.br\/fjsp\/wp-content\/uploads\/2022\/05\/y-01-03-kaiwa3.mp3?_=3\" \/><a href=\"https:\/\/fjsp.org.br\/fjsp\/wp-content\/uploads\/2022\/05\/y-01-03-kaiwa3.mp3\">https:\/\/fjsp.org.br\/fjsp\/wp-content\/uploads\/2022\/05\/y-01-03-kaiwa3.mp3<\/a><\/audio>\n<p>&nbsp;<\/p>\n<p><strong>Li\u00e7\u00e3o 1, 01-04<\/strong><\/p>\n<audio class=\"wp-audio-shortcode\" id=\"audio-21066-4\" preload=\"none\" style=\"width: 100%;\" controls=\"controls\"><source type=\"audio\/mpeg\" src=\"https:\/\/fjsp.org.br\/fjsp\/wp-content\/uploads\/2022\/05\/y-01-04-hanasu1.mp3?_=4\" \/><a href=\"https:\/\/fjsp.org.br\/fjsp\/wp-content\/uploads\/2022\/05\/y-01-04-hanasu1.mp3\">https:\/\/fjsp.org.br\/fjsp\/wp-content\/uploads\/2022\/05\/y-01-04-hanasu1.mp3<\/a><\/audio>\n<p>&nbsp;<\/p>\n<p><strong>Li\u00e7\u00e3o 1, 01-05<\/strong><\/p>\n<audio class=\"wp-audio-shortcode\" id=\"audio-21066-5\" preload=\"none\" style=\"width: 100%;\" controls=\"controls\"><source type=\"audio\/mpeg\" src=\"https:\/\/fjsp.org.br\/fjsp\/wp-content\/uploads\/2022\/05\/y-01-05-hanasu2.mp3?_=5\" \/><a href=\"https:\/\/fjsp.org.br\/fjsp\/wp-content\/uploads\/2022\/05\/y-01-05-hanasu2.mp3\">https:\/\/fjsp.org.br\/fjsp\/wp-content\/uploads\/2022\/05\/y-01-05-hanasu2.mp3<\/a><\/audio>\n<p>&nbsp;<\/p>\n<p><strong>Li\u00e7\u00e3o 1, 01-06<\/strong><\/p>\n<audio class=\"wp-audio-shortcode\" id=\"audio-21066-6\" preload=\"none\" style=\"width: 100%;\" controls=\"controls\"><source type=\"audio\/mpeg\" src=\"https:\/\/fjsp.org.br\/fjsp\/wp-content\/uploads\/2022\/05\/y-01-06-kiku1.mp3?_=6\" \/><a href=\"https:\/\/fjsp.org.br\/fjsp\/wp-content\/uploads\/2022\/05\/y-01-06-kiku1.mp3\">https:\/\/fjsp.org.br\/fjsp\/wp-content\/uploads\/2022\/05\/y-01-06-kiku1.mp3<\/a><\/audio>\n<p>&nbsp;<\/p>\n<p><strong>Li\u00e7\u00e3o 1, 01-07<\/strong><\/p>\n<audio class=\"wp-audio-shortcode\" id=\"audio-21066-7\" preload=\"none\" style=\"width: 100%;\" controls=\"controls\"><source type=\"audio\/mpeg\" src=\"https:\/\/fjsp.org.br\/fjsp\/wp-content\/uploads\/2022\/05\/y-01-07-kiku2.mp3?_=7\" \/><a href=\"https:\/\/fjsp.org.br\/fjsp\/wp-content\/uploads\/2022\/05\/y-01-07-kiku2.mp3\">https:\/\/fjsp.org.br\/fjsp\/wp-content\/uploads\/2022\/05\/y-01-07-kiku2.mp3<\/a><\/audio>\n<p>&nbsp;<\/p>\n<p><strong>Li\u00e7\u00e3o 1, 01-08<\/strong><\/p>\n<audio class=\"wp-audio-shortcode\" id=\"audio-21066-8\" preload=\"none\" style=\"width: 100%;\" controls=\"controls\"><source type=\"audio\/mpeg\" src=\"https:\/\/fjsp.org.br\/fjsp\/wp-content\/uploads\/2022\/05\/y-01-08-kiku3.mp3?_=8\" \/><a href=\"https:\/\/fjsp.org.br\/fjsp\/wp-content\/uploads\/2022\/05\/y-01-08-kiku3.mp3\">https:\/\/fjsp.org.br\/fjsp\/wp-content\/uploads\/2022\/05\/y-01-08-kiku3.mp3<\/a><\/audio>\n<p>&nbsp;<\/p>\n<p><strong>Li\u00e7\u00e3o 1, 01-09<\/strong><\/p>\n<audio class=\"wp-audio-shortcode\" id=\"audio-21066-9\" preload=\"none\" style=\"width: 100%;\" controls=\"controls\"><source type=\"audio\/mpeg\" src=\"https:\/\/fjsp.org.br\/fjsp\/wp-content\/uploads\/2022\/05\/y-01-09-kiku4.mp3?_=9\" \/><a href=\"https:\/\/fjsp.org.br\/fjsp\/wp-content\/uploads\/2022\/05\/y-01-09-kiku4.mp3\">https:\/\/fjsp.org.br\/fjsp\/wp-content\/uploads\/2022\/05\/y-01-09-kiku4.mp3<\/a><\/audio>\n<p>&nbsp;<\/p>\n<p><strong>Li\u00e7\u00e3o 1, 01-10<\/strong><\/p>\n<audio class=\"wp-audio-shortcode\" id=\"audio-21066-10\" preload=\"none\" style=\"width: 100%;\" controls=\"controls\"><source type=\"audio\/mpeg\" src=\"https:\/\/fjsp.org.br\/fjsp\/wp-content\/uploads\/2022\/05\/y-01-10-katachi1.mp3?_=10\" \/><a href=\"https:\/\/fjsp.org.br\/fjsp\/wp-content\/uploads\/2022\/05\/y-01-10-katachi1.mp3\">https:\/\/fjsp.org.br\/fjsp\/wp-content\/uploads\/2022\/05\/y-01-10-katachi1.mp3<\/a><\/audio>\n<p>&nbsp;<\/p>\n<p><strong>Li\u00e7\u00e3o 1, 01-11<\/strong><\/p>\n<audio class=\"wp-audio-shortcode\" id=\"audio-21066-11\" preload=\"none\" style=\"width: 100%;\" controls=\"controls\"><source type=\"audio\/mpeg\" src=\"https:\/\/fjsp.org.br\/fjsp\/wp-content\/uploads\/2022\/05\/y-01-11-katachi2-1.mp3?_=11\" \/><a href=\"https:\/\/fjsp.org.br\/fjsp\/wp-content\/uploads\/2022\/05\/y-01-11-katachi2-1.mp3\">https:\/\/fjsp.org.br\/fjsp\/wp-content\/uploads\/2022\/05\/y-01-11-katachi2-1.mp3<\/a><\/audio>\n<p>&nbsp;<\/p>\n<p><strong>Li\u00e7\u00e3o 1, 01-12<\/strong><\/p>\n<audio class=\"wp-audio-shortcode\" id=\"audio-21066-12\" preload=\"none\" style=\"width: 100%;\" controls=\"controls\"><source type=\"audio\/mpeg\" src=\"https:\/\/fjsp.org.br\/fjsp\/wp-content\/uploads\/2022\/05\/y-01-12-katachi2-2.mp3?_=12\" \/><a href=\"https:\/\/fjsp.org.br\/fjsp\/wp-content\/uploads\/2022\/05\/y-01-12-katachi2-2.mp3\">https:\/\/fjsp.org.br\/fjsp\/wp-content\/uploads\/2022\/05\/y-01-12-katachi2-2.mp3<\/a><\/audio>\n<p>&nbsp;<\/p>\n<p><strong>Li\u00e7\u00e3o 1, 01-13<\/strong><\/p>\n<audio class=\"wp-audio-shortcode\" id=\"audio-21066-13\" preload=\"none\" style=\"width: 100%;\" controls=\"controls\"><source type=\"audio\/mpeg\" src=\"https:\/\/fjsp.org.br\/fjsp\/wp-content\/uploads\/2022\/05\/y-01-13-katachi2-3.mp3?_=13\" \/><a href=\"https:\/\/fjsp.org.br\/fjsp\/wp-content\/uploads\/2022\/05\/y-01-13-katachi2-3.mp3\">https:\/\/fjsp.org.br\/fjsp\/wp-content\/uploads\/2022\/05\/y-01-13-katachi2-3.mp3<\/a><\/audio>\n<p>&nbsp;<\/p>\n<p><strong>Li\u00e7\u00e3o 1, 01-14<\/strong><\/p>\n<audio class=\"wp-audio-shortcode\" id=\"audio-21066-14\" preload=\"none\" style=\"width: 100%;\" controls=\"controls\"><source type=\"audio\/mpeg\" src=\"https:\/\/fjsp.org.br\/fjsp\/wp-content\/uploads\/2022\/05\/y-01-14-hanasu1.mp3?_=14\" \/><a href=\"https:\/\/fjsp.org.br\/fjsp\/wp-content\/uploads\/2022\/05\/y-01-14-hanasu1.mp3\">https:\/\/fjsp.org.br\/fjsp\/wp-content\/uploads\/2022\/05\/y-01-14-hanasu1.mp3<\/a><\/audio>\n<p>&nbsp;<\/p>\n<p><strong>Li\u00e7\u00e3o 1, 01-15<\/strong><\/p>\n<audio class=\"wp-audio-shortcode\" id=\"audio-21066-15\" preload=\"none\" style=\"width: 100%;\" controls=\"controls\"><source type=\"audio\/mpeg\" src=\"https:\/\/fjsp.org.br\/fjsp\/wp-content\/uploads\/2022\/05\/y-01-15-hanasu2.mp3?_=15\" \/><a href=\"https:\/\/fjsp.org.br\/fjsp\/wp-content\/uploads\/2022\/05\/y-01-15-hanasu2.mp3\">https:\/\/fjsp.org.br\/fjsp\/wp-content\/uploads\/2022\/05\/y-01-15-hanasu2.mp3<\/a><\/audio>\n<p>&nbsp;<\/p>\n<p><strong>Li\u00e7\u00e3o 1, 01-16<\/strong><\/p>\n<audio class=\"wp-audio-shortcode\" id=\"audio-21066-16\" preload=\"none\" style=\"width: 100%;\" controls=\"controls\"><source type=\"audio\/mpeg\" src=\"https:\/\/fjsp.org.br\/fjsp\/wp-content\/uploads\/2022\/05\/y-01-16-kotoba1.mp3?_=16\" \/><a href=\"https:\/\/fjsp.org.br\/fjsp\/wp-content\/uploads\/2022\/05\/y-01-16-kotoba1.mp3\">https:\/\/fjsp.org.br\/fjsp\/wp-content\/uploads\/2022\/05\/y-01-16-kotoba1.mp3<\/a><\/audio>\n<p>&nbsp;<\/p>\n<p><strong>Li\u00e7\u00e3o 1, 01-17<\/strong><\/p>\n<audio class=\"wp-audio-shortcode\" id=\"audio-21066-17\" preload=\"none\" style=\"width: 100%;\" controls=\"controls\"><source type=\"audio\/mpeg\" src=\"https:\/\/fjsp.org.br\/fjsp\/wp-content\/uploads\/2022\/05\/y-01-17-kotoba2.mp3?_=17\" \/><a href=\"https:\/\/fjsp.org.br\/fjsp\/wp-content\/uploads\/2022\/05\/y-01-17-kotoba2.mp3\">https:\/\/fjsp.org.br\/fjsp\/wp-content\/uploads\/2022\/05\/y-01-17-kotoba2.mp3<\/a><\/audio>\n<p>&nbsp;<\/p>\n<p><strong>Li\u00e7\u00e3o 1, 01-18<\/strong><\/p>\n<audio class=\"wp-audio-shortcode\" id=\"audio-21066-18\" preload=\"none\" style=\"width: 100%;\" controls=\"controls\"><source type=\"audio\/mpeg\" src=\"https:\/\/fjsp.org.br\/fjsp\/wp-content\/uploads\/2022\/05\/y-01-18-kiku1.mp3?_=18\" \/><a href=\"https:\/\/fjsp.org.br\/fjsp\/wp-content\/uploads\/2022\/05\/y-01-18-kiku1.mp3\">https:\/\/fjsp.org.br\/fjsp\/wp-content\/uploads\/2022\/05\/y-01-18-kiku1.mp3<\/a><\/audio>\n<p>&nbsp;<\/p>\n<p><strong>Li\u00e7\u00e3o 1, 01-19<\/strong><\/p>\n<audio class=\"wp-audio-shortcode\" id=\"audio-21066-19\" preload=\"none\" style=\"width: 100%;\" controls=\"controls\"><source type=\"audio\/mpeg\" src=\"https:\/\/fjsp.org.br\/fjsp\/wp-content\/uploads\/2022\/05\/y-01-19-kiku2.mp3?_=19\" \/><a href=\"https:\/\/fjsp.org.br\/fjsp\/wp-content\/uploads\/2022\/05\/y-01-19-kiku2.mp3\">https:\/\/fjsp.org.br\/fjsp\/wp-content\/uploads\/2022\/05\/y-01-19-kiku2.mp3<\/a><\/audio>\n<p>&nbsp;<\/p>\n<p><strong>Li\u00e7\u00e3o 1, 01-20<\/strong><\/p>\n<audio class=\"wp-audio-shortcode\" id=\"audio-21066-20\" preload=\"none\" style=\"width: 100%;\" controls=\"controls\"><source type=\"audio\/mpeg\" src=\"https:\/\/fjsp.org.br\/fjsp\/wp-content\/uploads\/2022\/05\/y-01-20-kiku3.mp3?_=20\" \/><a href=\"https:\/\/fjsp.org.br\/fjsp\/wp-content\/uploads\/2022\/05\/y-01-20-kiku3.mp3\">https:\/\/fjsp.org.br\/fjsp\/wp-content\/uploads\/2022\/05\/y-01-20-kiku3.mp3<\/a><\/audio>\n<p>&nbsp;<\/p>\n<p><strong>Li\u00e7\u00e3o 1, 01-21<\/strong><\/p>\n<audio class=\"wp-audio-shortcode\" id=\"audio-21066-21\" preload=\"none\" style=\"width: 100%;\" controls=\"controls\"><source type=\"audio\/mpeg\" src=\"https:\/\/fjsp.org.br\/fjsp\/wp-content\/uploads\/2022\/05\/y-01-21-kiku4.mp3?_=21\" \/><a href=\"https:\/\/fjsp.org.br\/fjsp\/wp-content\/uploads\/2022\/05\/y-01-21-kiku4.mp3\">https:\/\/fjsp.org.br\/fjsp\/wp-content\/uploads\/2022\/05\/y-01-21-kiku4.mp3<\/a><\/audio>\n<p>&nbsp;<\/p>\n<p><strong>Li\u00e7\u00e3o 1, 01-22<\/strong><\/p>\n<audio class=\"wp-audio-shortcode\" id=\"audio-21066-22\" preload=\"none\" style=\"width: 100%;\" controls=\"controls\"><source type=\"audio\/mpeg\" src=\"https:\/\/fjsp.org.br\/fjsp\/wp-content\/uploads\/2022\/05\/y-01-22-kiku5.mp3?_=22\" \/><a href=\"https:\/\/fjsp.org.br\/fjsp\/wp-content\/uploads\/2022\/05\/y-01-22-kiku5.mp3\">https:\/\/fjsp.org.br\/fjsp\/wp-content\/uploads\/2022\/05\/y-01-22-kiku5.mp3<\/a><\/audio>\n<p>&nbsp;<\/p>\n<p><strong>Li\u00e7\u00e3o 1, 01-23<\/strong><\/p>\n<audio class=\"wp-audio-shortcode\" id=\"audio-21066-23\" preload=\"none\" style=\"width: 100%;\" controls=\"controls\"><source type=\"audio\/mpeg\" src=\"https:\/\/fjsp.org.br\/fjsp\/wp-content\/uploads\/2022\/05\/y-01-23-kiku6.mp3?_=23\" \/><a href=\"https:\/\/fjsp.org.br\/fjsp\/wp-content\/uploads\/2022\/05\/y-01-23-kiku6.mp3\">https:\/\/fjsp.org.br\/fjsp\/wp-content\/uploads\/2022\/05\/y-01-23-kiku6.mp3<\/a><\/audio>\n<p>&nbsp;<\/p>\n<p><strong>Li\u00e7\u00e3o 1, 01-24<\/strong><\/p>\n<audio class=\"wp-audio-shortcode\" id=\"audio-21066-24\" preload=\"none\" style=\"width: 100%;\" controls=\"controls\"><source type=\"audio\/mpeg\" src=\"https:\/\/fjsp.org.br\/fjsp\/wp-content\/uploads\/2022\/05\/y-01-24-katachi.mp3?_=24\" \/><a href=\"https:\/\/fjsp.org.br\/fjsp\/wp-content\/uploads\/2022\/05\/y-01-24-katachi.mp3\">https:\/\/fjsp.org.br\/fjsp\/wp-content\/uploads\/2022\/05\/y-01-24-katachi.mp3<\/a><\/audio>\n<p>&nbsp;<\/p>\n<p><strong>Li\u00e7\u00e3o 1, 01-25<\/strong><\/p>\n<audio class=\"wp-audio-shortcode\" id=\"audio-21066-25\" preload=\"none\" style=\"width: 100%;\" controls=\"controls\"><source type=\"audio\/mpeg\" src=\"https:\/\/fjsp.org.br\/fjsp\/wp-content\/uploads\/2022\/05\/y-01-25-hanasu1.mp3?_=25\" \/><a href=\"https:\/\/fjsp.org.br\/fjsp\/wp-content\/uploads\/2022\/05\/y-01-25-hanasu1.mp3\">https:\/\/fjsp.org.br\/fjsp\/wp-content\/uploads\/2022\/05\/y-01-25-hanasu1.mp3<\/a><\/audio>\n<p>&nbsp;<\/p>\n<p><strong>Li\u00e7\u00e3o 1, 01-26<\/strong><\/p>\n<audio class=\"wp-audio-shortcode\" id=\"audio-21066-26\" preload=\"none\" style=\"width: 100%;\" controls=\"controls\"><source type=\"audio\/mpeg\" src=\"https:\/\/fjsp.org.br\/fjsp\/wp-content\/uploads\/2022\/05\/y-01-26-hanasu2.mp3?_=26\" \/><a href=\"https:\/\/fjsp.org.br\/fjsp\/wp-content\/uploads\/2022\/05\/y-01-26-hanasu2.mp3\">https:\/\/fjsp.org.br\/fjsp\/wp-content\/uploads\/2022\/05\/y-01-26-hanasu2.mp3<\/a><\/audio>\n<p>&nbsp;<\/p>\n<p><strong>Li\u00e7\u00e3o 1, 01-27<\/strong><\/p>\n<audio class=\"wp-audio-shortcode\" id=\"audio-21066-27\" preload=\"none\" style=\"width: 100%;\" controls=\"controls\"><source type=\"audio\/mpeg\" src=\"https:\/\/fjsp.org.br\/fjsp\/wp-content\/uploads\/2022\/05\/y-01-27-hanasu3.mp3?_=27\" \/><a href=\"https:\/\/fjsp.org.br\/fjsp\/wp-content\/uploads\/2022\/05\/y-01-27-hanasu3.mp3\">https:\/\/fjsp.org.br\/fjsp\/wp-content\/uploads\/2022\/05\/y-01-27-hanasu3.mp3<\/a><\/audio>\n<p>&nbsp;<\/p>\n","protected":false},"excerpt":{"rendered":"<p>Li\u00e7\u00e3o 1, 01-01 https:\/\/fjsp.org.br\/fjsp\/wp-content\/uploads\/2022\/05\/y-01-01-kaiwa1.mp3 &nbsp; Li\u00e7\u00e3o 1, 01-02 https:\/\/fjsp.org.br\/fjsp\/wp-content\/uploads\/2022\/05\/y-01-02-kaiwa2.mp3 &nbsp; Li\u00e7\u00e3o 1, 01-03 https:\/\/fjsp.org.br\/fjsp\/wp-content\/uploads\/2022\/05\/y-01-03-kaiwa3.mp3 &nbsp; Li\u00e7\u00e3o 1, 01-04 https:\/\/fjsp.org.br\/fjsp\/wp-content\/uploads\/2022\/05\/y-01-04-hanasu1.mp3 &nbsp; Li\u00e7\u00e3o 1, 01-05 https:\/\/fjsp.org.br\/fjsp\/wp-content\/uploads\/2022\/05\/y-01-05-hanasu2.mp3 &nbsp; Li\u00e7\u00e3o 1, 01-06 https:\/\/fjsp.org.br\/fjsp\/wp-content\/uploads\/2022\/05\/y-01-06-kiku1.mp3 &nbsp; Li\u00e7\u00e3o 1, 01-07 https:\/\/fjsp.org.br\/fjsp\/wp-content\/uploads\/2022\/05\/y-01-07-kiku2.mp3 &nbsp; Li\u00e7\u00e3o 1, 01-08 https:\/\/fjsp.org.br\/fjsp\/wp-content\/uploads\/2022\/05\/y-01-08-kiku3.mp3 &nbsp; Li\u00e7\u00e3o 1, 01-09 https:\/\/fjsp.org.br\/fjsp\/wp-content\/uploads\/2022\/05\/y-01-09-kiku4.mp3 &nbsp; Li\u00e7\u00e3o 1, 01-10 https:\/\/fjsp.org.br\/fjsp\/wp-content\/uploads\/2022\/05\/y-01-10-katachi1.mp3 &nbsp; Li\u00e7\u00e3o 1, 01-11 https:\/\/fjsp.org.br\/fjsp\/wp-content\/uploads\/2022\/05\/y-01-11-katachi2-1.mp3 &nbsp; [&hellip;]<\/p>\n","protected":false},"author":33,"featured_media":0,"parent":0,"menu_order":0,"comment_status":"closed","ping_status":"closed","template":"","meta":{"_acf_changed":false,"footnotes":""},"class_list":["post-21066","page","type-page","status-publish","hentry"],"acf":[],"_links":{"self":[{"href":"https:\/\/fjsp.org.br\/fjsp\/wp-json\/wp\/v2\/pages\/21066","targetHints":{"allow":["GET"]}}],"collection":[{"href":"https:\/\/fjsp.org.br\/fjsp\/wp-json\/wp\/v2\/pages"}],"about":[{"href":"https:\/\/fjsp.org.br\/fjsp\/wp-json\/wp\/v2\/types\/page"}],"author":[{"embeddable":true,"href":"https:\/\/fjsp.org.br\/fjsp\/wp-json\/wp\/v2\/users\/33"}],"replies":[{"embeddable":true,"href":"https:\/\/fjsp.org.br\/fjsp\/wp-json\/wp\/v2\/comments?post=21066"}],"version-history":[{"count":2,"href":"https:\/\/fjsp.org.br\/fjsp\/wp-json\/wp\/v2\/pages\/21066\/revisions"}],"predecessor-version":[{"id":21101,"href":"https:\/\/fjsp.org.br\/fjsp\/wp-json\/wp\/v2\/pages\/21066\/revisions\/21101"}],"wp:attachment":[{"href":"https:\/\/fjsp.org.br\/fjsp\/wp-json\/wp\/v2\/media?parent=21066"}],"curies":[{"name":"wp","href":"https:\/\/api.w.org\/{rel}","templated":true}]}}