{"id":21189,"date":"2022-05-16T06:53:06","date_gmt":"2022-05-16T09:53:06","guid":{"rendered":"https:\/\/fjsp.org.br\/fjsp\/?page_id=21189"},"modified":"2022-05-17T04:24:46","modified_gmt":"2022-05-17T07:24:46","slug":"irodori-audio-basico1-licao-03","status":"publish","type":"page","link":"https:\/\/fjsp.org.br\/fjsp\/irodori-audio-basico1-licao-03\/","title":{"rendered":"Irodori \u2013 \u00c1udio B\u00e1sico 1 Li\u00e7\u00e3o 03"},"content":{"rendered":"<p><strong>Li\u00e7\u00e3o 3, 03-01<\/strong><\/p>\n<!--[if lt IE 9]><script>document.createElement('audio');<\/script><![endif]-->\n<audio class=\"wp-audio-shortcode\" id=\"audio-21189-1\" preload=\"none\" style=\"width: 100%;\" controls=\"controls\"><source type=\"audio\/mpeg\" src=\"https:\/\/fjsp.org.br\/fjsp\/wp-content\/uploads\/2022\/05\/y-03-01-kotoba1.mp3?_=1\" \/><a href=\"https:\/\/fjsp.org.br\/fjsp\/wp-content\/uploads\/2022\/05\/y-03-01-kotoba1.mp3\">https:\/\/fjsp.org.br\/fjsp\/wp-content\/uploads\/2022\/05\/y-03-01-kotoba1.mp3<\/a><\/audio>\n<p>&nbsp;<\/p>\n<p><strong>Li\u00e7\u00e3o 3, 03-02<\/strong><\/p>\n<audio class=\"wp-audio-shortcode\" id=\"audio-21189-2\" preload=\"none\" style=\"width: 100%;\" controls=\"controls\"><source type=\"audio\/mpeg\" src=\"https:\/\/fjsp.org.br\/fjsp\/wp-content\/uploads\/2022\/05\/y-03-02-kotoba2.mp3?_=2\" \/><a href=\"https:\/\/fjsp.org.br\/fjsp\/wp-content\/uploads\/2022\/05\/y-03-02-kotoba2.mp3\">https:\/\/fjsp.org.br\/fjsp\/wp-content\/uploads\/2022\/05\/y-03-02-kotoba2.mp3<\/a><\/audio>\n<p>&nbsp;<\/p>\n<p><strong>Li\u00e7\u00e3o 3, 03-03<\/strong><\/p>\n<audio class=\"wp-audio-shortcode\" id=\"audio-21189-3\" preload=\"none\" style=\"width: 100%;\" controls=\"controls\"><source type=\"audio\/mpeg\" src=\"https:\/\/fjsp.org.br\/fjsp\/wp-content\/uploads\/2022\/05\/y-03-03-kiku.mp3?_=3\" \/><a href=\"https:\/\/fjsp.org.br\/fjsp\/wp-content\/uploads\/2022\/05\/y-03-03-kiku.mp3\">https:\/\/fjsp.org.br\/fjsp\/wp-content\/uploads\/2022\/05\/y-03-03-kiku.mp3<\/a><\/audio>\n<p>&nbsp;<\/p>\n<p><strong>Li\u00e7\u00e3o 3, 03-04<\/strong><\/p>\n<audio class=\"wp-audio-shortcode\" id=\"audio-21189-4\" preload=\"none\" style=\"width: 100%;\" controls=\"controls\"><source type=\"audio\/mpeg\" src=\"https:\/\/fjsp.org.br\/fjsp\/wp-content\/uploads\/2022\/05\/y-03-04-katachi.mp3?_=4\" \/><a href=\"https:\/\/fjsp.org.br\/fjsp\/wp-content\/uploads\/2022\/05\/y-03-04-katachi.mp3\">https:\/\/fjsp.org.br\/fjsp\/wp-content\/uploads\/2022\/05\/y-03-04-katachi.mp3<\/a><\/audio>\n<p>&nbsp;<\/p>\n<p><strong>Li\u00e7\u00e3o 3, 03-05<\/strong><\/p>\n<audio class=\"wp-audio-shortcode\" id=\"audio-21189-5\" preload=\"none\" style=\"width: 100%;\" controls=\"controls\"><source type=\"audio\/mpeg\" src=\"https:\/\/fjsp.org.br\/fjsp\/wp-content\/uploads\/2022\/05\/y-03-05-kiku1.mp3?_=5\" \/><a href=\"https:\/\/fjsp.org.br\/fjsp\/wp-content\/uploads\/2022\/05\/y-03-05-kiku1.mp3\">https:\/\/fjsp.org.br\/fjsp\/wp-content\/uploads\/2022\/05\/y-03-05-kiku1.mp3<\/a><\/audio>\n<p>&nbsp;<\/p>\n<p><strong>Li\u00e7\u00e3o 3, 03-06<\/strong><\/p>\n<audio class=\"wp-audio-shortcode\" id=\"audio-21189-6\" preload=\"none\" style=\"width: 100%;\" controls=\"controls\"><source type=\"audio\/mpeg\" src=\"https:\/\/fjsp.org.br\/fjsp\/wp-content\/uploads\/2022\/05\/y-03-06-kiku2.mp3?_=6\" \/><a href=\"https:\/\/fjsp.org.br\/fjsp\/wp-content\/uploads\/2022\/05\/y-03-06-kiku2.mp3\">https:\/\/fjsp.org.br\/fjsp\/wp-content\/uploads\/2022\/05\/y-03-06-kiku2.mp3<\/a><\/audio>\n<p>&nbsp;<\/p>\n<p><strong>Li\u00e7\u00e3o 3, 03-07<\/strong><\/p>\n<audio class=\"wp-audio-shortcode\" id=\"audio-21189-7\" preload=\"none\" style=\"width: 100%;\" controls=\"controls\"><source type=\"audio\/mpeg\" src=\"https:\/\/fjsp.org.br\/fjsp\/wp-content\/uploads\/2022\/05\/y-03-07-kiku3.mp3?_=7\" \/><a href=\"https:\/\/fjsp.org.br\/fjsp\/wp-content\/uploads\/2022\/05\/y-03-07-kiku3.mp3\">https:\/\/fjsp.org.br\/fjsp\/wp-content\/uploads\/2022\/05\/y-03-07-kiku3.mp3<\/a><\/audio>\n<p>&nbsp;<\/p>\n<p><strong>Li\u00e7\u00e3o 3, 03-08<\/strong><\/p>\n<audio class=\"wp-audio-shortcode\" id=\"audio-21189-8\" preload=\"none\" style=\"width: 100%;\" controls=\"controls\"><source type=\"audio\/mpeg\" src=\"https:\/\/fjsp.org.br\/fjsp\/wp-content\/uploads\/2022\/05\/y-03-08-kiku4.mp3?_=8\" \/><a href=\"https:\/\/fjsp.org.br\/fjsp\/wp-content\/uploads\/2022\/05\/y-03-08-kiku4.mp3\">https:\/\/fjsp.org.br\/fjsp\/wp-content\/uploads\/2022\/05\/y-03-08-kiku4.mp3<\/a><\/audio>\n<p>&nbsp;<\/p>\n<p><strong>Li\u00e7\u00e3o 3, 03-09<\/strong><\/p>\n<audio class=\"wp-audio-shortcode\" id=\"audio-21189-9\" preload=\"none\" style=\"width: 100%;\" controls=\"controls\"><source type=\"audio\/mpeg\" src=\"https:\/\/fjsp.org.br\/fjsp\/wp-content\/uploads\/2022\/05\/y-03-09-hanasu1.mp3?_=9\" \/><a href=\"https:\/\/fjsp.org.br\/fjsp\/wp-content\/uploads\/2022\/05\/y-03-09-hanasu1.mp3\">https:\/\/fjsp.org.br\/fjsp\/wp-content\/uploads\/2022\/05\/y-03-09-hanasu1.mp3<\/a><\/audio>\n<p>&nbsp;<\/p>\n<p><strong>Li\u00e7\u00e3o 3, 03-10<\/strong><\/p>\n<audio class=\"wp-audio-shortcode\" id=\"audio-21189-10\" preload=\"none\" style=\"width: 100%;\" controls=\"controls\"><source type=\"audio\/mpeg\" src=\"https:\/\/fjsp.org.br\/fjsp\/wp-content\/uploads\/2022\/05\/y-03-10-hanasu2.mp3?_=10\" \/><a href=\"https:\/\/fjsp.org.br\/fjsp\/wp-content\/uploads\/2022\/05\/y-03-10-hanasu2.mp3\">https:\/\/fjsp.org.br\/fjsp\/wp-content\/uploads\/2022\/05\/y-03-10-hanasu2.mp3<\/a><\/audio>\n<p>&nbsp;<\/p>\n<p><strong>Li\u00e7\u00e3o 3, 03-11<\/strong><\/p>\n<audio class=\"wp-audio-shortcode\" id=\"audio-21189-11\" preload=\"none\" style=\"width: 100%;\" controls=\"controls\"><source type=\"audio\/mpeg\" src=\"https:\/\/fjsp.org.br\/fjsp\/wp-content\/uploads\/2022\/05\/y-03-11-hanasu3.mp3?_=11\" \/><a href=\"https:\/\/fjsp.org.br\/fjsp\/wp-content\/uploads\/2022\/05\/y-03-11-hanasu3.mp3\">https:\/\/fjsp.org.br\/fjsp\/wp-content\/uploads\/2022\/05\/y-03-11-hanasu3.mp3<\/a><\/audio>\n<p>&nbsp;<\/p>\n<p><strong>Li\u00e7\u00e3o 3, 03-12<\/strong><\/p>\n<audio class=\"wp-audio-shortcode\" id=\"audio-21189-12\" preload=\"none\" style=\"width: 100%;\" controls=\"controls\"><source type=\"audio\/mpeg\" src=\"https:\/\/fjsp.org.br\/fjsp\/wp-content\/uploads\/2022\/05\/y-03-12-kaiwa.mp3?_=12\" \/><a href=\"https:\/\/fjsp.org.br\/fjsp\/wp-content\/uploads\/2022\/05\/y-03-12-kaiwa.mp3\">https:\/\/fjsp.org.br\/fjsp\/wp-content\/uploads\/2022\/05\/y-03-12-kaiwa.mp3<\/a><\/audio>\n<p>&nbsp;<\/p>\n<p><strong>Li\u00e7\u00e3o 3, 03-13<\/strong><\/p>\n<audio class=\"wp-audio-shortcode\" id=\"audio-21189-13\" preload=\"none\" style=\"width: 100%;\" controls=\"controls\"><source type=\"audio\/mpeg\" src=\"https:\/\/fjsp.org.br\/fjsp\/wp-content\/uploads\/2022\/05\/y-03-13-katachi.mp3?_=13\" \/><a href=\"https:\/\/fjsp.org.br\/fjsp\/wp-content\/uploads\/2022\/05\/y-03-13-katachi.mp3\">https:\/\/fjsp.org.br\/fjsp\/wp-content\/uploads\/2022\/05\/y-03-13-katachi.mp3<\/a><\/audio>\n<p>&nbsp;<\/p>\n<p><strong>Li\u00e7\u00e3o 3, 03-14<\/strong><\/p>\n<audio class=\"wp-audio-shortcode\" id=\"audio-21189-14\" preload=\"none\" style=\"width: 100%;\" controls=\"controls\"><source type=\"audio\/mpeg\" src=\"https:\/\/fjsp.org.br\/fjsp\/wp-content\/uploads\/2022\/05\/y-03-14-hanasu.mp3?_=14\" \/><a href=\"https:\/\/fjsp.org.br\/fjsp\/wp-content\/uploads\/2022\/05\/y-03-14-hanasu.mp3\">https:\/\/fjsp.org.br\/fjsp\/wp-content\/uploads\/2022\/05\/y-03-14-hanasu.mp3<\/a><\/audio>\n<p>&nbsp;<\/p>\n","protected":false},"excerpt":{"rendered":"<p>Li\u00e7\u00e3o 3, 03-01 https:\/\/fjsp.org.br\/fjsp\/wp-content\/uploads\/2022\/05\/y-03-01-kotoba1.mp3 &nbsp; Li\u00e7\u00e3o 3, 03-02 https:\/\/fjsp.org.br\/fjsp\/wp-content\/uploads\/2022\/05\/y-03-02-kotoba2.mp3 &nbsp; Li\u00e7\u00e3o 3, 03-03 https:\/\/fjsp.org.br\/fjsp\/wp-content\/uploads\/2022\/05\/y-03-03-kiku.mp3 &nbsp; Li\u00e7\u00e3o 3, 03-04 https:\/\/fjsp.org.br\/fjsp\/wp-content\/uploads\/2022\/05\/y-03-04-katachi.mp3 &nbsp; Li\u00e7\u00e3o 3, 03-05 https:\/\/fjsp.org.br\/fjsp\/wp-content\/uploads\/2022\/05\/y-03-05-kiku1.mp3 &nbsp; Li\u00e7\u00e3o 3, 03-06 https:\/\/fjsp.org.br\/fjsp\/wp-content\/uploads\/2022\/05\/y-03-06-kiku2.mp3 &nbsp; Li\u00e7\u00e3o 3, 03-07 https:\/\/fjsp.org.br\/fjsp\/wp-content\/uploads\/2022\/05\/y-03-07-kiku3.mp3 &nbsp; Li\u00e7\u00e3o 3, 03-08 https:\/\/fjsp.org.br\/fjsp\/wp-content\/uploads\/2022\/05\/y-03-08-kiku4.mp3 &nbsp; Li\u00e7\u00e3o 3, 03-09 https:\/\/fjsp.org.br\/fjsp\/wp-content\/uploads\/2022\/05\/y-03-09-hanasu1.mp3 &nbsp; Li\u00e7\u00e3o 3, 03-10 https:\/\/fjsp.org.br\/fjsp\/wp-content\/uploads\/2022\/05\/y-03-10-hanasu2.mp3 &nbsp; Li\u00e7\u00e3o 3, 03-11 https:\/\/fjsp.org.br\/fjsp\/wp-content\/uploads\/2022\/05\/y-03-11-hanasu3.mp3 &nbsp; [&hellip;]<\/p>\n","protected":false},"author":33,"featured_media":0,"parent":0,"menu_order":0,"comment_status":"closed","ping_status":"closed","template":"","meta":{"_acf_changed":false,"footnotes":""},"class_list":["post-21189","page","type-page","status-publish","hentry"],"acf":[],"_links":{"self":[{"href":"https:\/\/fjsp.org.br\/fjsp\/wp-json\/wp\/v2\/pages\/21189","targetHints":{"allow":["GET"]}}],"collection":[{"href":"https:\/\/fjsp.org.br\/fjsp\/wp-json\/wp\/v2\/pages"}],"about":[{"href":"https:\/\/fjsp.org.br\/fjsp\/wp-json\/wp\/v2\/types\/page"}],"author":[{"embeddable":true,"href":"https:\/\/fjsp.org.br\/fjsp\/wp-json\/wp\/v2\/users\/33"}],"replies":[{"embeddable":true,"href":"https:\/\/fjsp.org.br\/fjsp\/wp-json\/wp\/v2\/comments?post=21189"}],"version-history":[{"count":1,"href":"https:\/\/fjsp.org.br\/fjsp\/wp-json\/wp\/v2\/pages\/21189\/revisions"}],"predecessor-version":[{"id":21205,"href":"https:\/\/fjsp.org.br\/fjsp\/wp-json\/wp\/v2\/pages\/21189\/revisions\/21205"}],"wp:attachment":[{"href":"https:\/\/fjsp.org.br\/fjsp\/wp-json\/wp\/v2\/media?parent=21189"}],"curies":[{"name":"wp","href":"https:\/\/api.w.org\/{rel}","templated":true}]}}