{"id":21249,"date":"2022-05-17T05:18:38","date_gmt":"2022-05-17T08:18:38","guid":{"rendered":"https:\/\/fjsp.org.br\/fjsp\/?page_id=21249"},"modified":"2022-05-17T16:24:56","modified_gmt":"2022-05-17T19:24:56","slug":"irodori-audio-basico1-licao-09","status":"publish","type":"page","link":"https:\/\/fjsp.org.br\/fjsp\/irodori-audio-basico1-licao-09\/","title":{"rendered":"Irodori \u2013 \u00c1udio B\u00e1sico 1 Li\u00e7\u00e3o 09"},"content":{"rendered":"<p><strong>Li\u00e7\u00e3o 9, 09-01<\/strong><\/p>\n<!--[if lt IE 9]><script>document.createElement('audio');<\/script><![endif]-->\n<audio class=\"wp-audio-shortcode\" id=\"audio-21249-1\" preload=\"none\" style=\"width: 100%;\" controls=\"controls\"><source type=\"audio\/mpeg\" src=\"https:\/\/fjsp.org.br\/fjsp\/wp-content\/uploads\/2022\/05\/y-09-01-kiku1.mp3?_=1\" \/><a href=\"https:\/\/fjsp.org.br\/fjsp\/wp-content\/uploads\/2022\/05\/y-09-01-kiku1.mp3\">https:\/\/fjsp.org.br\/fjsp\/wp-content\/uploads\/2022\/05\/y-09-01-kiku1.mp3<\/a><\/audio>\n<p>&nbsp;<\/p>\n<p><strong>Li\u00e7\u00e3o 9, 09-02<\/strong><\/p>\n<audio class=\"wp-audio-shortcode\" id=\"audio-21249-2\" preload=\"none\" style=\"width: 100%;\" controls=\"controls\"><source type=\"audio\/mpeg\" src=\"https:\/\/fjsp.org.br\/fjsp\/wp-content\/uploads\/2022\/05\/y-09-02-kiku2.mp3?_=2\" \/><a href=\"https:\/\/fjsp.org.br\/fjsp\/wp-content\/uploads\/2022\/05\/y-09-02-kiku2.mp3\">https:\/\/fjsp.org.br\/fjsp\/wp-content\/uploads\/2022\/05\/y-09-02-kiku2.mp3<\/a><\/audio>\n<p>&nbsp;<\/p>\n<p><strong>Li\u00e7\u00e3o 9, 09-03<\/strong><\/p>\n<audio class=\"wp-audio-shortcode\" id=\"audio-21249-3\" preload=\"none\" style=\"width: 100%;\" controls=\"controls\"><source type=\"audio\/mpeg\" src=\"https:\/\/fjsp.org.br\/fjsp\/wp-content\/uploads\/2022\/05\/y-09-03-kiku3.mp3?_=3\" \/><a href=\"https:\/\/fjsp.org.br\/fjsp\/wp-content\/uploads\/2022\/05\/y-09-03-kiku3.mp3\">https:\/\/fjsp.org.br\/fjsp\/wp-content\/uploads\/2022\/05\/y-09-03-kiku3.mp3<\/a><\/audio>\n<p>&nbsp;<\/p>\n<p><strong>Li\u00e7\u00e3o 9, 09-04<\/strong><\/p>\n<audio class=\"wp-audio-shortcode\" id=\"audio-21249-4\" preload=\"none\" style=\"width: 100%;\" controls=\"controls\"><source type=\"audio\/mpeg\" src=\"https:\/\/fjsp.org.br\/fjsp\/wp-content\/uploads\/2022\/05\/y-09-04-kiku4.mp3?_=4\" \/><a href=\"https:\/\/fjsp.org.br\/fjsp\/wp-content\/uploads\/2022\/05\/y-09-04-kiku4.mp3\">https:\/\/fjsp.org.br\/fjsp\/wp-content\/uploads\/2022\/05\/y-09-04-kiku4.mp3<\/a><\/audio>\n<p>&nbsp;<\/p>\n<p><strong>Li\u00e7\u00e3o 9, 09-05<\/strong><\/p>\n<audio class=\"wp-audio-shortcode\" id=\"audio-21249-5\" preload=\"none\" style=\"width: 100%;\" controls=\"controls\"><source type=\"audio\/mpeg\" src=\"https:\/\/fjsp.org.br\/fjsp\/wp-content\/uploads\/2022\/05\/y-09-05-katachi.mp3?_=5\" \/><a href=\"https:\/\/fjsp.org.br\/fjsp\/wp-content\/uploads\/2022\/05\/y-09-05-katachi.mp3\">https:\/\/fjsp.org.br\/fjsp\/wp-content\/uploads\/2022\/05\/y-09-05-katachi.mp3<\/a><\/audio>\n<p>&nbsp;<\/p>\n<p><strong>Li\u00e7\u00e3o 9, 09-06<\/strong><\/p>\n<audio class=\"wp-audio-shortcode\" id=\"audio-21249-6\" preload=\"none\" style=\"width: 100%;\" controls=\"controls\"><source type=\"audio\/mpeg\" src=\"https:\/\/fjsp.org.br\/fjsp\/wp-content\/uploads\/2022\/05\/y-09-06-hanasu.mp3?_=6\" \/><a href=\"https:\/\/fjsp.org.br\/fjsp\/wp-content\/uploads\/2022\/05\/y-09-06-hanasu.mp3\">https:\/\/fjsp.org.br\/fjsp\/wp-content\/uploads\/2022\/05\/y-09-06-hanasu.mp3<\/a><\/audio>\n<p>&nbsp;<\/p>\n<p><strong>Li\u00e7\u00e3o 9, 09-07<\/strong><\/p>\n<audio class=\"wp-audio-shortcode\" id=\"audio-21249-7\" preload=\"none\" style=\"width: 100%;\" controls=\"controls\"><source type=\"audio\/mpeg\" src=\"https:\/\/fjsp.org.br\/fjsp\/wp-content\/uploads\/2022\/05\/y-09-07-kotoba1.mp3?_=7\" \/><a href=\"https:\/\/fjsp.org.br\/fjsp\/wp-content\/uploads\/2022\/05\/y-09-07-kotoba1.mp3\">https:\/\/fjsp.org.br\/fjsp\/wp-content\/uploads\/2022\/05\/y-09-07-kotoba1.mp3<\/a><\/audio>\n<p>&nbsp;<\/p>\n<p><strong>Li\u00e7\u00e3o 9, 09-08<\/strong><\/p>\n<audio class=\"wp-audio-shortcode\" id=\"audio-21249-8\" preload=\"none\" style=\"width: 100%;\" controls=\"controls\"><source type=\"audio\/mpeg\" src=\"https:\/\/fjsp.org.br\/fjsp\/wp-content\/uploads\/2022\/05\/y-09-08-kotoba2.mp3?_=8\" \/><a href=\"https:\/\/fjsp.org.br\/fjsp\/wp-content\/uploads\/2022\/05\/y-09-08-kotoba2.mp3\">https:\/\/fjsp.org.br\/fjsp\/wp-content\/uploads\/2022\/05\/y-09-08-kotoba2.mp3<\/a><\/audio>\n<p>&nbsp;<\/p>\n<p><strong>Li\u00e7\u00e3o 9, 09-09<\/strong><\/p>\n<audio class=\"wp-audio-shortcode\" id=\"audio-21249-9\" preload=\"none\" style=\"width: 100%;\" controls=\"controls\"><source type=\"audio\/mpeg\" src=\"https:\/\/fjsp.org.br\/fjsp\/wp-content\/uploads\/2022\/05\/y-09-09-kiku1.mp3?_=9\" \/><a href=\"https:\/\/fjsp.org.br\/fjsp\/wp-content\/uploads\/2022\/05\/y-09-09-kiku1.mp3\">https:\/\/fjsp.org.br\/fjsp\/wp-content\/uploads\/2022\/05\/y-09-09-kiku1.mp3<\/a><\/audio>\n<p>&nbsp;<\/p>\n<p><strong>Li\u00e7\u00e3o 9, 09-10<\/strong><\/p>\n<audio class=\"wp-audio-shortcode\" id=\"audio-21249-10\" preload=\"none\" style=\"width: 100%;\" controls=\"controls\"><source type=\"audio\/mpeg\" src=\"https:\/\/fjsp.org.br\/fjsp\/wp-content\/uploads\/2022\/05\/y-09-10-kiku2.mp3?_=10\" \/><a href=\"https:\/\/fjsp.org.br\/fjsp\/wp-content\/uploads\/2022\/05\/y-09-10-kiku2.mp3\">https:\/\/fjsp.org.br\/fjsp\/wp-content\/uploads\/2022\/05\/y-09-10-kiku2.mp3<\/a><\/audio>\n<p>&nbsp;<\/p>\n<p><strong>Li\u00e7\u00e3o 9, 09-11<\/strong><\/p>\n<audio class=\"wp-audio-shortcode\" id=\"audio-21249-11\" preload=\"none\" style=\"width: 100%;\" controls=\"controls\"><source type=\"audio\/mpeg\" src=\"https:\/\/fjsp.org.br\/fjsp\/wp-content\/uploads\/2022\/05\/y-09-11-kiku3.mp3?_=11\" \/><a href=\"https:\/\/fjsp.org.br\/fjsp\/wp-content\/uploads\/2022\/05\/y-09-11-kiku3.mp3\">https:\/\/fjsp.org.br\/fjsp\/wp-content\/uploads\/2022\/05\/y-09-11-kiku3.mp3<\/a><\/audio>\n<p>&nbsp;<\/p>\n<p><strong>Li\u00e7\u00e3o 9, 09-12<\/strong><\/p>\n<audio class=\"wp-audio-shortcode\" id=\"audio-21249-12\" preload=\"none\" style=\"width: 100%;\" controls=\"controls\"><source type=\"audio\/mpeg\" src=\"https:\/\/fjsp.org.br\/fjsp\/wp-content\/uploads\/2022\/05\/y-09-12-kiku4.mp3?_=12\" \/><a href=\"https:\/\/fjsp.org.br\/fjsp\/wp-content\/uploads\/2022\/05\/y-09-12-kiku4.mp3\">https:\/\/fjsp.org.br\/fjsp\/wp-content\/uploads\/2022\/05\/y-09-12-kiku4.mp3<\/a><\/audio>\n<p>&nbsp;<\/p>\n<p><strong>Li\u00e7\u00e3o 9, 09-13<\/strong><\/p>\n<audio class=\"wp-audio-shortcode\" id=\"audio-21249-13\" preload=\"none\" style=\"width: 100%;\" controls=\"controls\"><source type=\"audio\/mpeg\" src=\"https:\/\/fjsp.org.br\/fjsp\/wp-content\/uploads\/2022\/05\/y-09-13-katachi1.mp3?_=13\" \/><a href=\"https:\/\/fjsp.org.br\/fjsp\/wp-content\/uploads\/2022\/05\/y-09-13-katachi1.mp3\">https:\/\/fjsp.org.br\/fjsp\/wp-content\/uploads\/2022\/05\/y-09-13-katachi1.mp3<\/a><\/audio>\n<p>&nbsp;<\/p>\n<p><strong>Li\u00e7\u00e3o 9, 09-14<\/strong><\/p>\n<audio class=\"wp-audio-shortcode\" id=\"audio-21249-14\" preload=\"none\" style=\"width: 100%;\" controls=\"controls\"><source type=\"audio\/mpeg\" src=\"https:\/\/fjsp.org.br\/fjsp\/wp-content\/uploads\/2022\/05\/y-09-14-katachi2.mp3?_=14\" \/><a href=\"https:\/\/fjsp.org.br\/fjsp\/wp-content\/uploads\/2022\/05\/y-09-14-katachi2.mp3\">https:\/\/fjsp.org.br\/fjsp\/wp-content\/uploads\/2022\/05\/y-09-14-katachi2.mp3<\/a><\/audio>\n<p>&nbsp;<\/p>\n<p><strong>Li\u00e7\u00e3o 9, 09-15<\/strong><\/p>\n<audio class=\"wp-audio-shortcode\" id=\"audio-21249-15\" preload=\"none\" style=\"width: 100%;\" controls=\"controls\"><source type=\"audio\/mpeg\" src=\"https:\/\/fjsp.org.br\/fjsp\/wp-content\/uploads\/2022\/05\/y-09-15-hanasu1.mp3?_=15\" \/><a href=\"https:\/\/fjsp.org.br\/fjsp\/wp-content\/uploads\/2022\/05\/y-09-15-hanasu1.mp3\">https:\/\/fjsp.org.br\/fjsp\/wp-content\/uploads\/2022\/05\/y-09-15-hanasu1.mp3<\/a><\/audio>\n<p>&nbsp;<\/p>\n<p><strong>Li\u00e7\u00e3o 9, 09-16<\/strong><\/p>\n<audio class=\"wp-audio-shortcode\" id=\"audio-21249-16\" preload=\"none\" style=\"width: 100%;\" controls=\"controls\"><source type=\"audio\/mpeg\" src=\"https:\/\/fjsp.org.br\/fjsp\/wp-content\/uploads\/2022\/05\/y-09-16-hanasu2.mp3?_=16\" \/><a href=\"https:\/\/fjsp.org.br\/fjsp\/wp-content\/uploads\/2022\/05\/y-09-16-hanasu2.mp3\">https:\/\/fjsp.org.br\/fjsp\/wp-content\/uploads\/2022\/05\/y-09-16-hanasu2.mp3<\/a><\/audio>\n<p>&nbsp;<\/p>\n<p><strong>Li\u00e7\u00e3o 9, 09-17<\/strong><\/p>\n<audio class=\"wp-audio-shortcode\" id=\"audio-21249-17\" preload=\"none\" style=\"width: 100%;\" controls=\"controls\"><source type=\"audio\/mpeg\" src=\"https:\/\/fjsp.org.br\/fjsp\/wp-content\/uploads\/2022\/05\/y-09-17-hanasu3-1.mp3?_=17\" \/><a href=\"https:\/\/fjsp.org.br\/fjsp\/wp-content\/uploads\/2022\/05\/y-09-17-hanasu3-1.mp3\">https:\/\/fjsp.org.br\/fjsp\/wp-content\/uploads\/2022\/05\/y-09-17-hanasu3-1.mp3<\/a><\/audio>\n<p>&nbsp;<\/p>\n<p><strong>Li\u00e7\u00e3o 9, 09-18<\/strong><\/p>\n<audio class=\"wp-audio-shortcode\" id=\"audio-21249-18\" preload=\"none\" style=\"width: 100%;\" controls=\"controls\"><source type=\"audio\/mpeg\" src=\"https:\/\/fjsp.org.br\/fjsp\/wp-content\/uploads\/2022\/05\/y-09-18-hanasu3-2.mp3?_=18\" \/><a href=\"https:\/\/fjsp.org.br\/fjsp\/wp-content\/uploads\/2022\/05\/y-09-18-hanasu3-2.mp3\">https:\/\/fjsp.org.br\/fjsp\/wp-content\/uploads\/2022\/05\/y-09-18-hanasu3-2.mp3<\/a><\/audio>\n<p>&nbsp;<\/p>\n<p><strong>Li\u00e7\u00e3o 9, 09-19<\/strong><\/p>\n<audio class=\"wp-audio-shortcode\" id=\"audio-21249-19\" preload=\"none\" style=\"width: 100%;\" controls=\"controls\"><source type=\"audio\/mpeg\" src=\"https:\/\/fjsp.org.br\/fjsp\/wp-content\/uploads\/2022\/05\/y-09-19-kiku1.mp3?_=19\" \/><a href=\"https:\/\/fjsp.org.br\/fjsp\/wp-content\/uploads\/2022\/05\/y-09-19-kiku1.mp3\">https:\/\/fjsp.org.br\/fjsp\/wp-content\/uploads\/2022\/05\/y-09-19-kiku1.mp3<\/a><\/audio>\n<p>&nbsp;<\/p>\n<p><strong>Li\u00e7\u00e3o 9, 09-20<\/strong><\/p>\n<audio class=\"wp-audio-shortcode\" id=\"audio-21249-20\" preload=\"none\" style=\"width: 100%;\" controls=\"controls\"><source type=\"audio\/mpeg\" src=\"https:\/\/fjsp.org.br\/fjsp\/wp-content\/uploads\/2022\/05\/y-09-20-kiku2.mp3?_=20\" \/><a href=\"https:\/\/fjsp.org.br\/fjsp\/wp-content\/uploads\/2022\/05\/y-09-20-kiku2.mp3\">https:\/\/fjsp.org.br\/fjsp\/wp-content\/uploads\/2022\/05\/y-09-20-kiku2.mp3<\/a><\/audio>\n<p>&nbsp;<\/p>\n<p><strong>Li\u00e7\u00e3o 9, 09-21<\/strong><\/p>\n<audio class=\"wp-audio-shortcode\" id=\"audio-21249-21\" preload=\"none\" style=\"width: 100%;\" controls=\"controls\"><source type=\"audio\/mpeg\" src=\"https:\/\/fjsp.org.br\/fjsp\/wp-content\/uploads\/2022\/05\/y-09-21-kiku3.mp3?_=21\" \/><a href=\"https:\/\/fjsp.org.br\/fjsp\/wp-content\/uploads\/2022\/05\/y-09-21-kiku3.mp3\">https:\/\/fjsp.org.br\/fjsp\/wp-content\/uploads\/2022\/05\/y-09-21-kiku3.mp3<\/a><\/audio>\n<p>&nbsp;<\/p>\n<p><strong>Li\u00e7\u00e3o 9, 09-22<\/strong><\/p>\n<audio class=\"wp-audio-shortcode\" id=\"audio-21249-22\" preload=\"none\" style=\"width: 100%;\" controls=\"controls\"><source type=\"audio\/mpeg\" src=\"https:\/\/fjsp.org.br\/fjsp\/wp-content\/uploads\/2022\/05\/y-09-22-kiku4.mp3?_=22\" \/><a href=\"https:\/\/fjsp.org.br\/fjsp\/wp-content\/uploads\/2022\/05\/y-09-22-kiku4.mp3\">https:\/\/fjsp.org.br\/fjsp\/wp-content\/uploads\/2022\/05\/y-09-22-kiku4.mp3<\/a><\/audio>\n<p>&nbsp;<\/p>\n<p><strong>Li\u00e7\u00e3o 9, 09-23<\/strong><\/p>\n<audio class=\"wp-audio-shortcode\" id=\"audio-21249-23\" preload=\"none\" style=\"width: 100%;\" controls=\"controls\"><source type=\"audio\/mpeg\" src=\"https:\/\/fjsp.org.br\/fjsp\/wp-content\/uploads\/2022\/05\/y-09-23-katachi.mp3?_=23\" \/><a href=\"https:\/\/fjsp.org.br\/fjsp\/wp-content\/uploads\/2022\/05\/y-09-23-katachi.mp3\">https:\/\/fjsp.org.br\/fjsp\/wp-content\/uploads\/2022\/05\/y-09-23-katachi.mp3<\/a><\/audio>\n<p>&nbsp;<\/p>\n<p><strong>Li\u00e7\u00e3o 9, 09-24<\/strong><\/p>\n<audio class=\"wp-audio-shortcode\" id=\"audio-21249-24\" preload=\"none\" style=\"width: 100%;\" controls=\"controls\"><source type=\"audio\/mpeg\" src=\"https:\/\/fjsp.org.br\/fjsp\/wp-content\/uploads\/2022\/05\/y-09-24-hanasu.mp3?_=24\" \/><a href=\"https:\/\/fjsp.org.br\/fjsp\/wp-content\/uploads\/2022\/05\/y-09-24-hanasu.mp3\">https:\/\/fjsp.org.br\/fjsp\/wp-content\/uploads\/2022\/05\/y-09-24-hanasu.mp3<\/a><\/audio>\n<p>&nbsp;<\/p>\n","protected":false},"excerpt":{"rendered":"<p>Li\u00e7\u00e3o 9, 09-01 https:\/\/fjsp.org.br\/fjsp\/wp-content\/uploads\/2022\/05\/y-09-01-kiku1.mp3 &nbsp; Li\u00e7\u00e3o 9, 09-02 https:\/\/fjsp.org.br\/fjsp\/wp-content\/uploads\/2022\/05\/y-09-02-kiku2.mp3 &nbsp; Li\u00e7\u00e3o 9, 09-03 https:\/\/fjsp.org.br\/fjsp\/wp-content\/uploads\/2022\/05\/y-09-03-kiku3.mp3 &nbsp; Li\u00e7\u00e3o 9, 09-04 https:\/\/fjsp.org.br\/fjsp\/wp-content\/uploads\/2022\/05\/y-09-04-kiku4.mp3 &nbsp; Li\u00e7\u00e3o 9, 09-05 https:\/\/fjsp.org.br\/fjsp\/wp-content\/uploads\/2022\/05\/y-09-05-katachi.mp3 &nbsp; Li\u00e7\u00e3o 9, 09-06 https:\/\/fjsp.org.br\/fjsp\/wp-content\/uploads\/2022\/05\/y-09-06-hanasu.mp3 &nbsp; Li\u00e7\u00e3o 9, 09-07 https:\/\/fjsp.org.br\/fjsp\/wp-content\/uploads\/2022\/05\/y-09-07-kotoba1.mp3 &nbsp; Li\u00e7\u00e3o 9, 09-08 https:\/\/fjsp.org.br\/fjsp\/wp-content\/uploads\/2022\/05\/y-09-08-kotoba2.mp3 &nbsp; Li\u00e7\u00e3o 9, 09-09 https:\/\/fjsp.org.br\/fjsp\/wp-content\/uploads\/2022\/05\/y-09-09-kiku1.mp3 &nbsp; Li\u00e7\u00e3o 9, 09-10 https:\/\/fjsp.org.br\/fjsp\/wp-content\/uploads\/2022\/05\/y-09-10-kiku2.mp3 &nbsp; Li\u00e7\u00e3o 9, 09-11 https:\/\/fjsp.org.br\/fjsp\/wp-content\/uploads\/2022\/05\/y-09-11-kiku3.mp3 &nbsp; [&hellip;]<\/p>\n","protected":false},"author":33,"featured_media":0,"parent":0,"menu_order":0,"comment_status":"closed","ping_status":"closed","template":"","meta":{"_acf_changed":false,"footnotes":""},"class_list":["post-21249","page","type-page","status-publish","hentry"],"acf":[],"_links":{"self":[{"href":"https:\/\/fjsp.org.br\/fjsp\/wp-json\/wp\/v2\/pages\/21249","targetHints":{"allow":["GET"]}}],"collection":[{"href":"https:\/\/fjsp.org.br\/fjsp\/wp-json\/wp\/v2\/pages"}],"about":[{"href":"https:\/\/fjsp.org.br\/fjsp\/wp-json\/wp\/v2\/types\/page"}],"author":[{"embeddable":true,"href":"https:\/\/fjsp.org.br\/fjsp\/wp-json\/wp\/v2\/users\/33"}],"replies":[{"embeddable":true,"href":"https:\/\/fjsp.org.br\/fjsp\/wp-json\/wp\/v2\/comments?post=21249"}],"version-history":[{"count":1,"href":"https:\/\/fjsp.org.br\/fjsp\/wp-json\/wp\/v2\/pages\/21249\/revisions"}],"predecessor-version":[{"id":21337,"href":"https:\/\/fjsp.org.br\/fjsp\/wp-json\/wp\/v2\/pages\/21249\/revisions\/21337"}],"wp:attachment":[{"href":"https:\/\/fjsp.org.br\/fjsp\/wp-json\/wp\/v2\/media?parent=21249"}],"curies":[{"name":"wp","href":"https:\/\/api.w.org\/{rel}","templated":true}]}}