{"id":21338,"date":"2022-05-17T17:00:40","date_gmt":"2022-05-17T20:00:40","guid":{"rendered":"https:\/\/fjsp.org.br\/fjsp\/?page_id=21338"},"modified":"2022-05-17T17:00:40","modified_gmt":"2022-05-17T20:00:40","slug":"irodori-audio-basico1-licao-11","status":"publish","type":"page","link":"https:\/\/fjsp.org.br\/fjsp\/irodori-audio-basico1-licao-11\/","title":{"rendered":"Irodori \u2013 \u00c1udio B\u00e1sico 1 Li\u00e7\u00e3o 11"},"content":{"rendered":"<p><strong>Li\u00e7\u00e3o 11, 11-01<\/strong><\/p>\n<!--[if lt IE 9]><script>document.createElement('audio');<\/script><![endif]-->\n<audio class=\"wp-audio-shortcode\" id=\"audio-21338-1\" preload=\"none\" style=\"width: 100%;\" controls=\"controls\"><source type=\"audio\/mpeg\" src=\"https:\/\/fjsp.org.br\/fjsp\/wp-content\/uploads\/2022\/05\/y-11-01-kotoba1.mp3?_=1\" \/><a href=\"https:\/\/fjsp.org.br\/fjsp\/wp-content\/uploads\/2022\/05\/y-11-01-kotoba1.mp3\">https:\/\/fjsp.org.br\/fjsp\/wp-content\/uploads\/2022\/05\/y-11-01-kotoba1.mp3<\/a><\/audio>\n<p>&nbsp;<\/p>\n<p><strong>Li\u00e7\u00e3o 11, 11-02<\/strong><\/p>\n<audio class=\"wp-audio-shortcode\" id=\"audio-21338-2\" preload=\"none\" style=\"width: 100%;\" controls=\"controls\"><source type=\"audio\/mpeg\" src=\"https:\/\/fjsp.org.br\/fjsp\/wp-content\/uploads\/2022\/05\/y-11-02-kotoba2.mp3?_=2\" \/><a href=\"https:\/\/fjsp.org.br\/fjsp\/wp-content\/uploads\/2022\/05\/y-11-02-kotoba2.mp3\">https:\/\/fjsp.org.br\/fjsp\/wp-content\/uploads\/2022\/05\/y-11-02-kotoba2.mp3<\/a><\/audio>\n<p>&nbsp;<\/p>\n<p><strong>Li\u00e7\u00e3o 11, 11-03<\/strong><\/p>\n<audio class=\"wp-audio-shortcode\" id=\"audio-21338-3\" preload=\"none\" style=\"width: 100%;\" controls=\"controls\"><source type=\"audio\/mpeg\" src=\"https:\/\/fjsp.org.br\/fjsp\/wp-content\/uploads\/2022\/05\/y-11-03-kiku1.mp3?_=3\" \/><a href=\"https:\/\/fjsp.org.br\/fjsp\/wp-content\/uploads\/2022\/05\/y-11-03-kiku1.mp3\">https:\/\/fjsp.org.br\/fjsp\/wp-content\/uploads\/2022\/05\/y-11-03-kiku1.mp3<\/a><\/audio>\n<p>&nbsp;<\/p>\n<p><strong>Li\u00e7\u00e3o 11, 11-04<\/strong><\/p>\n<audio class=\"wp-audio-shortcode\" id=\"audio-21338-4\" preload=\"none\" style=\"width: 100%;\" controls=\"controls\"><source type=\"audio\/mpeg\" src=\"https:\/\/fjsp.org.br\/fjsp\/wp-content\/uploads\/2022\/05\/y-11-04-kiku2.mp3?_=4\" \/><a href=\"https:\/\/fjsp.org.br\/fjsp\/wp-content\/uploads\/2022\/05\/y-11-04-kiku2.mp3\">https:\/\/fjsp.org.br\/fjsp\/wp-content\/uploads\/2022\/05\/y-11-04-kiku2.mp3<\/a><\/audio>\n<p>&nbsp;<\/p>\n<p><strong>Li\u00e7\u00e3o 11, 11-05<\/strong><\/p>\n<audio class=\"wp-audio-shortcode\" id=\"audio-21338-5\" preload=\"none\" style=\"width: 100%;\" controls=\"controls\"><source type=\"audio\/mpeg\" src=\"https:\/\/fjsp.org.br\/fjsp\/wp-content\/uploads\/2022\/05\/y-11-05-kiku3.mp3?_=5\" \/><a href=\"https:\/\/fjsp.org.br\/fjsp\/wp-content\/uploads\/2022\/05\/y-11-05-kiku3.mp3\">https:\/\/fjsp.org.br\/fjsp\/wp-content\/uploads\/2022\/05\/y-11-05-kiku3.mp3<\/a><\/audio>\n<p>&nbsp;<\/p>\n<p><strong>Li\u00e7\u00e3o 11, 11-06<\/strong><\/p>\n<audio class=\"wp-audio-shortcode\" id=\"audio-21338-6\" preload=\"none\" style=\"width: 100%;\" controls=\"controls\"><source type=\"audio\/mpeg\" src=\"https:\/\/fjsp.org.br\/fjsp\/wp-content\/uploads\/2022\/05\/y-11-06-kiku4.mp3?_=6\" \/><a href=\"https:\/\/fjsp.org.br\/fjsp\/wp-content\/uploads\/2022\/05\/y-11-06-kiku4.mp3\">https:\/\/fjsp.org.br\/fjsp\/wp-content\/uploads\/2022\/05\/y-11-06-kiku4.mp3<\/a><\/audio>\n<p>&nbsp;<\/p>\n<p><strong>Li\u00e7\u00e3o 11, 11-07<\/strong><\/p>\n<audio class=\"wp-audio-shortcode\" id=\"audio-21338-7\" preload=\"none\" style=\"width: 100%;\" controls=\"controls\"><source type=\"audio\/mpeg\" src=\"https:\/\/fjsp.org.br\/fjsp\/wp-content\/uploads\/2022\/05\/y-11-07-katachi.mp3?_=7\" \/><a href=\"https:\/\/fjsp.org.br\/fjsp\/wp-content\/uploads\/2022\/05\/y-11-07-katachi.mp3\">https:\/\/fjsp.org.br\/fjsp\/wp-content\/uploads\/2022\/05\/y-11-07-katachi.mp3<\/a><\/audio>\n<p>&nbsp;<\/p>\n<p><strong>Li\u00e7\u00e3o 11, 11-08<\/strong><\/p>\n<audio class=\"wp-audio-shortcode\" id=\"audio-21338-8\" preload=\"none\" style=\"width: 100%;\" controls=\"controls\"><source type=\"audio\/mpeg\" src=\"https:\/\/fjsp.org.br\/fjsp\/wp-content\/uploads\/2022\/05\/y-11-08-hanasu1.mp3?_=8\" \/><a href=\"https:\/\/fjsp.org.br\/fjsp\/wp-content\/uploads\/2022\/05\/y-11-08-hanasu1.mp3\">https:\/\/fjsp.org.br\/fjsp\/wp-content\/uploads\/2022\/05\/y-11-08-hanasu1.mp3<\/a><\/audio>\n<p>&nbsp;<\/p>\n<p><strong>Li\u00e7\u00e3o 11, 11-09<\/strong><\/p>\n<audio class=\"wp-audio-shortcode\" id=\"audio-21338-9\" preload=\"none\" style=\"width: 100%;\" controls=\"controls\"><source type=\"audio\/mpeg\" src=\"https:\/\/fjsp.org.br\/fjsp\/wp-content\/uploads\/2022\/05\/y-11-09-hanasu2.mp3?_=9\" \/><a href=\"https:\/\/fjsp.org.br\/fjsp\/wp-content\/uploads\/2022\/05\/y-11-09-hanasu2.mp3\">https:\/\/fjsp.org.br\/fjsp\/wp-content\/uploads\/2022\/05\/y-11-09-hanasu2.mp3<\/a><\/audio>\n<p>&nbsp;<\/p>\n<p><strong>Li\u00e7\u00e3o 11, 11-10<\/strong><\/p>\n<audio class=\"wp-audio-shortcode\" id=\"audio-21338-10\" preload=\"none\" style=\"width: 100%;\" controls=\"controls\"><source type=\"audio\/mpeg\" src=\"https:\/\/fjsp.org.br\/fjsp\/wp-content\/uploads\/2022\/05\/y-11-10-kaiwa.mp3?_=10\" \/><a href=\"https:\/\/fjsp.org.br\/fjsp\/wp-content\/uploads\/2022\/05\/y-11-10-kaiwa.mp3\">https:\/\/fjsp.org.br\/fjsp\/wp-content\/uploads\/2022\/05\/y-11-10-kaiwa.mp3<\/a><\/audio>\n<p>&nbsp;<\/p>\n<p><strong>Li\u00e7\u00e3o 11, 11-11<\/strong><\/p>\n<audio class=\"wp-audio-shortcode\" id=\"audio-21338-11\" preload=\"none\" style=\"width: 100%;\" controls=\"controls\"><source type=\"audio\/mpeg\" src=\"https:\/\/fjsp.org.br\/fjsp\/wp-content\/uploads\/2022\/05\/y-11-11-katachi.mp3?_=11\" \/><a href=\"https:\/\/fjsp.org.br\/fjsp\/wp-content\/uploads\/2022\/05\/y-11-11-katachi.mp3\">https:\/\/fjsp.org.br\/fjsp\/wp-content\/uploads\/2022\/05\/y-11-11-katachi.mp3<\/a><\/audio>\n<p>&nbsp;<\/p>\n<p><strong>Li\u00e7\u00e3o 11, 11-12<\/strong><\/p>\n<audio class=\"wp-audio-shortcode\" id=\"audio-21338-12\" preload=\"none\" style=\"width: 100%;\" controls=\"controls\"><source type=\"audio\/mpeg\" src=\"https:\/\/fjsp.org.br\/fjsp\/wp-content\/uploads\/2022\/05\/y-11-12-hanasu1-1.mp3?_=12\" \/><a href=\"https:\/\/fjsp.org.br\/fjsp\/wp-content\/uploads\/2022\/05\/y-11-12-hanasu1-1.mp3\">https:\/\/fjsp.org.br\/fjsp\/wp-content\/uploads\/2022\/05\/y-11-12-hanasu1-1.mp3<\/a><\/audio>\n<p>&nbsp;<\/p>\n<p><strong>Li\u00e7\u00e3o 11, 11-13<\/strong><\/p>\n<audio class=\"wp-audio-shortcode\" id=\"audio-21338-13\" preload=\"none\" style=\"width: 100%;\" controls=\"controls\"><source type=\"audio\/mpeg\" src=\"https:\/\/fjsp.org.br\/fjsp\/wp-content\/uploads\/2022\/05\/y-11-13-hanasu1-2.mp3?_=13\" \/><a href=\"https:\/\/fjsp.org.br\/fjsp\/wp-content\/uploads\/2022\/05\/y-11-13-hanasu1-2.mp3\">https:\/\/fjsp.org.br\/fjsp\/wp-content\/uploads\/2022\/05\/y-11-13-hanasu1-2.mp3<\/a><\/audio>\n<p>&nbsp;<\/p>\n<p><strong>Li\u00e7\u00e3o 11, 11-14<\/strong><\/p>\n<audio class=\"wp-audio-shortcode\" id=\"audio-21338-14\" preload=\"none\" style=\"width: 100%;\" controls=\"controls\"><source type=\"audio\/mpeg\" src=\"https:\/\/fjsp.org.br\/fjsp\/wp-content\/uploads\/2022\/05\/y-11-14-hanasu2.mp3?_=14\" \/><a href=\"https:\/\/fjsp.org.br\/fjsp\/wp-content\/uploads\/2022\/05\/y-11-14-hanasu2.mp3\">https:\/\/fjsp.org.br\/fjsp\/wp-content\/uploads\/2022\/05\/y-11-14-hanasu2.mp3<\/a><\/audio>\n<p>&nbsp;<\/p>\n<p><strong>Li\u00e7\u00e3o 11, 11-15<\/strong><\/p>\n<audio class=\"wp-audio-shortcode\" id=\"audio-21338-15\" preload=\"none\" style=\"width: 100%;\" controls=\"controls\"><source type=\"audio\/mpeg\" src=\"https:\/\/fjsp.org.br\/fjsp\/wp-content\/uploads\/2022\/05\/y-11-15-kotoba1.mp3?_=15\" \/><a href=\"https:\/\/fjsp.org.br\/fjsp\/wp-content\/uploads\/2022\/05\/y-11-15-kotoba1.mp3\">https:\/\/fjsp.org.br\/fjsp\/wp-content\/uploads\/2022\/05\/y-11-15-kotoba1.mp3<\/a><\/audio>\n<p>&nbsp;<\/p>\n<p><strong>Li\u00e7\u00e3o 11, 11-16<\/strong><\/p>\n<audio class=\"wp-audio-shortcode\" id=\"audio-21338-16\" preload=\"none\" style=\"width: 100%;\" controls=\"controls\"><source type=\"audio\/mpeg\" src=\"https:\/\/fjsp.org.br\/fjsp\/wp-content\/uploads\/2022\/05\/y-11-16-kotoba2.mp3?_=16\" \/><a href=\"https:\/\/fjsp.org.br\/fjsp\/wp-content\/uploads\/2022\/05\/y-11-16-kotoba2.mp3\">https:\/\/fjsp.org.br\/fjsp\/wp-content\/uploads\/2022\/05\/y-11-16-kotoba2.mp3<\/a><\/audio>\n<p>&nbsp;<\/p>\n<p><strong>Li\u00e7\u00e3o 11, 11-17<\/strong><\/p>\n<audio class=\"wp-audio-shortcode\" id=\"audio-21338-17\" preload=\"none\" style=\"width: 100%;\" controls=\"controls\"><source type=\"audio\/mpeg\" src=\"https:\/\/fjsp.org.br\/fjsp\/wp-content\/uploads\/2022\/05\/y-11-17-kiku1.mp3?_=17\" \/><a href=\"https:\/\/fjsp.org.br\/fjsp\/wp-content\/uploads\/2022\/05\/y-11-17-kiku1.mp3\">https:\/\/fjsp.org.br\/fjsp\/wp-content\/uploads\/2022\/05\/y-11-17-kiku1.mp3<\/a><\/audio>\n<p>&nbsp;<\/p>\n<p><strong>Li\u00e7\u00e3o 11, 11-18<\/strong><\/p>\n<audio class=\"wp-audio-shortcode\" id=\"audio-21338-18\" preload=\"none\" style=\"width: 100%;\" controls=\"controls\"><source type=\"audio\/mpeg\" src=\"https:\/\/fjsp.org.br\/fjsp\/wp-content\/uploads\/2022\/05\/y-11-18-kiku2.mp3?_=18\" \/><a href=\"https:\/\/fjsp.org.br\/fjsp\/wp-content\/uploads\/2022\/05\/y-11-18-kiku2.mp3\">https:\/\/fjsp.org.br\/fjsp\/wp-content\/uploads\/2022\/05\/y-11-18-kiku2.mp3<\/a><\/audio>\n<p>&nbsp;<\/p>\n<p><strong>Li\u00e7\u00e3o 11, 11-19<\/strong><\/p>\n<audio class=\"wp-audio-shortcode\" id=\"audio-21338-19\" preload=\"none\" style=\"width: 100%;\" controls=\"controls\"><source type=\"audio\/mpeg\" src=\"https:\/\/fjsp.org.br\/fjsp\/wp-content\/uploads\/2022\/05\/y-11-19-kiku3.mp3?_=19\" \/><a href=\"https:\/\/fjsp.org.br\/fjsp\/wp-content\/uploads\/2022\/05\/y-11-19-kiku3.mp3\">https:\/\/fjsp.org.br\/fjsp\/wp-content\/uploads\/2022\/05\/y-11-19-kiku3.mp3<\/a><\/audio>\n<p>&nbsp;<\/p>\n<p><strong>Li\u00e7\u00e3o 11, 11-20<\/strong><\/p>\n<audio class=\"wp-audio-shortcode\" id=\"audio-21338-20\" preload=\"none\" style=\"width: 100%;\" controls=\"controls\"><source type=\"audio\/mpeg\" src=\"https:\/\/fjsp.org.br\/fjsp\/wp-content\/uploads\/2022\/05\/y-11-20-kiku4.mp3?_=20\" \/><a href=\"https:\/\/fjsp.org.br\/fjsp\/wp-content\/uploads\/2022\/05\/y-11-20-kiku4.mp3\">https:\/\/fjsp.org.br\/fjsp\/wp-content\/uploads\/2022\/05\/y-11-20-kiku4.mp3<\/a><\/audio>\n<p>&nbsp;<\/p>\n<p><strong>Li\u00e7\u00e3o 11, 11-21<\/strong><\/p>\n<audio class=\"wp-audio-shortcode\" id=\"audio-21338-21\" preload=\"none\" style=\"width: 100%;\" controls=\"controls\"><source type=\"audio\/mpeg\" src=\"https:\/\/fjsp.org.br\/fjsp\/wp-content\/uploads\/2022\/05\/y-11-21-katachi.mp3?_=21\" \/><a href=\"https:\/\/fjsp.org.br\/fjsp\/wp-content\/uploads\/2022\/05\/y-11-21-katachi.mp3\">https:\/\/fjsp.org.br\/fjsp\/wp-content\/uploads\/2022\/05\/y-11-21-katachi.mp3<\/a><\/audio>\n<p>&nbsp;<\/p>\n<p><strong>Li\u00e7\u00e3o 11, 11-22<\/strong><\/p>\n<audio class=\"wp-audio-shortcode\" id=\"audio-21338-22\" preload=\"none\" style=\"width: 100%;\" controls=\"controls\"><source type=\"audio\/mpeg\" src=\"https:\/\/fjsp.org.br\/fjsp\/wp-content\/uploads\/2022\/05\/y-11-22-hanasu1-1.mp3?_=22\" \/><a href=\"https:\/\/fjsp.org.br\/fjsp\/wp-content\/uploads\/2022\/05\/y-11-22-hanasu1-1.mp3\">https:\/\/fjsp.org.br\/fjsp\/wp-content\/uploads\/2022\/05\/y-11-22-hanasu1-1.mp3<\/a><\/audio>\n<p>&nbsp;<\/p>\n<p><strong>Li\u00e7\u00e3o 11, 11-23<\/strong><\/p>\n<audio class=\"wp-audio-shortcode\" id=\"audio-21338-23\" preload=\"none\" style=\"width: 100%;\" controls=\"controls\"><source type=\"audio\/mpeg\" src=\"https:\/\/fjsp.org.br\/fjsp\/wp-content\/uploads\/2022\/05\/y-11-23-hanasu1-2.mp3?_=23\" \/><a href=\"https:\/\/fjsp.org.br\/fjsp\/wp-content\/uploads\/2022\/05\/y-11-23-hanasu1-2.mp3\">https:\/\/fjsp.org.br\/fjsp\/wp-content\/uploads\/2022\/05\/y-11-23-hanasu1-2.mp3<\/a><\/audio>\n<p>&nbsp;<\/p>\n<p><strong>Li\u00e7\u00e3o 11, 11-24<\/strong><\/p>\n<audio class=\"wp-audio-shortcode\" id=\"audio-21338-24\" preload=\"none\" style=\"width: 100%;\" controls=\"controls\"><source type=\"audio\/mpeg\" src=\"https:\/\/fjsp.org.br\/fjsp\/wp-content\/uploads\/2022\/05\/y-11-24-hanasu1-3.mp3?_=24\" \/><a href=\"https:\/\/fjsp.org.br\/fjsp\/wp-content\/uploads\/2022\/05\/y-11-24-hanasu1-3.mp3\">https:\/\/fjsp.org.br\/fjsp\/wp-content\/uploads\/2022\/05\/y-11-24-hanasu1-3.mp3<\/a><\/audio>\n<p>&nbsp;<\/p>\n<p><strong>Li\u00e7\u00e3o 11, 11-25<\/strong><\/p>\n<audio class=\"wp-audio-shortcode\" id=\"audio-21338-25\" preload=\"none\" style=\"width: 100%;\" controls=\"controls\"><source type=\"audio\/mpeg\" src=\"https:\/\/fjsp.org.br\/fjsp\/wp-content\/uploads\/2022\/05\/y-11-25-hanasu2-1.mp3?_=25\" \/><a href=\"https:\/\/fjsp.org.br\/fjsp\/wp-content\/uploads\/2022\/05\/y-11-25-hanasu2-1.mp3\">https:\/\/fjsp.org.br\/fjsp\/wp-content\/uploads\/2022\/05\/y-11-25-hanasu2-1.mp3<\/a><\/audio>\n<p>&nbsp;<\/p>\n<p><strong>Li\u00e7\u00e3o 11, 11-26<\/strong><\/p>\n<audio class=\"wp-audio-shortcode\" id=\"audio-21338-26\" preload=\"none\" style=\"width: 100%;\" controls=\"controls\"><source type=\"audio\/mpeg\" src=\"https:\/\/fjsp.org.br\/fjsp\/wp-content\/uploads\/2022\/05\/y-11-26-hanasu2-2.mp3?_=26\" \/><a href=\"https:\/\/fjsp.org.br\/fjsp\/wp-content\/uploads\/2022\/05\/y-11-26-hanasu2-2.mp3\">https:\/\/fjsp.org.br\/fjsp\/wp-content\/uploads\/2022\/05\/y-11-26-hanasu2-2.mp3<\/a><\/audio>\n<p>&nbsp;<\/p>\n","protected":false},"excerpt":{"rendered":"<p>Li\u00e7\u00e3o 11, 11-01 https:\/\/fjsp.org.br\/fjsp\/wp-content\/uploads\/2022\/05\/y-11-01-kotoba1.mp3 &nbsp; Li\u00e7\u00e3o 11, 11-02 https:\/\/fjsp.org.br\/fjsp\/wp-content\/uploads\/2022\/05\/y-11-02-kotoba2.mp3 &nbsp; Li\u00e7\u00e3o 11, 11-03 https:\/\/fjsp.org.br\/fjsp\/wp-content\/uploads\/2022\/05\/y-11-03-kiku1.mp3 &nbsp; Li\u00e7\u00e3o 11, 11-04 https:\/\/fjsp.org.br\/fjsp\/wp-content\/uploads\/2022\/05\/y-11-04-kiku2.mp3 &nbsp; Li\u00e7\u00e3o 11, 11-05 https:\/\/fjsp.org.br\/fjsp\/wp-content\/uploads\/2022\/05\/y-11-05-kiku3.mp3 &nbsp; Li\u00e7\u00e3o 11, 11-06 https:\/\/fjsp.org.br\/fjsp\/wp-content\/uploads\/2022\/05\/y-11-06-kiku4.mp3 &nbsp; Li\u00e7\u00e3o 11, 11-07 https:\/\/fjsp.org.br\/fjsp\/wp-content\/uploads\/2022\/05\/y-11-07-katachi.mp3 &nbsp; Li\u00e7\u00e3o 11, 11-08 https:\/\/fjsp.org.br\/fjsp\/wp-content\/uploads\/2022\/05\/y-11-08-hanasu1.mp3 &nbsp; Li\u00e7\u00e3o 11, 11-09 https:\/\/fjsp.org.br\/fjsp\/wp-content\/uploads\/2022\/05\/y-11-09-hanasu2.mp3 &nbsp; Li\u00e7\u00e3o 11, 11-10 https:\/\/fjsp.org.br\/fjsp\/wp-content\/uploads\/2022\/05\/y-11-10-kaiwa.mp3 &nbsp; Li\u00e7\u00e3o 11, 11-11 https:\/\/fjsp.org.br\/fjsp\/wp-content\/uploads\/2022\/05\/y-11-11-katachi.mp3 &nbsp; [&hellip;]<\/p>\n","protected":false},"author":33,"featured_media":0,"parent":0,"menu_order":0,"comment_status":"closed","ping_status":"closed","template":"","meta":{"_acf_changed":false,"footnotes":""},"class_list":["post-21338","page","type-page","status-publish","hentry"],"acf":[],"_links":{"self":[{"href":"https:\/\/fjsp.org.br\/fjsp\/wp-json\/wp\/v2\/pages\/21338","targetHints":{"allow":["GET"]}}],"collection":[{"href":"https:\/\/fjsp.org.br\/fjsp\/wp-json\/wp\/v2\/pages"}],"about":[{"href":"https:\/\/fjsp.org.br\/fjsp\/wp-json\/wp\/v2\/types\/page"}],"author":[{"embeddable":true,"href":"https:\/\/fjsp.org.br\/fjsp\/wp-json\/wp\/v2\/users\/33"}],"replies":[{"embeddable":true,"href":"https:\/\/fjsp.org.br\/fjsp\/wp-json\/wp\/v2\/comments?post=21338"}],"version-history":[{"count":2,"href":"https:\/\/fjsp.org.br\/fjsp\/wp-json\/wp\/v2\/pages\/21338\/revisions"}],"predecessor-version":[{"id":21439,"href":"https:\/\/fjsp.org.br\/fjsp\/wp-json\/wp\/v2\/pages\/21338\/revisions\/21439"}],"wp:attachment":[{"href":"https:\/\/fjsp.org.br\/fjsp\/wp-json\/wp\/v2\/media?parent=21338"}],"curies":[{"name":"wp","href":"https:\/\/api.w.org\/{rel}","templated":true}]}}