{"id":21342,"date":"2022-05-19T04:26:54","date_gmt":"2022-05-19T07:26:54","guid":{"rendered":"https:\/\/fjsp.org.br\/fjsp\/?page_id=21342"},"modified":"2022-05-19T04:26:54","modified_gmt":"2022-05-19T07:26:54","slug":"irodori-audio-basico1-licao-15","status":"publish","type":"page","link":"https:\/\/fjsp.org.br\/fjsp\/irodori-audio-basico1-licao-15\/","title":{"rendered":"Irodori \u2013 \u00c1udio B\u00e1sico 1 Li\u00e7\u00e3o 15"},"content":{"rendered":"<p><strong>Li\u00e7\u00e3o 15, 15-01<\/strong><\/p>\n<!--[if lt IE 9]><script>document.createElement('audio');<\/script><![endif]-->\n<audio class=\"wp-audio-shortcode\" id=\"audio-21342-1\" preload=\"none\" style=\"width: 100%;\" controls=\"controls\"><source type=\"audio\/mpeg\" src=\"https:\/\/fjsp.org.br\/fjsp\/wp-content\/uploads\/2022\/05\/y-15-01-kotoba1.mp3?_=1\" \/><a href=\"https:\/\/fjsp.org.br\/fjsp\/wp-content\/uploads\/2022\/05\/y-15-01-kotoba1.mp3\">https:\/\/fjsp.org.br\/fjsp\/wp-content\/uploads\/2022\/05\/y-15-01-kotoba1.mp3<\/a><\/audio>\n<p>&nbsp;<\/p>\n<p><strong>Li\u00e7\u00e3o 15, 15-02<\/strong><\/p>\n<audio class=\"wp-audio-shortcode\" id=\"audio-21342-2\" preload=\"none\" style=\"width: 100%;\" controls=\"controls\"><source type=\"audio\/mpeg\" src=\"https:\/\/fjsp.org.br\/fjsp\/wp-content\/uploads\/2022\/05\/y-15-02-kotoba2.mp3?_=2\" \/><a href=\"https:\/\/fjsp.org.br\/fjsp\/wp-content\/uploads\/2022\/05\/y-15-02-kotoba2.mp3\">https:\/\/fjsp.org.br\/fjsp\/wp-content\/uploads\/2022\/05\/y-15-02-kotoba2.mp3<\/a><\/audio>\n<p>&nbsp;<\/p>\n<p><strong>Li\u00e7\u00e3o 15, 15-03<\/strong><\/p>\n<audio class=\"wp-audio-shortcode\" id=\"audio-21342-3\" preload=\"none\" style=\"width: 100%;\" controls=\"controls\"><source type=\"audio\/mpeg\" src=\"https:\/\/fjsp.org.br\/fjsp\/wp-content\/uploads\/2022\/05\/y-15-03-kiku1.mp3?_=3\" \/><a href=\"https:\/\/fjsp.org.br\/fjsp\/wp-content\/uploads\/2022\/05\/y-15-03-kiku1.mp3\">https:\/\/fjsp.org.br\/fjsp\/wp-content\/uploads\/2022\/05\/y-15-03-kiku1.mp3<\/a><\/audio>\n<p>&nbsp;<\/p>\n<p><strong>Li\u00e7\u00e3o 15, 15-04<\/strong><\/p>\n<audio class=\"wp-audio-shortcode\" id=\"audio-21342-4\" preload=\"none\" style=\"width: 100%;\" controls=\"controls\"><source type=\"audio\/mpeg\" src=\"https:\/\/fjsp.org.br\/fjsp\/wp-content\/uploads\/2022\/05\/y-15-04-kiku2.mp3?_=4\" \/><a href=\"https:\/\/fjsp.org.br\/fjsp\/wp-content\/uploads\/2022\/05\/y-15-04-kiku2.mp3\">https:\/\/fjsp.org.br\/fjsp\/wp-content\/uploads\/2022\/05\/y-15-04-kiku2.mp3<\/a><\/audio>\n<p>&nbsp;<\/p>\n<p><strong>Li\u00e7\u00e3o 15, 15-05<\/strong><\/p>\n<audio class=\"wp-audio-shortcode\" id=\"audio-21342-5\" preload=\"none\" style=\"width: 100%;\" controls=\"controls\"><source type=\"audio\/mpeg\" src=\"https:\/\/fjsp.org.br\/fjsp\/wp-content\/uploads\/2022\/05\/y-15-05-kiku3.mp3?_=5\" \/><a href=\"https:\/\/fjsp.org.br\/fjsp\/wp-content\/uploads\/2022\/05\/y-15-05-kiku3.mp3\">https:\/\/fjsp.org.br\/fjsp\/wp-content\/uploads\/2022\/05\/y-15-05-kiku3.mp3<\/a><\/audio>\n<p>&nbsp;<\/p>\n<p><strong>Li\u00e7\u00e3o 15, 15-06<\/strong><\/p>\n<audio class=\"wp-audio-shortcode\" id=\"audio-21342-6\" preload=\"none\" style=\"width: 100%;\" controls=\"controls\"><source type=\"audio\/mpeg\" src=\"https:\/\/fjsp.org.br\/fjsp\/wp-content\/uploads\/2022\/05\/y-15-06-kiku4.mp3?_=6\" \/><a href=\"https:\/\/fjsp.org.br\/fjsp\/wp-content\/uploads\/2022\/05\/y-15-06-kiku4.mp3\">https:\/\/fjsp.org.br\/fjsp\/wp-content\/uploads\/2022\/05\/y-15-06-kiku4.mp3<\/a><\/audio>\n<p>&nbsp;<\/p>\n<p><strong>Li\u00e7\u00e3o 15, 15-07<\/strong><\/p>\n<audio class=\"wp-audio-shortcode\" id=\"audio-21342-7\" preload=\"none\" style=\"width: 100%;\" controls=\"controls\"><source type=\"audio\/mpeg\" src=\"https:\/\/fjsp.org.br\/fjsp\/wp-content\/uploads\/2022\/05\/y-15-07-katachi.mp3?_=7\" \/><a href=\"https:\/\/fjsp.org.br\/fjsp\/wp-content\/uploads\/2022\/05\/y-15-07-katachi.mp3\">https:\/\/fjsp.org.br\/fjsp\/wp-content\/uploads\/2022\/05\/y-15-07-katachi.mp3<\/a><\/audio>\n<p>&nbsp;<\/p>\n<p><strong>Li\u00e7\u00e3o 15, 15-08<\/strong><\/p>\n<audio class=\"wp-audio-shortcode\" id=\"audio-21342-8\" preload=\"none\" style=\"width: 100%;\" controls=\"controls\"><source type=\"audio\/mpeg\" src=\"https:\/\/fjsp.org.br\/fjsp\/wp-content\/uploads\/2022\/05\/y-15-08-hanasu1.mp3?_=8\" \/><a href=\"https:\/\/fjsp.org.br\/fjsp\/wp-content\/uploads\/2022\/05\/y-15-08-hanasu1.mp3\">https:\/\/fjsp.org.br\/fjsp\/wp-content\/uploads\/2022\/05\/y-15-08-hanasu1.mp3<\/a><\/audio>\n<p>&nbsp;<\/p>\n<p><strong>Li\u00e7\u00e3o 15, 15-09<\/strong><\/p>\n<audio class=\"wp-audio-shortcode\" id=\"audio-21342-9\" preload=\"none\" style=\"width: 100%;\" controls=\"controls\"><source type=\"audio\/mpeg\" src=\"https:\/\/fjsp.org.br\/fjsp\/wp-content\/uploads\/2022\/05\/y-15-09-hanasu2.mp3?_=9\" \/><a href=\"https:\/\/fjsp.org.br\/fjsp\/wp-content\/uploads\/2022\/05\/y-15-09-hanasu2.mp3\">https:\/\/fjsp.org.br\/fjsp\/wp-content\/uploads\/2022\/05\/y-15-09-hanasu2.mp3<\/a><\/audio>\n<p>&nbsp;<\/p>\n<p><strong>Li\u00e7\u00e3o 15, 15-10<\/strong><\/p>\n<audio class=\"wp-audio-shortcode\" id=\"audio-21342-10\" preload=\"none\" style=\"width: 100%;\" controls=\"controls\"><source type=\"audio\/mpeg\" src=\"https:\/\/fjsp.org.br\/fjsp\/wp-content\/uploads\/2022\/05\/y-15-10-kaiwa1.mp3?_=10\" \/><a href=\"https:\/\/fjsp.org.br\/fjsp\/wp-content\/uploads\/2022\/05\/y-15-10-kaiwa1.mp3\">https:\/\/fjsp.org.br\/fjsp\/wp-content\/uploads\/2022\/05\/y-15-10-kaiwa1.mp3<\/a><\/audio>\n<p>&nbsp;<\/p>\n<p><strong>Li\u00e7\u00e3o 15, 15-11<\/strong><\/p>\n<audio class=\"wp-audio-shortcode\" id=\"audio-21342-11\" preload=\"none\" style=\"width: 100%;\" controls=\"controls\"><source type=\"audio\/mpeg\" src=\"https:\/\/fjsp.org.br\/fjsp\/wp-content\/uploads\/2022\/05\/y-15-11-kaiwa2.mp3?_=11\" \/><a href=\"https:\/\/fjsp.org.br\/fjsp\/wp-content\/uploads\/2022\/05\/y-15-11-kaiwa2.mp3\">https:\/\/fjsp.org.br\/fjsp\/wp-content\/uploads\/2022\/05\/y-15-11-kaiwa2.mp3<\/a><\/audio>\n<p>&nbsp;<\/p>\n<p><strong>Li\u00e7\u00e3o 15, 15-12<\/strong><\/p>\n<audio class=\"wp-audio-shortcode\" id=\"audio-21342-12\" preload=\"none\" style=\"width: 100%;\" controls=\"controls\"><source type=\"audio\/mpeg\" src=\"https:\/\/fjsp.org.br\/fjsp\/wp-content\/uploads\/2022\/05\/y-15-12-kaiwa3.mp3?_=12\" \/><a href=\"https:\/\/fjsp.org.br\/fjsp\/wp-content\/uploads\/2022\/05\/y-15-12-kaiwa3.mp3\">https:\/\/fjsp.org.br\/fjsp\/wp-content\/uploads\/2022\/05\/y-15-12-kaiwa3.mp3<\/a><\/audio>\n<p>&nbsp;<\/p>\n<p><strong>Li\u00e7\u00e3o 15, 15-13<\/strong><\/p>\n<audio class=\"wp-audio-shortcode\" id=\"audio-21342-13\" preload=\"none\" style=\"width: 100%;\" controls=\"controls\"><source type=\"audio\/mpeg\" src=\"https:\/\/fjsp.org.br\/fjsp\/wp-content\/uploads\/2022\/05\/y-15-13-katachi.mp3?_=13\" \/><a href=\"https:\/\/fjsp.org.br\/fjsp\/wp-content\/uploads\/2022\/05\/y-15-13-katachi.mp3\">https:\/\/fjsp.org.br\/fjsp\/wp-content\/uploads\/2022\/05\/y-15-13-katachi.mp3<\/a><\/audio>\n<p>&nbsp;<\/p>\n<p><strong>Li\u00e7\u00e3o 15, 15-14<\/strong><\/p>\n<audio class=\"wp-audio-shortcode\" id=\"audio-21342-14\" preload=\"none\" style=\"width: 100%;\" controls=\"controls\"><source type=\"audio\/mpeg\" src=\"https:\/\/fjsp.org.br\/fjsp\/wp-content\/uploads\/2022\/05\/y-15-14-kiku1.mp3?_=14\" \/><a href=\"https:\/\/fjsp.org.br\/fjsp\/wp-content\/uploads\/2022\/05\/y-15-14-kiku1.mp3\">https:\/\/fjsp.org.br\/fjsp\/wp-content\/uploads\/2022\/05\/y-15-14-kiku1.mp3<\/a><\/audio>\n<p>&nbsp;<\/p>\n<p><strong>Li\u00e7\u00e3o 15, 15-15<\/strong><\/p>\n<audio class=\"wp-audio-shortcode\" id=\"audio-21342-15\" preload=\"none\" style=\"width: 100%;\" controls=\"controls\"><source type=\"audio\/mpeg\" src=\"https:\/\/fjsp.org.br\/fjsp\/wp-content\/uploads\/2022\/05\/y-15-15-kiku2.mp3?_=15\" \/><a href=\"https:\/\/fjsp.org.br\/fjsp\/wp-content\/uploads\/2022\/05\/y-15-15-kiku2.mp3\">https:\/\/fjsp.org.br\/fjsp\/wp-content\/uploads\/2022\/05\/y-15-15-kiku2.mp3<\/a><\/audio>\n<p>&nbsp;<\/p>\n<p><strong>Li\u00e7\u00e3o 15, 15-16<\/strong><\/p>\n<audio class=\"wp-audio-shortcode\" id=\"audio-21342-16\" preload=\"none\" style=\"width: 100%;\" controls=\"controls\"><source type=\"audio\/mpeg\" src=\"https:\/\/fjsp.org.br\/fjsp\/wp-content\/uploads\/2022\/05\/y-15-16-kiku3.mp3?_=16\" \/><a href=\"https:\/\/fjsp.org.br\/fjsp\/wp-content\/uploads\/2022\/05\/y-15-16-kiku3.mp3\">https:\/\/fjsp.org.br\/fjsp\/wp-content\/uploads\/2022\/05\/y-15-16-kiku3.mp3<\/a><\/audio>\n<p>&nbsp;<\/p>\n<p><strong>Li\u00e7\u00e3o 15, 15-17<\/strong><\/p>\n<audio class=\"wp-audio-shortcode\" id=\"audio-21342-17\" preload=\"none\" style=\"width: 100%;\" controls=\"controls\"><source type=\"audio\/mpeg\" src=\"https:\/\/fjsp.org.br\/fjsp\/wp-content\/uploads\/2022\/05\/y-15-17-kiku4.mp3?_=17\" \/><a href=\"https:\/\/fjsp.org.br\/fjsp\/wp-content\/uploads\/2022\/05\/y-15-17-kiku4.mp3\">https:\/\/fjsp.org.br\/fjsp\/wp-content\/uploads\/2022\/05\/y-15-17-kiku4.mp3<\/a><\/audio>\n<p>&nbsp;<\/p>\n<p><strong>Li\u00e7\u00e3o 15, 15-18<\/strong><\/p>\n<audio class=\"wp-audio-shortcode\" id=\"audio-21342-18\" preload=\"none\" style=\"width: 100%;\" controls=\"controls\"><source type=\"audio\/mpeg\" src=\"https:\/\/fjsp.org.br\/fjsp\/wp-content\/uploads\/2022\/05\/y-15-18-katachi.mp3?_=18\" \/><a href=\"https:\/\/fjsp.org.br\/fjsp\/wp-content\/uploads\/2022\/05\/y-15-18-katachi.mp3\">https:\/\/fjsp.org.br\/fjsp\/wp-content\/uploads\/2022\/05\/y-15-18-katachi.mp3<\/a><\/audio>\n<p>&nbsp;<\/p>\n","protected":false},"excerpt":{"rendered":"<p>Li\u00e7\u00e3o 15, 15-01 https:\/\/fjsp.org.br\/fjsp\/wp-content\/uploads\/2022\/05\/y-15-01-kotoba1.mp3 &nbsp; Li\u00e7\u00e3o 15, 15-02 https:\/\/fjsp.org.br\/fjsp\/wp-content\/uploads\/2022\/05\/y-15-02-kotoba2.mp3 &nbsp; Li\u00e7\u00e3o 15, 15-03 https:\/\/fjsp.org.br\/fjsp\/wp-content\/uploads\/2022\/05\/y-15-03-kiku1.mp3 &nbsp; Li\u00e7\u00e3o 15, 15-04 https:\/\/fjsp.org.br\/fjsp\/wp-content\/uploads\/2022\/05\/y-15-04-kiku2.mp3 &nbsp; Li\u00e7\u00e3o 15, 15-05 https:\/\/fjsp.org.br\/fjsp\/wp-content\/uploads\/2022\/05\/y-15-05-kiku3.mp3 &nbsp; Li\u00e7\u00e3o 15, 15-06 https:\/\/fjsp.org.br\/fjsp\/wp-content\/uploads\/2022\/05\/y-15-06-kiku4.mp3 &nbsp; Li\u00e7\u00e3o 15, 15-07 https:\/\/fjsp.org.br\/fjsp\/wp-content\/uploads\/2022\/05\/y-15-07-katachi.mp3 &nbsp; Li\u00e7\u00e3o 15, 15-08 https:\/\/fjsp.org.br\/fjsp\/wp-content\/uploads\/2022\/05\/y-15-08-hanasu1.mp3 &nbsp; Li\u00e7\u00e3o 15, 15-09 https:\/\/fjsp.org.br\/fjsp\/wp-content\/uploads\/2022\/05\/y-15-09-hanasu2.mp3 &nbsp; Li\u00e7\u00e3o 15, 15-10 https:\/\/fjsp.org.br\/fjsp\/wp-content\/uploads\/2022\/05\/y-15-10-kaiwa1.mp3 &nbsp; Li\u00e7\u00e3o 15, 15-11 https:\/\/fjsp.org.br\/fjsp\/wp-content\/uploads\/2022\/05\/y-15-11-kaiwa2.mp3 &nbsp; [&hellip;]<\/p>\n","protected":false},"author":33,"featured_media":0,"parent":0,"menu_order":0,"comment_status":"closed","ping_status":"closed","template":"","meta":{"_acf_changed":false,"footnotes":""},"class_list":["post-21342","page","type-page","status-publish","hentry"],"acf":[],"_links":{"self":[{"href":"https:\/\/fjsp.org.br\/fjsp\/wp-json\/wp\/v2\/pages\/21342","targetHints":{"allow":["GET"]}}],"collection":[{"href":"https:\/\/fjsp.org.br\/fjsp\/wp-json\/wp\/v2\/pages"}],"about":[{"href":"https:\/\/fjsp.org.br\/fjsp\/wp-json\/wp\/v2\/types\/page"}],"author":[{"embeddable":true,"href":"https:\/\/fjsp.org.br\/fjsp\/wp-json\/wp\/v2\/users\/33"}],"replies":[{"embeddable":true,"href":"https:\/\/fjsp.org.br\/fjsp\/wp-json\/wp\/v2\/comments?post=21342"}],"version-history":[{"count":2,"href":"https:\/\/fjsp.org.br\/fjsp\/wp-json\/wp\/v2\/pages\/21342\/revisions"}],"predecessor-version":[{"id":21521,"href":"https:\/\/fjsp.org.br\/fjsp\/wp-json\/wp\/v2\/pages\/21342\/revisions\/21521"}],"wp:attachment":[{"href":"https:\/\/fjsp.org.br\/fjsp\/wp-json\/wp\/v2\/media?parent=21342"}],"curies":[{"name":"wp","href":"https:\/\/api.w.org\/{rel}","templated":true}]}}