{"id":2430,"date":"2012-11-28T20:22:14","date_gmt":"2012-11-28T23:22:14","guid":{"rendered":"https:\/\/fjsp.org.br\/fjsp\/?page_id=2430"},"modified":"2020-11-30T05:50:30","modified_gmt":"2020-11-30T08:50:30","slug":"politica-de-uso-das-redes-sociais","status":"publish","type":"page","link":"https:\/\/fjsp.org.br\/fjsp\/politica-de-uso-das-redes-sociais\/","title":{"rendered":"Pol\u00edtica de Uso das Redes Sociais"},"content":{"rendered":"<h5><strong>Introdu\u00e7\u00e3o<\/strong><\/h5>\n<p>A Funda\u00e7\u00e3o Jap\u00e3o \u00e9 um \u00f3rg\u00e3o especializado na implementa\u00e7\u00e3o de projetos de interc\u00e2mbio cultural internacional de maneira abrangente. Com o intuito de aprofundar a compreens\u00e3o m\u00fatua entre o Jap\u00e3o e outros pa\u00edses, ela desenvolve projetos e disponibiliza informa\u00e7\u00f5es para construir rela\u00e7\u00f5es e interc\u00e2mbios entre pessoas.<\/p>\n<p>Hoje, por meio das m\u00eddias e redes sociais, o interc\u00e2mbio entre pessoas de todo mundo ultrapassou os limites das fronteiras nacionais, por isso a Funda\u00e7\u00e3o Jap\u00e3o tamb\u00e9m acredita que a sua utiliza\u00e7\u00e3o \u00e9 uma excelente oportunidade para promover suas atividades de maneira mais efetiva.<\/p>\n<p>Nesse sentido, ela passa a utilizar as seguintes diretrizes como base de suas a\u00e7\u00f5es.<\/p>\n<p>&nbsp;<\/p>\n<h5><strong>Lista de contas oficiais da Funda\u00e7\u00e3o Jap\u00e3o em S\u00e3o Paulo<\/strong><\/h5>\n<p>As contas oficiais de redes sociais gerenciadas pela Funda\u00e7\u00e3o Jap\u00e3o em S\u00e3o Paulo s\u00e3o:<\/p>\n<p><span style=\"color: #3366ff;\"><strong>Facebook<\/strong><\/span><br \/>\n<span style=\"color: #3366ff;\"><a style=\"color: #3366ff;\" href=\"https:\/\/www.facebook.com\/FundacaoJapaoSP\" target=\"_blank\" rel=\"noopener noreferrer\">https:\/\/www.facebook.com\/FundacaoJapaoSP<\/a><\/span><\/p>\n<p><span style=\"color: #3366ff;\"><strong>Instagram<\/strong><\/span><br \/>\n<span style=\"color: #3366ff;\"><a style=\"color: #3366ff;\" href=\"https:\/\/www.instagram.com\/japanfoundation_sp\" target=\"_blank\" rel=\"noopener noreferrer\">https:\/\/www.instagram.com\/japanfoundation_sp<\/a><\/span><\/p>\n<p><span style=\"color: #3366ff;\"><strong>Twitter<\/strong><\/span><br \/>\n<span style=\"color: #3366ff;\"><a style=\"color: #3366ff;\" href=\"https:\/\/twitter.com\/fundacaojapaosp\" target=\"_blank\" rel=\"noopener noreferrer\">https:\/\/twitter.com\/fundacaojapaosp<\/a><\/span><\/p>\n<p><span style=\"color: #3366ff;\"><strong>YouTube<\/strong><\/span><br \/>\n<span style=\"color: #3366ff;\"><a style=\"color: #3366ff;\" href=\"https:\/\/www.youtube.com\/c\/fundacaojapaoemsaopaulo\" target=\"_blank\" rel=\"noopener noreferrer\">https:\/\/www.youtube.com\/c\/fundacaojapaoemsaopaulo<\/a><\/span><\/p>\n<p>Nota: eventuais contas que n\u00e3o constem na rela\u00e7\u00e3o acima, mesmo que utilizem os nomes \u201c<em>Japan Foundation<\/em>\u201d ou \u201cFunda\u00e7\u00e3o Jap\u00e3o em S\u00e3o Paulo\u201d, n\u00e3o s\u00e3o gerenciadas pela Funda\u00e7\u00e3o Jap\u00e3o em S\u00e3o Paulo.<\/p>\n<p>&nbsp;<\/p>\n<h5><strong>Sobre a gest\u00e3o<\/strong><\/h5>\n<ul>\n<li>Para an\u00fancios oficiais da <em>Japan Foundation<\/em> e Funda\u00e7\u00e3o Jap\u00e3o em S\u00e3o Paulo, acesse o site e demais contas oficiais.<\/li>\n<\/ul>\n<ul>\n<li>Todos os coment\u00e1rios recebidos ser\u00e3o lidos e servir\u00e3o de refer\u00eancia para aprimoramentos futuros. Por\u00e9m, por quest\u00f5es gerenciais, n\u00e3o ser\u00e1 poss\u00edvel responder a todos os coment\u00e1rios.<br \/>\nPara perguntas e d\u00favidas, entre em contato pelo e-mail:<a href=\"mailto:info@fjsp.org.br\"><strong> info@fjsp.org.br<\/strong><\/a> ou pelo telefone: <strong>(11) 3141-0110<\/strong><\/li>\n<\/ul>\n<p>&nbsp;<\/p>\n<h5><strong>Sobre a utiliza\u00e7\u00e3o<\/strong><\/h5>\n<p>A Funda\u00e7\u00e3o Jap\u00e3o em S\u00e3o Paulo transmitir\u00e1 informa\u00e7\u00f5es sobre o conte\u00fado de suas atividades e eventos, al\u00e9m de demais informa\u00e7\u00f5es institucionais, por meio de suas contas oficiais.<br \/>\nUtilize-as sempre considerando os seguintes pontos:<\/p>\n<p>&nbsp;<\/p>\n<ul>\n<li>A Funda\u00e7\u00e3o Jap\u00e3o em S\u00e3o Paulo toma todas as devidas precau\u00e7\u00f5es na transmiss\u00e3o de informa\u00e7\u00f5es em suas contas oficiais no que concerne, por exemplo, \u00e0 exatid\u00e3o do conte\u00fado, ao gerenciamento da seguran\u00e7a e prote\u00e7\u00e3o de dados pessoais, por isso n\u00e3o se responsabiliza por eventuais danos causados pela utiliza\u00e7\u00e3o indevida de suas informa\u00e7\u00f5es por terceiros.<\/li>\n<\/ul>\n<ul>\n<li>O conte\u00fado das contas oficiais da Funda\u00e7\u00e3o Jap\u00e3o em S\u00e3o Paulo conta tamb\u00e9m com a colabora\u00e7\u00e3o de informa\u00e7\u00f5es de terceiros. Do ponto de vista de transmiss\u00e3o de informa\u00e7\u00f5es ao p\u00fablico, a Funda\u00e7\u00e3o Jap\u00e3o em S\u00e3o Paulo n\u00e3o se responsabiliza por eventuais danos causados pela utiliza\u00e7\u00e3o dessas informa\u00e7\u00f5es.<\/li>\n<\/ul>\n<ul>\n<li>Podem ocorrer altera\u00e7\u00f5es, sem notifica\u00e7\u00e3o pr\u00e9via, no formato e conte\u00fado dos servi\u00e7os oferecidos pelas contas oficiais da Funda\u00e7\u00e3o Jap\u00e3o em S\u00e3o Paulo, assim como a interrup\u00e7\u00e3o total ou parcial dos servi\u00e7os.<\/li>\n<\/ul>\n<p>&nbsp;<\/p>\n<h5><strong>Sobre o tratamento das informa\u00e7\u00f5es postadas no Facebook<\/strong><\/h5>\n<p>Todo conte\u00fado postado que ameace a gest\u00e3o saud\u00e1vel da comunidade pode ser exclu\u00eddo a crit\u00e9rio do gestor nos seguintes casos:<\/p>\n<p>&nbsp;<\/p>\n<ul>\n<li>Conte\u00fados que violem ou ameacem legisla\u00e7\u00f5es e\/ou regulamentos, a ordem e os bons costumes,<\/li>\n<\/ul>\n<ul>\n<li>Conte\u00fados que conduzam ou ameacem a conduzir a atos il\u00edcitos,<\/li>\n<\/ul>\n<ul>\n<li>Conte\u00fados inadequados com inclus\u00e3o de express\u00f5es obscenas,<\/li>\n<\/ul>\n<ul>\n<li>Conte\u00fados que envolvam fraudes e atos de falsidade ideol\u00f3gica,<\/li>\n<\/ul>\n<ul>\n<li>Conte\u00fados que causem danos a direitos alheios, como direitos autorais e de imagem da Funda\u00e7\u00e3o Jap\u00e3o e\/ou de terceiros,<\/li>\n<\/ul>\n<ul>\n<li>Conte\u00fados que discriminem, insultem ou difamem a terceiros,<\/li>\n<\/ul>\n<ul>\n<li>Conte\u00fados que especifiquem, divulguem ou vazem informa\u00e7\u00f5es e dados pessoais sem o consentimento de seu propriet\u00e1rio,<\/li>\n<\/ul>\n<ul>\n<li>Conte\u00fados que manchem a reputa\u00e7\u00e3o ou a confiabilidade da Funda\u00e7\u00e3o Jap\u00e3o e\/ou de terceiros,<\/li>\n<\/ul>\n<ul>\n<li>Conte\u00fados com atividades pol\u00edticas, eleitorais e\/ou religiosas,<\/li>\n<\/ul>\n<ul>\n<li>Conte\u00fados que incluam informa\u00e7\u00f5es comerciais de apresenta\u00e7\u00e3o de produtos, lojas e\/ou empresas espec\u00edficas, publicidade, etc.,<\/li>\n<\/ul>\n<ul>\n<li>Conte\u00fados que obstaculizem discuss\u00f5es construtivas,<\/li>\n<\/ul>\n<ul>\n<li>Conte\u00fados considerados <em>spam<\/em>,<\/li>\n<\/ul>\n<ul>\n<li>Conte\u00fados de programas nocivos,<\/li>\n<\/ul>\n<ul>\n<li>Conte\u00fados que o gestor julgue inadequados \u00e0 gest\u00e3o da conta.<\/li>\n<\/ul>\n<p>&nbsp;<\/p>\n","protected":false},"excerpt":{"rendered":"<p>Introdu\u00e7\u00e3o A Funda\u00e7\u00e3o Jap\u00e3o \u00e9 um \u00f3rg\u00e3o especializado na implementa\u00e7\u00e3o de projetos de interc\u00e2mbio cultural internacional de maneira abrangente. Com o intuito de aprofundar a compreens\u00e3o m\u00fatua entre o Jap\u00e3o e outros pa\u00edses, ela desenvolve projetos e disponibiliza informa\u00e7\u00f5es para construir rela\u00e7\u00f5es e interc\u00e2mbios entre pessoas. Hoje, por meio das m\u00eddias e redes sociais, o [&hellip;]<\/p>\n","protected":false},"author":1,"featured_media":0,"parent":0,"menu_order":0,"comment_status":"closed","ping_status":"open","template":"","meta":{"_acf_changed":false,"footnotes":""},"class_list":["post-2430","page","type-page","status-publish","hentry"],"acf":[],"_links":{"self":[{"href":"https:\/\/fjsp.org.br\/fjsp\/wp-json\/wp\/v2\/pages\/2430","targetHints":{"allow":["GET"]}}],"collection":[{"href":"https:\/\/fjsp.org.br\/fjsp\/wp-json\/wp\/v2\/pages"}],"about":[{"href":"https:\/\/fjsp.org.br\/fjsp\/wp-json\/wp\/v2\/types\/page"}],"author":[{"embeddable":true,"href":"https:\/\/fjsp.org.br\/fjsp\/wp-json\/wp\/v2\/users\/1"}],"replies":[{"embeddable":true,"href":"https:\/\/fjsp.org.br\/fjsp\/wp-json\/wp\/v2\/comments?post=2430"}],"version-history":[{"count":2,"href":"https:\/\/fjsp.org.br\/fjsp\/wp-json\/wp\/v2\/pages\/2430\/revisions"}],"predecessor-version":[{"id":13943,"href":"https:\/\/fjsp.org.br\/fjsp\/wp-json\/wp\/v2\/pages\/2430\/revisions\/13943"}],"wp:attachment":[{"href":"https:\/\/fjsp.org.br\/fjsp\/wp-json\/wp\/v2\/media?parent=2430"}],"curies":[{"name":"wp","href":"https:\/\/api.w.org\/{rel}","templated":true}]}}