{"id":29,"date":"2011-02-24T13:35:35","date_gmt":"2011-02-24T13:35:35","guid":{"rendered":"https:\/\/fjsp.org.br\/fjsp\/?page_id=29"},"modified":"2018-12-20T21:28:40","modified_gmt":"2018-12-21T00:28:40","slug":"arte-e-cultura","status":"publish","type":"page","link":"https:\/\/fjsp.org.br\/fjsp\/arte-e-cultura\/","title":{"rendered":"Arte e Cultura"},"content":{"rendered":"<p>A Funda\u00e7\u00e3o Jap\u00e3o realiza atividades de interc\u00e2mbio art\u00edstico e cultural entre o Jap\u00e3o e outros pa\u00edses atrav\u00e9s de programas de artes visuais, artes c\u00eanicas, audiovisual e publica\u00e7\u00e3o sob os seguintes focos:<\/p>\n<ul style=\"padding:10px;\">\r\n<li>Aprofundar a compreens\u00e3o do Jap\u00e3o, atrav\u00e9s de apresenta\u00e7\u00e3o da cultura e das artes no exterior;<\/li>\r\n<li>Promover a compreens\u00e3o m\u00fatua entre os pa\u00edses por meio de apresenta\u00e7\u00e3o da cultura e das artes de outros pa\u00edses no Jap\u00e3o, e empreender programas que envolvam a colabora\u00e7\u00e3o internacional ; e<\/li>\r\n<li>Contribuir para a cria\u00e7\u00e3o e o desenvolvimento da cultura e das artes assim como apoiar e promover a conserva\u00e7\u00e3o das tradi\u00e7\u00f5es culturais .<\/li>\r\n<\/ul>\n","protected":false},"excerpt":{"rendered":"<p>A Funda\u00e7\u00e3o Jap\u00e3o realiza atividades de interc\u00e2mbio art\u00edstico e cultural entre o Jap\u00e3o e outros pa\u00edses atrav\u00e9s de programas de artes visuais, artes c\u00eanicas, audiovisual e publica\u00e7\u00e3o sob os seguintes focos:<\/p>\n","protected":false},"author":1,"featured_media":0,"parent":0,"menu_order":4,"comment_status":"open","ping_status":"open","template":"","meta":{"_acf_changed":false,"footnotes":""},"class_list":["post-29","page","type-page","status-publish","hentry","link_category-fundacao-japao-no-mundo"],"acf":[],"_links":{"self":[{"href":"https:\/\/fjsp.org.br\/fjsp\/wp-json\/wp\/v2\/pages\/29","targetHints":{"allow":["GET"]}}],"collection":[{"href":"https:\/\/fjsp.org.br\/fjsp\/wp-json\/wp\/v2\/pages"}],"about":[{"href":"https:\/\/fjsp.org.br\/fjsp\/wp-json\/wp\/v2\/types\/page"}],"author":[{"embeddable":true,"href":"https:\/\/fjsp.org.br\/fjsp\/wp-json\/wp\/v2\/users\/1"}],"replies":[{"embeddable":true,"href":"https:\/\/fjsp.org.br\/fjsp\/wp-json\/wp\/v2\/comments?post=29"}],"version-history":[{"count":27,"href":"https:\/\/fjsp.org.br\/fjsp\/wp-json\/wp\/v2\/pages\/29\/revisions"}],"predecessor-version":[{"id":779,"href":"https:\/\/fjsp.org.br\/fjsp\/wp-json\/wp\/v2\/pages\/29\/revisions\/779"}],"wp:attachment":[{"href":"https:\/\/fjsp.org.br\/fjsp\/wp-json\/wp\/v2\/media?parent=29"}],"curies":[{"name":"wp","href":"https:\/\/api.w.org\/{rel}","templated":true}]}}