{"id":33,"date":"2011-02-24T13:56:48","date_gmt":"2011-02-24T13:56:48","guid":{"rendered":"https:\/\/fjsp.org.br\/fjsp\/?page_id=33"},"modified":"2020-08-07T15:51:01","modified_gmt":"2020-08-07T18:51:01","slug":"institucional","status":"publish","type":"page","link":"https:\/\/fjsp.org.br\/fjsp\/institucional\/","title":{"rendered":"Institucional"},"content":{"rendered":"<p>A<strong> Funda\u00e7\u00e3o Jap\u00e3o<\/strong> \u00e9 uma organiza\u00e7\u00e3o vinculada ao Minist\u00e9rio das Rela\u00e7\u00f5es Exteriores do Jap\u00e3o, estabelecida em 1972, sob o objetivo de promover o interc\u00e2mbio cultural e a compreens\u00e3o m\u00fatua entre o Jap\u00e3o e outros pa\u00edses.<\/p>\n<p>O escrit\u00f3rio em S\u00e3o Paulo foi inaugurado em 1975 e desde ent\u00e3o, atua como uma porta de comunica\u00e7\u00e3o entre a Funda\u00e7\u00e3o Jap\u00e3o e o Brasil, desenvolvendo diversas atividades.<\/p>\n<p>A Funda\u00e7\u00e3o Jap\u00e3o desenvolve seus programas e atividades nas seguintes tr\u00eas principais categorias:<\/p>\n<div style=\"padding:20px;\">\r\n<ol>\r\n\t<li>Interc\u00e2mbio Art\u00edstico e Cultural;<\/li>\r\n\t<li>Ensino da L\u00edngua Japonesa no Exterior;<\/li>\r\n\t<li>Estudos Japoneses no Exterior e Interc\u00e2mbio Intelectual.<\/li>\r\n<\/ol>\r\n<\/div>\n<p>Em maio de 2004, como parte da reforma estrutural da institui\u00e7\u00e3o, foi criado o <em>Information and Resource Center<\/em> para prover informa\u00e7\u00f5es e incentivar o interc\u00e2mbio internacional com o Jap\u00e3o.<\/p>\n","protected":false},"excerpt":{"rendered":"<p>A Funda\u00e7\u00e3o Jap\u00e3o \u00e9 uma organiza\u00e7\u00e3o vinculada ao Minist\u00e9rio das Rela\u00e7\u00f5es Exteriores do Jap\u00e3o, estabelecida em 1972, sob o objetivo de promover o interc\u00e2mbio cultural e a compreens\u00e3o m\u00fatua entre o Jap\u00e3o e outros pa\u00edses. O escrit\u00f3rio em S\u00e3o Paulo foi inaugurado em 1975 e desde ent\u00e3o, atua como uma porta de comunica\u00e7\u00e3o entre a [&hellip;]<\/p>\n","protected":false},"author":1,"featured_media":0,"parent":0,"menu_order":2,"comment_status":"open","ping_status":"open","template":"","meta":{"_acf_changed":false,"footnotes":""},"class_list":["post-33","page","type-page","status-publish","hentry","link_category-fundacao-japao-no-mundo"],"acf":[],"_links":{"self":[{"href":"https:\/\/fjsp.org.br\/fjsp\/wp-json\/wp\/v2\/pages\/33","targetHints":{"allow":["GET"]}}],"collection":[{"href":"https:\/\/fjsp.org.br\/fjsp\/wp-json\/wp\/v2\/pages"}],"about":[{"href":"https:\/\/fjsp.org.br\/fjsp\/wp-json\/wp\/v2\/types\/page"}],"author":[{"embeddable":true,"href":"https:\/\/fjsp.org.br\/fjsp\/wp-json\/wp\/v2\/users\/1"}],"replies":[{"embeddable":true,"href":"https:\/\/fjsp.org.br\/fjsp\/wp-json\/wp\/v2\/comments?post=33"}],"version-history":[{"count":4,"href":"https:\/\/fjsp.org.br\/fjsp\/wp-json\/wp\/v2\/pages\/33\/revisions"}],"predecessor-version":[{"id":12455,"href":"https:\/\/fjsp.org.br\/fjsp\/wp-json\/wp\/v2\/pages\/33\/revisions\/12455"}],"wp:attachment":[{"href":"https:\/\/fjsp.org.br\/fjsp\/wp-json\/wp\/v2\/media?parent=33"}],"curies":[{"name":"wp","href":"https:\/\/api.w.org\/{rel}","templated":true}]}}