{"id":40,"date":"2011-02-24T14:06:20","date_gmt":"2011-02-24T14:06:20","guid":{"rendered":"https:\/\/fjsp.org.br\/fjsp\/?page_id=40"},"modified":"2020-06-01T17:26:36","modified_gmt":"2020-06-01T20:26:36","slug":"estudos-japoneses-e-intercambio-intelectual","status":"publish","type":"page","link":"https:\/\/fjsp.org.br\/fjsp\/estudos-japoneses-e-intercambio-intelectual\/","title":{"rendered":"Estudos Japoneses e Interc\u00e2mbio Intelectual"},"content":{"rendered":"<p>O objetivo do departamento \u00e9 colaborar para um melhor entendimento do Jap\u00e3o no exterior e fomentar as rela\u00e7\u00f5es entre o Jap\u00e3o e outros pa\u00edses, principalmente no \u00e2mbito acad\u00eamico.<\/p>\n<p>A <strong>Funda\u00e7\u00e3o Jap\u00e3o <\/strong>concede bolsas <em>fellowship<\/em> para os estudiosos desenvolverem a sua pesquisa no Jap\u00e3o e promove diversos programas de aux\u00edlio destinados \u00e0s institui\u00e7\u00f5es e organiza\u00e7\u00f5es referentes aos estudos japoneses, como tamb\u00e9m programas de interc\u00e2mbio intelectual tais como projetos de pesquisa colaborativa e di\u00e1logos que proporcionem o entendimento regional de quest\u00f5es globais.<\/p>\n<p><a href=\"https:\/\/fjsp.org.br\/fjsp\/resenhas-criticas\/\"><img fetchpriority=\"high\" decoding=\"async\" class=\"img-responsive alignnone size-full wp-image-10831\" src=\"https:\/\/fjsp.org.br\/fjsp\/wp-content\/uploads\/2020\/06\/botao-pagej-resenhas.jpg\" alt=\"\" width=\"850\" height=\"150\" srcset=\"https:\/\/fjsp.org.br\/fjsp\/wp-content\/uploads\/2020\/06\/botao-pagej-resenhas.jpg 850w, https:\/\/fjsp.org.br\/fjsp\/wp-content\/uploads\/2020\/06\/botao-pagej-resenhas-280x49.jpg 280w, https:\/\/fjsp.org.br\/fjsp\/wp-content\/uploads\/2020\/06\/botao-pagej-resenhas-768x136.jpg 768w, https:\/\/fjsp.org.br\/fjsp\/wp-content\/uploads\/2020\/06\/botao-pagej-resenhas-340x60.jpg 340w, https:\/\/fjsp.org.br\/fjsp\/wp-content\/uploads\/2020\/06\/botao-pagej-resenhas-220x39.jpg 220w, https:\/\/fjsp.org.br\/fjsp\/wp-content\/uploads\/2020\/06\/botao-pagej-resenhas-100x18.jpg 100w, https:\/\/fjsp.org.br\/fjsp\/wp-content\/uploads\/2020\/06\/botao-pagej-resenhas-130x23.jpg 130w, https:\/\/fjsp.org.br\/fjsp\/wp-content\/uploads\/2020\/06\/botao-pagej-resenhas-460x81.jpg 460w\" sizes=\"(max-width: 850px) 100vw, 850px\" \/><\/a><\/p>\n","protected":false},"excerpt":{"rendered":"<p>O objetivo do departamento \u00e9 colaborar para um melhor entendimento do Jap\u00e3o no exterior e fomentar as rela\u00e7\u00f5es entre o Jap\u00e3o e outros pa\u00edses, principalmente no \u00e2mbito acad\u00eamico. A Funda\u00e7\u00e3o Jap\u00e3o concede bolsas fellowship para os estudiosos desenvolverem a sua pesquisa no Jap\u00e3o e promove diversos programas de aux\u00edlio destinados \u00e0s institui\u00e7\u00f5es e organiza\u00e7\u00f5es referentes [&hellip;]<\/p>\n","protected":false},"author":1,"featured_media":0,"parent":0,"menu_order":6,"comment_status":"open","ping_status":"closed","template":"","meta":{"_acf_changed":false,"footnotes":""},"class_list":["post-40","page","type-page","status-publish","hentry","link_category-fundacao-japao-no-mundo"],"acf":[],"_links":{"self":[{"href":"https:\/\/fjsp.org.br\/fjsp\/wp-json\/wp\/v2\/pages\/40","targetHints":{"allow":["GET"]}}],"collection":[{"href":"https:\/\/fjsp.org.br\/fjsp\/wp-json\/wp\/v2\/pages"}],"about":[{"href":"https:\/\/fjsp.org.br\/fjsp\/wp-json\/wp\/v2\/types\/page"}],"author":[{"embeddable":true,"href":"https:\/\/fjsp.org.br\/fjsp\/wp-json\/wp\/v2\/users\/1"}],"replies":[{"embeddable":true,"href":"https:\/\/fjsp.org.br\/fjsp\/wp-json\/wp\/v2\/comments?post=40"}],"version-history":[{"count":2,"href":"https:\/\/fjsp.org.br\/fjsp\/wp-json\/wp\/v2\/pages\/40\/revisions"}],"predecessor-version":[{"id":10832,"href":"https:\/\/fjsp.org.br\/fjsp\/wp-json\/wp\/v2\/pages\/40\/revisions\/10832"}],"wp:attachment":[{"href":"https:\/\/fjsp.org.br\/fjsp\/wp-json\/wp\/v2\/media?parent=40"}],"curies":[{"name":"wp","href":"https:\/\/api.w.org\/{rel}","templated":true}]}}