{"id":48,"date":"2011-02-24T14:07:26","date_gmt":"2011-02-24T17:07:26","guid":{"rendered":"https:\/\/fjsp.org.br\/fjsp\/?page_id=48"},"modified":"2021-11-23T05:57:12","modified_gmt":"2021-11-23T08:57:12","slug":"contato","status":"publish","type":"page","link":"https:\/\/fjsp.org.br\/fjsp\/contato\/","title":{"rendered":"Contato"},"content":{"rendered":"<div style=\"float:right;padding:20px;background:#f7f7f7;margin-left:20px;\">\r\n<img decoding=\"async\" alt=\"mapa\" title=\"mapa\" src=\"https:\/\/fjsp.org.br\/fjsp\/wp-content\/uploads\/2017\/06\/mapa_localizacao_NOVO.jpg\" width=\"460\"><\/p>\r\n<\/div>\n<h4><strong>ENDERE\u00c7O\/TELEFONE<\/strong><\/h4>\n<p><strong>Escrit\u00f3rio e Biblioteca<\/strong><br \/>\nAvenida Paulista,\u00a0 52 &#8211; 3\u00ba andar<br \/>\nBela Vista, S\u00e3o Paulo &#8211; SP<br \/>\nCEP 01310-900<br \/>\nTel.: +55 11 3141-0110 \/ 3141-0843<\/p>\n<p>&nbsp;<\/p>\n<h4><strong>E-MAIL<\/strong><\/h4>\n<p><strong>Assuntos Culturais <\/strong><br \/>\n<a href=\"mailto:jpn@fjsp.org.br\" target=\"_blank\" rel=\"noopener\"><em>jpn@fjsp.org.br<\/em><\/a><\/p>\n<p><strong>Biblioteca <\/strong><br \/>\n<a href=\"mailto:biblioteca@fjsp.org.br\" target=\"_blank\" rel=\"noopener\"><em>biblioteca@fjsp.org.br<\/em><\/a><\/p>\n<p><strong>Estudos Japoneses e Interc\u00e2mbio Intelectual<\/strong><br \/>\n<a href=\"mailto:estudos@fjsp.org.br\" target=\"_blank\" rel=\"noopener\"><em>estudos@fjsp.org.br<\/em><\/a><\/p>\n<p><strong>Ensino de japon\u00eas\u30fb\u65e5\u672c\u8a9e\u3092\u6559\u3048\u308b<\/strong><br \/>\nFale com os professores \u6559\u5e2b\u76f8\u8ac7<br \/>\n<a href=\"mailto:professoresfjsp@fjsp.org.br\" target=\"_blank\" rel=\"noopener\"><em>professoresfjsp@fjsp.org.br<\/em><\/a><\/p>\n<p><strong>Programas de apoio institucional e subs\u00eddios (Ensino de l\u00edngua japonesa)<\/strong><br \/>\nFJSP\u52a9\u6210\u3001JF\u516c\u52df\u30d7\u30ed\u30b0\u30e9\u30e0\uff08\u65e5\u672c\u8a9e\u6559\u80b2\uff09<br \/>\n<a href=\"mailto:clj@fjsp.org.br\" target=\"_blank\" rel=\"noopener\"><em>clj@fjsp.org.br<\/em><\/a><\/p>\n<p><strong>Aprendizado de japon\u00eas\u30fb\u65e5\u672c\u8a9e\u3092\u5b66\u3076<\/strong><br \/>\nInforma\u00e7\u00f5es sobre o curso on-line &#8220;Minato&#8221; \u307f\u306a\u3068\u65e5\u672c\u8a9e\u30aa\u30f3\u30e9\u30a4\u30f3\u30b3\u30fc\u30b9\u554f\u3044\u5408\u308f\u305b<br \/>\n<a href=\"mailto:marugoto@fjsp.org.br\" target=\"_blank\" rel=\"noopener\"><em>marugoto@fjsp.org.br<\/em><\/a><\/p>\n<p><strong>Informa\u00e7\u00f5es e contatos para imprensa:<\/strong><br \/>\n<a href=\"mailto:info@fjsp.org.br\" target=\"_blank\" rel=\"noopener\"><em>info@fjsp.org.br\u00a0<\/em><\/a><br \/>\nTel: +55 11 3141-0110<\/p>\n<div class=\"well\">\r\n                                <p><strong>Siga a Funda\u00e7\u00e3o Jap\u00e3o<\/strong><\/p>\r\n                                <p class=\"social-links\">\r\n                            <a href=\"https:\/\/www.facebook.com\/pages\/Funda%C3%A7%C3%A3o-Jap%C3%A3o\/120537787975846\">\r\n                                <img decoding=\"async\" src=\"https:\/\/fjsp.org.br\/fjsp\/wp-content\/themes\/fjsp-theme-responsive\/css\/img\/ico-facebook.png\" alt=\"Funda\u00e7\u00e3o Jap\u00e3o no Facebook\" title=\"Funda\u00e7\u00e3o Jap\u00e3o no Facebook\">\r\n                            <\/a>\r\n                            <a href=\"https:\/\/twitter.com\/fundacaojapaosp\">\r\n                                <img decoding=\"async\" src=\"https:\/\/fjsp.org.br\/fjsp\/wp-content\/themes\/fjsp-theme-responsive\/css\/img\/ico-twitter.png\" alt=\"Funda\u00e7\u00e3o Jap\u00e3o no Twitter\" title=\"Funda\u00e7\u00e3o Jap\u00e3o no Twitter\">\r\n                            <\/a>\r\n                            <a href=\"https:\/\/www.instagram.com\/japanfoundation_sp\/\">\r\n                                <img decoding=\"async\" src=\"https:\/\/fjsp.org.br\/fjsp\/wp-content\/themes\/fjsp-theme-responsive\/css\/img\/ico-instagram.png\" alt=\"Funda\u00e7\u00e3o Jap\u00e3o no Instagram\" title=\"Funda\u00e7\u00e3o Jap\u00e3o no Instagram\">\r\n                            <\/a>\r\n                        <\/p>\r\n                                <p><a href=\"#\">Pol\u00edtica de uso das Redes Sociais<\/a><\/p>\r\n                            <\/div><!--\/well-->\n","protected":false},"excerpt":{"rendered":"<p>ENDERE\u00c7O\/TELEFONE Escrit\u00f3rio e Biblioteca Avenida Paulista,\u00a0 52 &#8211; 3\u00ba andar Bela Vista, S\u00e3o Paulo &#8211; SP CEP 01310-900 Tel.: +55 11 3141-0110 \/ 3141-0843 &nbsp; E-MAIL Assuntos Culturais jpn@fjsp.org.br Biblioteca biblioteca@fjsp.org.br Estudos Japoneses e Interc\u00e2mbio Intelectual estudos@fjsp.org.br Ensino de japon\u00eas\u30fb\u65e5\u672c\u8a9e\u3092\u6559\u3048\u308b Fale com os professores \u6559\u5e2b\u76f8\u8ac7 professoresfjsp@fjsp.org.br Programas de apoio institucional e subs\u00eddios (Ensino de l\u00edngua [&hellip;]<\/p>\n","protected":false},"author":1,"featured_media":0,"parent":0,"menu_order":10,"comment_status":"open","ping_status":"closed","template":"","meta":{"_acf_changed":false,"footnotes":""},"class_list":["post-48","page","type-page","status-publish","hentry"],"acf":[],"_links":{"self":[{"href":"https:\/\/fjsp.org.br\/fjsp\/wp-json\/wp\/v2\/pages\/48","targetHints":{"allow":["GET"]}}],"collection":[{"href":"https:\/\/fjsp.org.br\/fjsp\/wp-json\/wp\/v2\/pages"}],"about":[{"href":"https:\/\/fjsp.org.br\/fjsp\/wp-json\/wp\/v2\/types\/page"}],"author":[{"embeddable":true,"href":"https:\/\/fjsp.org.br\/fjsp\/wp-json\/wp\/v2\/users\/1"}],"replies":[{"embeddable":true,"href":"https:\/\/fjsp.org.br\/fjsp\/wp-json\/wp\/v2\/comments?post=48"}],"version-history":[{"count":2,"href":"https:\/\/fjsp.org.br\/fjsp\/wp-json\/wp\/v2\/pages\/48\/revisions"}],"predecessor-version":[{"id":18330,"href":"https:\/\/fjsp.org.br\/fjsp\/wp-json\/wp\/v2\/pages\/48\/revisions\/18330"}],"wp:attachment":[{"href":"https:\/\/fjsp.org.br\/fjsp\/wp-json\/wp\/v2\/media?parent=48"}],"curies":[{"name":"wp","href":"https:\/\/api.w.org\/{rel}","templated":true}]}}