{"id":9621,"date":"2019-08-26T14:15:25","date_gmt":"2019-08-26T17:15:25","guid":{"rendered":"https:\/\/fjsp.org.br\/fjsp\/?page_id=9621"},"modified":"2019-09-18T12:03:58","modified_gmt":"2019-09-18T15:03:58","slug":"galeria","status":"publish","type":"page","link":"https:\/\/fjsp.org.br\/fjsp\/galeria\/","title":{"rendered":"Galeria de Imagens"},"content":{"rendered":"<style>.gallery-item{float:left;width:160px;margin-right:10px;padding:0 10px 0 0;!important}.gallery-caption{text-align:justify;font-size:11px;}<\/style>\n<p style=\"text-align: center;\"><a href=\"https:\/\/fjsp.org.br\/fjsp\/galeria-jp\/\">[\u753b\u50cf\u30ae\u30e3\u30e9\u30ea\u30fc]<\/a> \u00a0 \u00a0 \u00a0 \u00a0 <span style=\"color: #993366;\"><strong>\u00a0[Portugu\u00eas]<\/strong><\/span><\/p>\n<p style=\"text-align: center;\"><strong><span style=\"color: #ff0000;\">Clique na imagem para ampli\u00e1-la<\/span><\/strong><\/p>\n\n\t\t<div id='gallery-1' class='gallery galleryid-9621 gallery-columns-30 gallery-size-marugoto_foto row-fluid'><dl class='gallery-item span3'>\n\t\t\t<dt class='gallery-icon'>\n\t\t\t\t<a href='https:\/\/fjsp.org.br\/fjsp\/wp-content\/uploads\/2019\/08\/01-galeria-kh-1.jpg' target='_blank' data-sizes='1200x800'><img src='https:\/\/fjsp.org.br\/fjsp\/wp-content\/uploads\/2019\/08\/01-galeria-kh-1-150x150.jpg' class='img-polaroid img-responsive img-thumbnail' alt='' \/><\/a>\n\t\t\t<\/dt>\n\t\t\t\t<dd class='wp-caption-text gallery-caption'>\n\t\t\t\t(Vista geral da exposi\u00e7\u00e3o <i>Kyojitsu Hiniku: sob a pele, sobre a carne do Jap\u00e3o <\/i><br> (Foto: Fernando Lima)\n\t\t\t\t<\/dd><\/dl><dl class='gallery-item span3'>\n\t\t\t<dt class='gallery-icon'>\n\t\t\t\t<a href='https:\/\/fjsp.org.br\/fjsp\/wp-content\/uploads\/2019\/08\/02-galeria-kh-1.jpg' target='_blank' data-sizes='1200x800'><img src='https:\/\/fjsp.org.br\/fjsp\/wp-content\/uploads\/2019\/08\/02-galeria-kh-1-150x150.jpg' class='img-polaroid img-responsive img-thumbnail' alt='' \/><\/a>\n\t\t\t<\/dt>\n\t\t\t\t<dd class='wp-caption-text gallery-caption'>\n\t\t\t\tVista geral da exposi\u00e7\u00e3o <i>Kyojitsu Hiniku: sob a pele, sobre a carne do Jap\u00e3o <\/i> <br> (Foto: Fernando Lima)\n\t\t\t\t<\/dd><\/dl><dl class='gallery-item span3'>\n\t\t\t<dt class='gallery-icon'>\n\t\t\t\t<a href='https:\/\/fjsp.org.br\/fjsp\/wp-content\/uploads\/2019\/08\/03-galeria-kh-1.jpg' target='_blank' data-sizes='1200x800'><img src='https:\/\/fjsp.org.br\/fjsp\/wp-content\/uploads\/2019\/08\/03-galeria-kh-1-150x150.jpg' class='img-polaroid img-responsive img-thumbnail' alt='' \/><\/a>\n\t\t\t<\/dt>\n\t\t\t\t<dd class='wp-caption-text gallery-caption'>\n\t\t\t\tVista geral da exposi\u00e7\u00e3o <i>Kyojitsu Hiniku: sob a pele, sobre a carne do Jap\u00e3o <\/i> <br> (Foto: Naoko Mabon)\n\t\t\t\t<\/dd><\/dl><dl class='gallery-item span3'>\n\t\t\t<dt class='gallery-icon'>\n\t\t\t\t<a href='https:\/\/fjsp.org.br\/fjsp\/wp-content\/uploads\/2019\/08\/04-galeria-kh-1.jpg' target='_blank' data-sizes='1200x800'><img src='https:\/\/fjsp.org.br\/fjsp\/wp-content\/uploads\/2019\/08\/04-galeria-kh-1-150x150.jpg' class='img-polaroid img-responsive img-thumbnail' alt='' \/><\/a>\n\t\t\t<\/dt>\n\t\t\t\t<dd class='wp-caption-text gallery-caption'>\n\t\t\t\tDetanico Lain, <i>ONDA,<\/i> 2010, instala\u00e7\u00e3o com sal, 193 x 400 cm, cole\u00e7\u00e3o Funda\u00e7\u00e3o Leal Rios, Lisboa <br> (Foto: Naoko Mabon)\n\t\t\t\t<\/dd><\/dl><dl class='gallery-item span3'>\n\t\t\t<dt class='gallery-icon'>\n\t\t\t\t<a href='https:\/\/fjsp.org.br\/fjsp\/wp-content\/uploads\/2019\/08\/05-galeria-kh-1.jpg' target='_blank' data-sizes='1200x800'><img src='https:\/\/fjsp.org.br\/fjsp\/wp-content\/uploads\/2019\/08\/05-galeria-kh-1-150x150.jpg' class='img-polaroid img-responsive img-thumbnail' alt='' \/><\/a>\n\t\t\t<\/dt>\n\t\t\t\t<dd class='wp-caption-text gallery-caption'>\n\t\t\t\tDetanico Lain, <i>ONDA<\/i> [detalhe], 2010, instala\u00e7\u00e3o com sal, 193 x 400 cm, cole\u00e7\u00e3o Funda\u00e7\u00e3o Leal Rios, Lisboa <br> (Foto: Naoko Mabon)\n\t\t\t\t<\/dd><\/dl><dl class='gallery-item span3'>\n\t\t\t<dt class='gallery-icon'>\n\t\t\t\t<a href='https:\/\/fjsp.org.br\/fjsp\/wp-content\/uploads\/2019\/08\/06-galeria-kh-1.jpg' target='_blank' data-sizes='1200x800'><img src='https:\/\/fjsp.org.br\/fjsp\/wp-content\/uploads\/2019\/08\/06-galeria-kh-1-150x150.jpg' class='img-polaroid img-responsive img-thumbnail' alt='' \/><\/a>\n\t\t\t<\/dt>\n\t\t\t\t<dd class='wp-caption-text gallery-caption'>\n\t\t\t\tHikaru Fujii, <i>Encenando Japoneses<\/i>, 2017, instala\u00e7\u00e3o de v\u00eddeo, 42min21seg <br> (Foto: Fernando Lima)\n\t\t\t\t<\/dd><\/dl><dl class='gallery-item span3'>\n\t\t\t<dt class='gallery-icon'>\n\t\t\t\t<a href='https:\/\/fjsp.org.br\/fjsp\/wp-content\/uploads\/2019\/08\/07-galeria-kh-1.jpg' target='_blank' data-sizes='1200x800'><img src='https:\/\/fjsp.org.br\/fjsp\/wp-content\/uploads\/2019\/08\/07-galeria-kh-1-150x150.jpg' class='img-polaroid img-responsive img-thumbnail' alt='' \/><\/a>\n\t\t\t<\/dt>\n\t\t\t\t<dd class='wp-caption-text gallery-caption'>\n\t\t\t\tTakanori Suga, <i>Monstro,<\/i> 2018, pintura sobre m\u00e1scara de N\u014d, 21 x 14 x 7.5 cm <br> (Foto: Naoko Mabon)\n\t\t\t\t<\/dd><\/dl><dl class='gallery-item span3'>\n\t\t\t<dt class='gallery-icon'>\n\t\t\t\t<a href='https:\/\/fjsp.org.br\/fjsp\/wp-content\/uploads\/2019\/08\/08-galeria-kh-1.jpg' target='_blank' data-sizes='1200x800'><img src='https:\/\/fjsp.org.br\/fjsp\/wp-content\/uploads\/2019\/08\/08-galeria-kh-1-150x150.jpg' class='img-polaroid img-responsive img-thumbnail' alt='' \/><\/a>\n\t\t\t<\/dt>\n\t\t\t\t<dd class='wp-caption-text gallery-caption'>\n\t\t\t\tTakanori Suga, <i>Monstro,<\/i> 2018, pintura sobre m\u00e1scara de N\u014d, 21 x 14 x 7.5 cm <br> (Foto: Naoko Mabon)\n\t\t\t\t<\/dd><\/dl><dl class='gallery-item span3'>\n\t\t\t<dt class='gallery-icon'>\n\t\t\t\t<a href='https:\/\/fjsp.org.br\/fjsp\/wp-content\/uploads\/2019\/08\/09-galeria-kh-1.jpg' target='_blank' data-sizes='1200x846'><img src='https:\/\/fjsp.org.br\/fjsp\/wp-content\/uploads\/2019\/08\/09-galeria-kh-1-150x150.jpg' class='img-polaroid img-responsive img-thumbnail' alt='' \/><\/a>\n\t\t\t<\/dt>\n\t\t\t\t<dd class='wp-caption-text gallery-caption'>\n\t\t\t\t[a partir da esquerda] <br>1. Satoshi Hashimoto, <i>Observa\u00e7\u00e3o de Eclipse,<\/i> 2017, cano de ferro<br>2. Satoshi Hashimoto, <i>RIO + TOKYO = ECLIPSE<\/i>, 2016, impress\u00e3o s\/ papel<br>3. Felix Gonzalez-Torres, <i>S\/ t\u00edtulo (Amantes Perfeitos),<\/i> 1991, rel\u00f3gios. Satoshi Hashimoto, <i>S\/ t\u00edtulo (Rio\/ Tokyo)<\/i>, 2016, rel\u00f3gios.\n\t\t\t\t<\/dd><\/dl><dl class='gallery-item span3'>\n\t\t\t<dt class='gallery-icon'>\n\t\t\t\t<a href='https:\/\/fjsp.org.br\/fjsp\/wp-content\/uploads\/2019\/08\/10-galeria-kh-1.jpg' target='_blank' data-sizes='900x1200'><img src='https:\/\/fjsp.org.br\/fjsp\/wp-content\/uploads\/2019\/08\/10-galeria-kh-1-150x150.jpg' class='img-polaroid img-responsive img-thumbnail' alt='' \/><\/a>\n\t\t\t<\/dt>\n\t\t\t\t<dd class='wp-caption-text gallery-caption'>\n\t\t\t\tSatoshi Hashimoto, <i>POR FAVOR DURMA AQUI<\/i>, 2017, placa, instru\u00e7\u00f5es, visitantes<br> (Foto: Juliana Kase)\n\t\t\t\t<\/dd><\/dl><dl class='gallery-item span3'>\n\t\t\t<dt class='gallery-icon'>\n\t\t\t\t<a href='https:\/\/fjsp.org.br\/fjsp\/wp-content\/uploads\/2019\/08\/11-galeria-kh-1.jpg' target='_blank' data-sizes='1200x800'><img src='https:\/\/fjsp.org.br\/fjsp\/wp-content\/uploads\/2019\/08\/11-galeria-kh-1-150x150.jpg' class='img-polaroid img-responsive img-thumbnail' alt='' \/><\/a>\n\t\t\t<\/dt>\n\t\t\t\t<dd class='wp-caption-text gallery-caption'>\n\t\t\t\tVista geral da exposi\u00e7\u00e3o <i>Kyojitsu Hiniku: sob a pele, sobre a carne do Jap\u00e3o<\/i><br> (Foto: Fernando Lima)\n\t\t\t\t<\/dd><\/dl><dl class='gallery-item span3'>\n\t\t\t<dt class='gallery-icon'>\n\t\t\t\t<a href='https:\/\/fjsp.org.br\/fjsp\/wp-content\/uploads\/2019\/08\/12-galeria-kh-1.jpg' target='_blank' data-sizes='851x1200'><img src='https:\/\/fjsp.org.br\/fjsp\/wp-content\/uploads\/2019\/08\/12-galeria-kh-1-150x150.jpg' class='img-polaroid img-responsive img-thumbnail' alt='' \/><\/a>\n\t\t\t<\/dt>\n\t\t\t\t<dd class='wp-caption-text gallery-caption'>\n\t\t\t\tSatoshi Hashimoto, <i>Pedra e Refer\u00eancia: Jogando Pedras<\/i>, 2018, pedra, impress\u00e3o fotogr\u00e1fica s\/ papel\n\t\t\t\t<\/dd><\/dl><dl class='gallery-item span3'>\n\t\t\t<dt class='gallery-icon'>\n\t\t\t\t<a href='https:\/\/fjsp.org.br\/fjsp\/wp-content\/uploads\/2019\/08\/13-galeria-kh-1.jpg' target='_blank' data-sizes='1200x800'><img src='https:\/\/fjsp.org.br\/fjsp\/wp-content\/uploads\/2019\/08\/13-galeria-kh-1-150x150.jpg' class='img-polaroid img-responsive img-thumbnail' alt='' \/><\/a>\n\t\t\t<\/dt>\n\t\t\t\t<dd class='wp-caption-text gallery-caption'>\n\t\t\t\tJuliana Kase, <i>Forum Jo\u00e3o Mendes &#038; N\u00f3s [Futuro], <\/i>2017-, impress\u00e3o offset sobre papel, 47.5 x 66.6 cm<br> (Foto: Fernando Lima)\n\t\t\t\t<\/dd><\/dl><dl class='gallery-item span3'>\n\t\t\t<dt class='gallery-icon'>\n\t\t\t\t<a href='https:\/\/fjsp.org.br\/fjsp\/wp-content\/uploads\/2019\/08\/14-galeria-kh-1.jpg' target='_blank' data-sizes='1200x800'><img src='https:\/\/fjsp.org.br\/fjsp\/wp-content\/uploads\/2019\/08\/14-galeria-kh-1-150x150.jpg' class='img-polaroid img-responsive img-thumbnail' alt='' \/><\/a>\n\t\t\t<\/dt>\n\t\t\t\t<dd class='wp-caption-text gallery-caption'>\n\t\t\t\tVista de instala\u00e7\u00e3o da instala\u00e7\u00e3o colaborativa entre Juliana Kase e Satoshi Hashimoto<br> (Foto: Fernando Lima)\n\t\t\t\t<\/dd><\/dl><dl class='gallery-item span3'>\n\t\t\t<dt class='gallery-icon'>\n\t\t\t\t<a href='https:\/\/fjsp.org.br\/fjsp\/wp-content\/uploads\/2019\/08\/15-galeria-kh-1.jpg' target='_blank' data-sizes='1200x800'><img src='https:\/\/fjsp.org.br\/fjsp\/wp-content\/uploads\/2019\/08\/15-galeria-kh-1-150x150.jpg' class='img-polaroid img-responsive img-thumbnail' alt='' \/><\/a>\n\t\t\t<\/dt>\n\t\t\t\t<dd class='wp-caption-text gallery-caption'>\n\t\t\t\tVista de instala\u00e7\u00e3o da instala\u00e7\u00e3o colaborativa entre Juliana Kase e Satoshi Hashimoto<br> (Foto: Juliana Kase)\n\t\t\t\t<\/dd><\/dl><dl class='gallery-item span3'>\n\t\t\t<dt class='gallery-icon'>\n\t\t\t\t<a href='https:\/\/fjsp.org.br\/fjsp\/wp-content\/uploads\/2019\/08\/16-galeria-kh-1.jpg' target='_blank' data-sizes='1200x750'><img src='https:\/\/fjsp.org.br\/fjsp\/wp-content\/uploads\/2019\/08\/16-galeria-kh-1-150x150.jpg' class='img-polaroid img-responsive img-thumbnail' alt='' \/><\/a>\n\t\t\t<\/dt>\n\t\t\t\t<dd class='wp-caption-text gallery-caption'>\n\t\t\t\tJuliana Kase, <i>mortemetro, <\/i>2018, audio-video instala\u00e7\u00e3o em dois canais independentes, v\u00eddeo 7min50, \u00e1udio 14min55<br> (Foto: Juliana Kase)\n\t\t\t\t<\/dd><\/dl><dl class='gallery-item span3'>\n\t\t\t<dt class='gallery-icon'>\n\t\t\t\t<a href='https:\/\/fjsp.org.br\/fjsp\/wp-content\/uploads\/2019\/08\/17-galeria-kh-1.jpg' target='_blank' data-sizes='1200x795'><img src='https:\/\/fjsp.org.br\/fjsp\/wp-content\/uploads\/2019\/08\/17-galeria-kh-1-150x150.jpg' class='img-polaroid img-responsive img-thumbnail' alt='' \/><\/a>\n\t\t\t<\/dt>\n\t\t\t\t<dd class='wp-caption-text gallery-caption'>\n\t\t\t\tJuliana Kase, <i>mortemetro, <\/i>2018, audio-video instala\u00e7\u00e3o em dois canais independentes, v\u00eddeo 7min50, \u00e1udio 14min55<br> (Foto: Juliana Kase)\n\t\t\t\t<\/dd><\/dl><dl class='gallery-item span3'>\n\t\t\t<dt class='gallery-icon'>\n\t\t\t\t<a href='https:\/\/fjsp.org.br\/fjsp\/wp-content\/uploads\/2019\/08\/18-galeria-kh-1.jpg' target='_blank' data-sizes='1200x800'><img src='https:\/\/fjsp.org.br\/fjsp\/wp-content\/uploads\/2019\/08\/18-galeria-kh-1-150x150.jpg' class='img-polaroid img-responsive img-thumbnail' alt='' \/><\/a>\n\t\t\t<\/dt>\n\t\t\t\t<dd class='wp-caption-text gallery-caption'>\n\t\t\t\tTakanori Suga, <i>Um Sinal em Branco<\/i>, Projeto Gotejamento em S\u00e3o Paulo, 2018, instala\u00e7\u00e3o com pintura sobre chapa de compensado,  altura 800 cm (esquerda) 960 cm (direita)<br> (Foto: Fernando Lima)\n\t\t\t\t<\/dd><\/dl><dl class='gallery-item span3'>\n\t\t\t<dt class='gallery-icon'>\n\t\t\t\t<a href='https:\/\/fjsp.org.br\/fjsp\/wp-content\/uploads\/2019\/08\/19-galeria-kh-1.jpg' target='_blank' data-sizes='1200x800'><img src='https:\/\/fjsp.org.br\/fjsp\/wp-content\/uploads\/2019\/08\/19-galeria-kh-1-150x150.jpg' class='img-polaroid img-responsive img-thumbnail' alt='' \/><\/a>\n\t\t\t<\/dt>\n\t\t\t\t<dd class='wp-caption-text gallery-caption'>\n\t\t\t\tTakanori Suga, <i>Um Sinal em Branco<\/i> [parcial], Projeto Gotejamento em S\u00e3o Paulo, 2018, instala\u00e7\u00e3o com pintura sobre chapa de compensado,  altura 9.6m (direita)<br> (Foto: Fernando Lima)\n\t\t\t\t<\/dd><\/dl><dl class='gallery-item span3'>\n\t\t\t<dt class='gallery-icon'>\n\t\t\t\t<a href='https:\/\/fjsp.org.br\/fjsp\/wp-content\/uploads\/2019\/08\/20-galeria-kh-1.jpg' target='_blank' data-sizes='1200x800'><img src='https:\/\/fjsp.org.br\/fjsp\/wp-content\/uploads\/2019\/08\/20-galeria-kh-1-150x150.jpg' class='img-polaroid img-responsive img-thumbnail' alt='' \/><\/a>\n\t\t\t<\/dt>\n\t\t\t\t<dd class='wp-caption-text gallery-caption'>\n\t\t\t\tMaking of, Takanori Suga<br> (Foto: Naoko Mabon)\n\t\t\t\t<\/dd><\/dl><dl class='gallery-item span3'>\n\t\t\t<dt class='gallery-icon'>\n\t\t\t\t<a href='https:\/\/fjsp.org.br\/fjsp\/wp-content\/uploads\/2019\/08\/21-galeria-kh-1.jpg' target='_blank' data-sizes='1200x800'><img src='https:\/\/fjsp.org.br\/fjsp\/wp-content\/uploads\/2019\/08\/21-galeria-kh-1-150x150.jpg' class='img-polaroid img-responsive img-thumbnail' alt='' \/><\/a>\n\t\t\t<\/dt>\n\t\t\t\t<dd class='wp-caption-text gallery-caption'>\n\t\t\t\tMaking of, Juliana Kase e Satoshi Hashimoto<br> (Foto: Naoko Mabon)\n\t\t\t\t<\/dd><\/dl><dl class='gallery-item span3'>\n\t\t\t<dt class='gallery-icon'>\n\t\t\t\t<a href='https:\/\/fjsp.org.br\/fjsp\/wp-content\/uploads\/2019\/08\/22-galeria-kh-1.jpg' target='_blank' data-sizes='1200x800'><img src='https:\/\/fjsp.org.br\/fjsp\/wp-content\/uploads\/2019\/08\/22-galeria-kh-1-150x150.jpg' class='img-polaroid img-responsive img-thumbnail' alt='' \/><\/a>\n\t\t\t<\/dt>\n\t\t\t\t<dd class='wp-caption-text gallery-caption'>\n\t\t\t\tWorkshop de Satoshi Hashimoto. <i>Reprodu\u00e7\u00e3o do nascimento dos pa\u00edses,<\/i> 9 de setembro de 2018, papel\u00e3o usado por moradores de rua, peda\u00e7o de rua quebrada\n\t\t\t\t<\/dd><\/dl><dl class='gallery-item span3'>\n\t\t\t<dt class='gallery-icon'>\n\t\t\t\t<a href='https:\/\/fjsp.org.br\/fjsp\/wp-content\/uploads\/2019\/08\/23-galeria-kh-1.jpg' target='_blank' data-sizes='1200x800'><img src='https:\/\/fjsp.org.br\/fjsp\/wp-content\/uploads\/2019\/08\/23-galeria-kh-1-150x150.jpg' class='img-polaroid img-responsive img-thumbnail' alt='' \/><\/a>\n\t\t\t<\/dt>\n\t\t\t\t<dd class='wp-caption-text gallery-caption'>\n\t\t\t\tWorkshop de Satoshi Hashimoto. <i>Reprodu\u00e7\u00e3o do nascimento dos pa\u00edses<\/i>, 9 de setembro de 2018, papel\u00e3o usado por moradores de rua, peda\u00e7o de rua quebrada\n\t\t\t\t<\/dd><\/dl><dl class='gallery-item span3'>\n\t\t\t<dt class='gallery-icon'>\n\t\t\t\t<a href='https:\/\/fjsp.org.br\/fjsp\/wp-content\/uploads\/2019\/08\/24-galeria-kh-1.jpg' target='_blank' data-sizes='1200x800'><img src='https:\/\/fjsp.org.br\/fjsp\/wp-content\/uploads\/2019\/08\/24-galeria-kh-1-150x150.jpg' class='img-polaroid img-responsive img-thumbnail' alt='' \/><\/a>\n\t\t\t<\/dt>\n\t\t\t\t<dd class='wp-caption-text gallery-caption'>\n\t\t\t\tWorkshop de Satoshi Hashimoto. <i>Reprodu\u00e7\u00e3o do nascimento dos pa\u00edses<\/i>, 9 de setembro de 2018, papel\u00e3o usado por moradores de rua, peda\u00e7o de rua quebrada<br> (Foto: Fernando Lima)\n\t\t\t\t<\/dd><\/dl><dl class='gallery-item span3'>\n\t\t\t<dt class='gallery-icon'>\n\t\t\t\t<a href='https:\/\/fjsp.org.br\/fjsp\/wp-content\/uploads\/2019\/08\/25-galeria-kh-1.jpg' target='_blank' data-sizes='1200x900'><img src='https:\/\/fjsp.org.br\/fjsp\/wp-content\/uploads\/2019\/08\/25-galeria-kh-1-150x150.jpg' class='img-polaroid img-responsive img-thumbnail' alt='' \/><\/a>\n\t\t\t<\/dt>\n\t\t\t\t<dd class='wp-caption-text gallery-caption'>\n\t\t\t\tPerformance de dan\u00e7a Danilo Silveira e \u00e1udio-v\u00eddeo instala\u00e7\u00e3o de Juliana Kase, 15 de setembro de 2018<br> (Foto: Naoko Mabon)\n\t\t\t\t<\/dd><\/dl><dl class='gallery-item span3'>\n\t\t\t<dt class='gallery-icon'>\n\t\t\t\t<a href='https:\/\/fjsp.org.br\/fjsp\/wp-content\/uploads\/2019\/08\/26-galeria-kh-1.jpg' target='_blank' data-sizes='1200x670'><img src='https:\/\/fjsp.org.br\/fjsp\/wp-content\/uploads\/2019\/08\/26-galeria-kh-1-150x150.jpg' class='img-polaroid img-responsive img-thumbnail' alt='' \/><\/a>\n\t\t\t<\/dt>\n\t\t\t\t<dd class='wp-caption-text gallery-caption'>\n\t\t\t\tConversa com Juliana Kase, Danilo Silveira e Naoko Mabon, 15 de setembro de 2018<br> (Foto: Juliana Kase)\n\t\t\t\t<\/dd><\/dl><dl class='gallery-item span3'>\n\t\t\t<dt class='gallery-icon'>\n\t\t\t\t<a href='https:\/\/fjsp.org.br\/fjsp\/wp-content\/uploads\/2019\/08\/27-galeria-kh-1.jpg' target='_blank' data-sizes='1200x675'><img src='https:\/\/fjsp.org.br\/fjsp\/wp-content\/uploads\/2019\/08\/27-galeria-kh-1-150x150.jpg' class='img-polaroid img-responsive img-thumbnail' alt='' \/><\/a>\n\t\t\t<\/dt>\n\t\t\t\t<dd class='wp-caption-text gallery-caption'>\n\t\t\t\tPerformance de dan\u00e7a com Beatriz Sano; de som com They-Group, \u00e1udio-v\u00eddeo instala\u00e7\u00e3o <i>mortemetro<\/i> de Juliana Kase; m\u00e1scara de N\u014d pintada <i>Monstro<\/i> de Takanori Suga. 22 de setembro de 2018<br> (Foto: Paula Ramos)\n\t\t\t\t<\/dd><\/dl><dl class='gallery-item span3'>\n\t\t\t<dt class='gallery-icon'>\n\t\t\t\t<a href='https:\/\/fjsp.org.br\/fjsp\/wp-content\/uploads\/2019\/08\/28-galeria-kh-1.jpg' target='_blank' data-sizes='1200x800'><img src='https:\/\/fjsp.org.br\/fjsp\/wp-content\/uploads\/2019\/08\/28-galeria-kh-1-150x150.jpg' class='img-polaroid img-responsive img-thumbnail' alt='' \/><\/a>\n\t\t\t<\/dt>\n\t\t\t\t<dd class='wp-caption-text gallery-caption'>\n\t\t\t\tPerformance de dan\u00e7a com Beatriz Sano; de som com They-Group, \u00e1udio-v\u00eddeo instala\u00e7\u00e3o <i>mortemetro<\/i> de Juliana Kase; m\u00e1scara de N\u014d pintada <i>Monstro<\/i> de Takanori Suga. 22 de setembro de 2018<br> (Foto: Naoko Mabon)\n\t\t\t\t<\/dd><\/dl><dl class='gallery-item span3'>\n\t\t\t<dt class='gallery-icon'>\n\t\t\t\t<a href='https:\/\/fjsp.org.br\/fjsp\/wp-content\/uploads\/2019\/08\/29-galeria-kh-1.jpg' target='_blank' data-sizes='1200x900'><img src='https:\/\/fjsp.org.br\/fjsp\/wp-content\/uploads\/2019\/08\/29-galeria-kh-1-150x150.jpg' class='img-polaroid img-responsive img-thumbnail' alt='' \/><\/a>\n\t\t\t<\/dt>\n\t\t\t\t<dd class='wp-caption-text gallery-caption'>\n\t\t\t\tConversa com o artista Takanori Suga, 22 de setembro de 2018<br> (Foto: Naoko Mabon)\n\t\t\t\t<\/dd><\/dl><dl class='gallery-item span3'>\n\t\t\t<dt class='gallery-icon'>\n\t\t\t\t<a href='https:\/\/fjsp.org.br\/fjsp\/wp-content\/uploads\/2019\/08\/30-galeria-kh-1.jpg' target='_blank' data-sizes='1200x800'><img src='https:\/\/fjsp.org.br\/fjsp\/wp-content\/uploads\/2019\/08\/30-galeria-kh-1-150x150.jpg' class='img-polaroid img-responsive img-thumbnail' alt='' \/><\/a>\n\t\t\t<\/dt>\n\t\t\t\t<dd class='wp-caption-text gallery-caption'>\n\t\t\t\t<i>A Ilha<\/i>, performance sonora-visual Rodrigo Amor Experimental e Evandro Nicolau, 23 de setembro de 2018<br> (Foto: Naoko Mabon)\n\t\t\t\t<\/dd><\/dl><br style=\"clear: both\" \/>\n\t\t\t<br style='clear: both;' \/>\n\t\t<\/div>\n\n<p style=\"text-align: center;\"><em><span style=\"color: #800080;\"><span style=\"color: #000000;\"><a href=\"https:\/\/fjsp.org.br\/fjsp\/entrevista-kyojitsu-hiniku-br_pag5\/\">&lt; Anterior<\/a> \u00a0 <a href=\"https:\/\/fjsp.org.br\/fjsp\/entrevista-kyojitsu-hiniku-br_pag1\/\">1<\/a> \u00a0 <a href=\"https:\/\/fjsp.org.br\/fjsp\/entrevista-kyojitsu-hiniku-br_pag2\/\">2<\/a> \u00a0 <a href=\"https:\/\/fjsp.org.br\/fjsp\/entrevista-kyojitsu-hiniku-br_pag3\/\">3<\/a> \u00a0 <a href=\"https:\/\/fjsp.org.br\/fjsp\/entrevista-kyojitsu-hiniku-br_pag4\/\">4<\/a> \u00a0 <a href=\"https:\/\/fjsp.org.br\/fjsp\/entrevista-kyojitsu-hiniku-br_pag5\/\">5<\/a> \u00a0 <strong><span style=\"color: #993366;\">6<\/span>\u00a0<\/strong><\/span><\/span><strong>\u00a0<\/strong>\u00a0 \u00a0 \u00a0 \u00a0 \u00a0 \u00a0<\/em><!--more--><!--more--><\/p>\n","protected":false},"excerpt":{"rendered":"<p>[\u753b\u50cf\u30ae\u30e3\u30e9\u30ea\u30fc] \u00a0 \u00a0 \u00a0 \u00a0 \u00a0[Portugu\u00eas] Clique na imagem para ampli\u00e1-la &lt; Anterior \u00a0 1 \u00a0 2 \u00a0 3 \u00a0 4 \u00a0 5 \u00a0 6\u00a0\u00a0\u00a0 \u00a0 \u00a0 \u00a0 \u00a0 \u00a0<\/p>\n","protected":false},"author":1,"featured_media":0,"parent":0,"menu_order":0,"comment_status":"closed","ping_status":"closed","template":"","meta":{"_acf_changed":false,"footnotes":""},"class_list":["post-9621","page","type-page","status-publish","hentry"],"acf":[],"_links":{"self":[{"href":"https:\/\/fjsp.org.br\/fjsp\/wp-json\/wp\/v2\/pages\/9621","targetHints":{"allow":["GET"]}}],"collection":[{"href":"https:\/\/fjsp.org.br\/fjsp\/wp-json\/wp\/v2\/pages"}],"about":[{"href":"https:\/\/fjsp.org.br\/fjsp\/wp-json\/wp\/v2\/types\/page"}],"author":[{"embeddable":true,"href":"https:\/\/fjsp.org.br\/fjsp\/wp-json\/wp\/v2\/users\/1"}],"replies":[{"embeddable":true,"href":"https:\/\/fjsp.org.br\/fjsp\/wp-json\/wp\/v2\/comments?post=9621"}],"version-history":[{"count":4,"href":"https:\/\/fjsp.org.br\/fjsp\/wp-json\/wp\/v2\/pages\/9621\/revisions"}],"predecessor-version":[{"id":11045,"href":"https:\/\/fjsp.org.br\/fjsp\/wp-json\/wp\/v2\/pages\/9621\/revisions\/11045"}],"wp:attachment":[{"href":"https:\/\/fjsp.org.br\/fjsp\/wp-json\/wp\/v2\/media?parent=9621"}],"curies":[{"name":"wp","href":"https:\/\/api.w.org\/{rel}","templated":true}]}}