{"id":9700,"date":"2019-08-26T15:53:43","date_gmt":"2019-08-26T18:53:43","guid":{"rendered":"https:\/\/fjsp.org.br\/fjsp\/?page_id=9700"},"modified":"2019-09-18T11:26:55","modified_gmt":"2019-09-18T14:26:55","slug":"galeria-jp","status":"publish","type":"page","link":"https:\/\/fjsp.org.br\/fjsp\/galeria-jp\/","title":{"rendered":"\u753b\u50cf\u30ae\u30e3\u30e9\u30ea\u30fc"},"content":{"rendered":"<style>.gallery-item{float:left;width:160px;margin-right:10px;padding:0 10px 0 0;!important}.gallery-caption{text-align:justify;font-size:11px;}<\/style>\n<p style=\"text-align: center;\"><span style=\"color: #993366;\">[\u753b\u50cf\u30ae\u30e3\u30e9\u30ea\u30fc]\u00a0 \u00a0 \u00a0<\/span> \u00a0 <strong>\u00a0<a href=\"https:\/\/fjsp.org.br\/fjsp\/galeria\/\">[Portugu\u00eas]<\/a><\/strong><\/p>\n<p style=\"text-align: center;\"><strong><span style=\"color: #ff0000;\">\u753b\u50cf\u3092\u30af\u30ea\u30c3\u30af\u3059\u308b\u3068\u62e1\u5927\u8868\u793a\u3057\u307e\u3059\u3002<br \/>\n<\/span><\/strong><\/p>\n\n\t\t<div id='gallery-1' class='gallery galleryid-9700 gallery-columns-6 gallery-size-marugoto_foto row-fluid'><dl class='gallery-item span3'>\n\t\t\t<dt class='gallery-icon'>\n\t\t\t\t<a href='https:\/\/fjsp.org.br\/fjsp\/wp-content\/uploads\/2019\/08\/01-galeria-kh.jpg' target='_blank' data-sizes='1200x800'><img src='https:\/\/fjsp.org.br\/fjsp\/wp-content\/uploads\/2019\/08\/01-galeria-kh-150x150.jpg' class='img-polaroid img-responsive img-thumbnail' alt='' \/><\/a>\n\t\t\t<\/dt>\n\t\t\t\t<dd class='wp-caption-text gallery-caption'>\n\t\t\t\t\u300c\u865a\u5b9f\u76ae\u819c\uff1a\u65e5\u672c\u306e\u76ae\u819a\u3068\u8089\u4f53\u306e\u306f\u3056\u307e\u300d\u5c55\u3001\u5c55\u793a\u98a8\u666f<br>Photo: \u30d5\u30a7\u30eb\u30ca\u30f3\u30c9\u30fb\u30ea\u30de\n\t\t\t\t<\/dd><\/dl><dl class='gallery-item span3'>\n\t\t\t<dt class='gallery-icon'>\n\t\t\t\t<a href='https:\/\/fjsp.org.br\/fjsp\/wp-content\/uploads\/2019\/08\/02-galeria-kh.jpg' target='_blank' data-sizes='1200x800'><img src='https:\/\/fjsp.org.br\/fjsp\/wp-content\/uploads\/2019\/08\/02-galeria-kh-150x150.jpg' class='img-polaroid img-responsive img-thumbnail' alt='' \/><\/a>\n\t\t\t<\/dt>\n\t\t\t\t<dd class='wp-caption-text gallery-caption'>\n\t\t\t\t\u300c\u865a\u5b9f\u76ae\u819c\uff1a\u65e5\u672c\u306e\u76ae\u819a\u3068\u8089\u4f53\u306e\u306f\u3056\u307e\u300d\u5c55\u3001\u5c55\u793a\u98a8\u666f<br>Photo: \u30d5\u30a7\u30eb\u30ca\u30f3\u30c9\u30fb\u30ea\u30de\n\t\t\t\t<\/dd><\/dl><dl class='gallery-item span3'>\n\t\t\t<dt class='gallery-icon'>\n\t\t\t\t<a href='https:\/\/fjsp.org.br\/fjsp\/wp-content\/uploads\/2019\/08\/03-galeria-kh.jpg' target='_blank' data-sizes='1200x800'><img src='https:\/\/fjsp.org.br\/fjsp\/wp-content\/uploads\/2019\/08\/03-galeria-kh-150x150.jpg' class='img-polaroid img-responsive img-thumbnail' alt='' \/><\/a>\n\t\t\t<\/dt>\n\t\t\t\t<dd class='wp-caption-text gallery-caption'>\n\t\t\t\t\u300c\u865a\u5b9f\u76ae\u819c\uff1a\u65e5\u672c\u306e\u76ae\u819a\u3068\u8089\u4f53\u306e\u306f\u3056\u307e\u300d\u5c55\u3001\u5c55\u793a\u98a8\u666f<br>Photo: \u30e1\u30a4\u30dc\u30f3\u5c1a\u5b50\n\t\t\t\t<\/dd><\/dl><dl class='gallery-item span3'>\n\t\t\t<dt class='gallery-icon'>\n\t\t\t\t<a href='https:\/\/fjsp.org.br\/fjsp\/wp-content\/uploads\/2019\/08\/04-galeria-kh.jpg' target='_blank' data-sizes='1200x800'><img src='https:\/\/fjsp.org.br\/fjsp\/wp-content\/uploads\/2019\/08\/04-galeria-kh-150x150.jpg' class='img-polaroid img-responsive img-thumbnail' alt='' \/><\/a>\n\t\t\t<\/dt>\n\t\t\t\t<dd class='wp-caption-text gallery-caption'>\n\t\t\t\t\u30c7\u30bf\u30cb\u30b3\u30fb\u30ec\u30a4\u30f3\u300aONDA\u300b2010\u3001\u5869\u3001193 x 400 cm\u3001\u30b3\u30ec\u30af\u30b7\u30e7\u30f3\uff1aFunda\u00e7\u00e3o Leal Rios, Lisbon <br>Photo: \u30e1\u30a4\u30dc\u30f3\u5c1a\u5b50\n\t\t\t\t<\/dd><\/dl><dl class='gallery-item span3'>\n\t\t\t<dt class='gallery-icon'>\n\t\t\t\t<a href='https:\/\/fjsp.org.br\/fjsp\/wp-content\/uploads\/2019\/08\/05-galeria-kh.jpg' target='_blank' data-sizes='1200x800'><img src='https:\/\/fjsp.org.br\/fjsp\/wp-content\/uploads\/2019\/08\/05-galeria-kh-150x150.jpg' class='img-polaroid img-responsive img-thumbnail' alt='' \/><\/a>\n\t\t\t<\/dt>\n\t\t\t\t<dd class='wp-caption-text gallery-caption'>\n\t\t\t\t\u30c7\u30bf\u30cb\u30b3\u30fb\u30ec\u30a4\u30f3\u300aONDA\u300b[\u90e8\u5206] 2010\u3001\u5869\u3001193 x 400 cm\u3001\u30b3\u30ec\u30af\u30b7\u30e7\u30f3\uff1aFunda\u00e7\u00e3o Leal Rios, Lisbon <br>Photo: \u30e1\u30a4\u30dc\u30f3\u5c1a\u5b50\n\t\t\t\t<\/dd><\/dl><dl class='gallery-item span3'>\n\t\t\t<dt class='gallery-icon'>\n\t\t\t\t<a href='https:\/\/fjsp.org.br\/fjsp\/wp-content\/uploads\/2019\/08\/06-galeria-kh.jpg' target='_blank' data-sizes='1200x800'><img src='https:\/\/fjsp.org.br\/fjsp\/wp-content\/uploads\/2019\/08\/06-galeria-kh-150x150.jpg' class='img-polaroid img-responsive img-thumbnail' alt='' \/><\/a>\n\t\t\t<\/dt>\n\t\t\t\t<dd class='wp-caption-text gallery-caption'>\n\t\t\t\t\u85e4\u4e95 \u5149\u300a\u65e5\u672c\u4eba\u3092\u6f14\u3058\u308b\u300b 2017\u3001\u30d3\u30c7\u30aa\u30a4\u30f3\u30b9\u30bf\u30ec\u30fc\u30b7\u30e7\u30f3\uff0842\u201921\u201d\uff09<br>Photo: \u30d5\u30a7\u30eb\u30ca\u30f3\u30c9\u30fb\u30ea\u30de\n\t\t\t\t<\/dd><\/dl><br style=\"clear: both\" \/><dl class='gallery-item span3'>\n\t\t\t<dt class='gallery-icon'>\n\t\t\t\t<a href='https:\/\/fjsp.org.br\/fjsp\/wp-content\/uploads\/2019\/08\/07-galeria-kh.jpg' target='_blank' data-sizes='1200x800'><img src='https:\/\/fjsp.org.br\/fjsp\/wp-content\/uploads\/2019\/08\/07-galeria-kh-150x150.jpg' class='img-polaroid img-responsive img-thumbnail' alt='' \/><\/a>\n\t\t\t<\/dt>\n\t\t\t\t<dd class='wp-caption-text gallery-caption'>\n\t\t\t\t\u83c5 \u9686\u7d00\u300a\u9b3c\u9580\u300b2018\u3001\u80fd\u9762\u306b\u30da\u30a4\u30f3\u30c8\u3001H21 x W14 x D7.5 cm <br>Photo: \u30e1\u30a4\u30dc\u30f3\u5c1a\u5b50\n\t\t\t\t<\/dd><\/dl><dl class='gallery-item span3'>\n\t\t\t<dt class='gallery-icon'>\n\t\t\t\t<a href='https:\/\/fjsp.org.br\/fjsp\/wp-content\/uploads\/2019\/08\/08-galeria-kh.jpg' target='_blank' data-sizes='1200x800'><img src='https:\/\/fjsp.org.br\/fjsp\/wp-content\/uploads\/2019\/08\/08-galeria-kh-150x150.jpg' class='img-polaroid img-responsive img-thumbnail' alt='' \/><\/a>\n\t\t\t<\/dt>\n\t\t\t\t<dd class='wp-caption-text gallery-caption'>\n\t\t\t\t\u83c5 \u9686\u7d00\u300a\u9b3c\u9580\u300b2018\u3001\u80fd\u9762\u306b\u30da\u30a4\u30f3\u30c8\u3001H21 x W14 x D7.5 cm<br>Photo: \u30e1\u30a4\u30dc\u30f3\u5c1a\u5b50\n\t\t\t\t<\/dd><\/dl><dl class='gallery-item span3'>\n\t\t\t<dt class='gallery-icon'>\n\t\t\t\t<a href='https:\/\/fjsp.org.br\/fjsp\/wp-content\/uploads\/2019\/08\/09-galeria-kh.jpg' target='_blank' data-sizes='1200x846'><img src='https:\/\/fjsp.org.br\/fjsp\/wp-content\/uploads\/2019\/08\/09-galeria-kh-150x150.jpg' class='img-polaroid img-responsive img-thumbnail' alt='' \/><\/a>\n\t\t\t<\/dt>\n\t\t\t\t<dd class='wp-caption-text gallery-caption'>\n\t\t\t\t[\u5de6\u304b\u3089] <br>1. \u6a4b\u672c \u8061\u300a\u65e5\u98df\u306e\u89b3\u6e2c\u300b2017\u3001\u9244\u30d1\u30a4\u30d7<br>2. \u6a4b\u672c \u8061\u300a\u30ea\u30aa+\u6771\u4eac=\u65e5\u98df\u300b2016\u3001\u7d19\u306b\u30d7\u30ea\u30f3\u30c8<br>3. \u30d5\u30a7\u30ea\u30c3\u30af\u30b9\u30fb\u30b4\u30f3\u30b6\u30ec\u30b9\uff1d\u30c8\u30ec\u30b9\u300aUntitled (Perfect Lovers)\u300b1991\u3001\u6642\u8a08\u3000\uff0f\u3000\u6a4b\u672c \u8061\u300aUntitled (Rio\/ Tokyo)\u300b2016\u3001\u6642\u8a08<br>\n\t\t\t\t<\/dd><\/dl><dl class='gallery-item span3'>\n\t\t\t<dt class='gallery-icon'>\n\t\t\t\t<a href='https:\/\/fjsp.org.br\/fjsp\/wp-content\/uploads\/2019\/08\/10-galeria-kh.jpg' target='_blank' data-sizes='900x1200'><img src='https:\/\/fjsp.org.br\/fjsp\/wp-content\/uploads\/2019\/08\/10-galeria-kh-150x150.jpg' class='img-polaroid img-responsive img-thumbnail' alt='' \/><\/a>\n\t\t\t<\/dt>\n\t\t\t\t<dd class='wp-caption-text gallery-caption'>\n\t\t\t\t\u6a4b\u672c \u8061\u300a\u3053\u3053\u3067\u7720\u3063\u3066\u304f\u3060\u3055\u3044\u300b2017\u3001\u677f\u3001\u6307\u793a\u3001\u89b3\u5ba2<br>Photo: \u52a0\u702c\u4e39\u91ce\u30b8\u30e5\u30ea\u30a2\u30ca\n\t\t\t\t<\/dd><\/dl><dl class='gallery-item span3'>\n\t\t\t<dt class='gallery-icon'>\n\t\t\t\t<a href='https:\/\/fjsp.org.br\/fjsp\/wp-content\/uploads\/2019\/08\/11-galeria-kh.jpg' target='_blank' data-sizes='1200x800'><img src='https:\/\/fjsp.org.br\/fjsp\/wp-content\/uploads\/2019\/08\/11-galeria-kh-150x150.jpg' class='img-polaroid img-responsive img-thumbnail' alt='' \/><\/a>\n\t\t\t<\/dt>\n\t\t\t\t<dd class='wp-caption-text gallery-caption'>\n\t\t\t\t\u300c\u865a\u5b9f\u76ae\u819c\uff1a\u65e5\u672c\u306e\u76ae\u819a\u3068\u8089\u4f53\u306e\u306f\u3056\u307e\u300d\u5c55\u3001\u5c55\u793a\u98a8\u666f<br>Photo: \u30d5\u30a7\u30eb\u30ca\u30f3\u30c9\u30fb\u30ea\u30de\n\t\t\t\t<\/dd><\/dl><dl class='gallery-item span3'>\n\t\t\t<dt class='gallery-icon'>\n\t\t\t\t<a href='https:\/\/fjsp.org.br\/fjsp\/wp-content\/uploads\/2019\/08\/12-galeria-kh.jpg' target='_blank' data-sizes='851x1200'><img src='https:\/\/fjsp.org.br\/fjsp\/wp-content\/uploads\/2019\/08\/12-galeria-kh-150x150.jpg' class='img-polaroid img-responsive img-thumbnail' alt='' \/><\/a>\n\t\t\t<\/dt>\n\t\t\t\t<dd class='wp-caption-text gallery-caption'>\n\t\t\t\t\u6a4b\u672c \u8061\u300a\u77f3\u3068\u53c2\u7167\uff1a\u6295\u77f3\u300b2018\u3001\u7d19\u306b\u30d7\u30ea\u30f3\u30c8<br>\n\t\t\t\t<\/dd><\/dl><br style=\"clear: both\" \/><dl class='gallery-item span3'>\n\t\t\t<dt class='gallery-icon'>\n\t\t\t\t<a href='https:\/\/fjsp.org.br\/fjsp\/wp-content\/uploads\/2019\/08\/13-galeria-kh.jpg' target='_blank' data-sizes='1200x800'><img src='https:\/\/fjsp.org.br\/fjsp\/wp-content\/uploads\/2019\/08\/13-galeria-kh-150x150.jpg' class='img-polaroid img-responsive img-thumbnail' alt='' \/><\/a>\n\t\t\t<\/dt>\n\t\t\t\t<dd class='wp-caption-text gallery-caption'>\n\t\t\t\t\u52a0\u702c\u4e39\u91ce\u30b8\u30e5\u30ea\u30a2\u30ca\u300a\u88c1\u5224\u6240\u3068\u79c1\u305f\u3061 [\u672a\u6765]\u300b2017\u5e74\u301c\u73fe\u5728\u3001\u30aa\u30d5\u30bb\u30c3\u30c8\u5370\u5237\u300147.5 x 66.6 cm <br>Photo: \u30d5\u30a7\u30eb\u30ca\u30f3\u30c9\u30fb\u30ea\u30de\n\t\t\t\t<\/dd><\/dl><dl class='gallery-item span3'>\n\t\t\t<dt class='gallery-icon'>\n\t\t\t\t<a href='https:\/\/fjsp.org.br\/fjsp\/wp-content\/uploads\/2019\/08\/14-galeria-kh.jpg' target='_blank' data-sizes='1200x800'><img src='https:\/\/fjsp.org.br\/fjsp\/wp-content\/uploads\/2019\/08\/14-galeria-kh-150x150.jpg' class='img-polaroid img-responsive img-thumbnail' alt='' \/><\/a>\n\t\t\t<\/dt>\n\t\t\t\t<dd class='wp-caption-text gallery-caption'>\n\t\t\t\t\u52a0\u702c\u4e39\u91ce\u30b8\u30e5\u30ea\u30a2\u30ca\u3068\u6a4b\u672c \u8061\u306b\u3088\u308b\u30b3\u30e9\u30dc\u30ec\u30fc\u30c6\u30a3\u30d6\u30fb\u30a4\u30f3\u30b9\u30bf\u30ec\u30fc\u30b7\u30e7\u30f3\u306e\u5c55\u793a\u98a8\u666f<br> Photo: \u30d5\u30a7\u30eb\u30ca\u30f3\u30c9\u30fb\u30ea\u30de\n\t\t\t\t<\/dd><\/dl><dl class='gallery-item span3'>\n\t\t\t<dt class='gallery-icon'>\n\t\t\t\t<a href='https:\/\/fjsp.org.br\/fjsp\/wp-content\/uploads\/2019\/08\/15-galeria-kh.jpg' target='_blank' data-sizes='1200x800'><img src='https:\/\/fjsp.org.br\/fjsp\/wp-content\/uploads\/2019\/08\/15-galeria-kh-150x150.jpg' class='img-polaroid img-responsive img-thumbnail' alt='' \/><\/a>\n\t\t\t<\/dt>\n\t\t\t\t<dd class='wp-caption-text gallery-caption'>\n\t\t\t\t\u52a0\u702c\u4e39\u91ce\u30b8\u30e5\u30ea\u30a2\u30ca\u3068\u6a4b\u672c \u8061\u306b\u3088\u308b\u30b3\u30e9\u30dc\u30ec\u30fc\u30c6\u30a3\u30d6\u30fb\u30a4\u30f3\u30b9\u30bf\u30ec\u30fc\u30b7\u30e7\u30f3\u306e\u5c55\u793a\u98a8\u666f<br> Photo: \u52a0\u702c\u4e39\u91ce\u30b8\u30e5\u30ea\u30a2\u30ca\n\t\t\t\t<\/dd><\/dl><dl class='gallery-item span3'>\n\t\t\t<dt class='gallery-icon'>\n\t\t\t\t<a href='https:\/\/fjsp.org.br\/fjsp\/wp-content\/uploads\/2019\/08\/16-galeria-kh.jpg' target='_blank' data-sizes='1200x750'><img src='https:\/\/fjsp.org.br\/fjsp\/wp-content\/uploads\/2019\/08\/16-galeria-kh-150x150.jpg' class='img-polaroid img-responsive img-thumbnail' alt='' \/><\/a>\n\t\t\t<\/dt>\n\t\t\t\t<dd class='wp-caption-text gallery-caption'>\n\t\t\t\t\u52a0\u702c\u4e39\u91ce\u30b7\u3099\u30e5\u30ea\u30a2\u30ca\u300amortemetro\u300b2018\u3001\u30aa\u30fc\u30c7\u30a3\u30aa\u2212\u30d3\u30c7\u30aa\u30a4\u30f3\u30b9\u30bf\u30ec\u30fc\u30b7\u30e7\u30f3\u3001\u30d3\u30c7\u30aa\uff087\u201950\u201d\uff09\u3001\u30aa\u30fc\u30c7\u30a3\u30aa\uff0814\u201955\u201d\uff09<br>Photo: \u52a0\u702c\u4e39\u91ce\u30b8\u30e5\u30ea\u30a2\u30ca\n\t\t\t\t<\/dd><\/dl><dl class='gallery-item span3'>\n\t\t\t<dt class='gallery-icon'>\n\t\t\t\t<a href='https:\/\/fjsp.org.br\/fjsp\/wp-content\/uploads\/2019\/08\/17-galeria-kh.jpg' target='_blank' data-sizes='1200x795'><img src='https:\/\/fjsp.org.br\/fjsp\/wp-content\/uploads\/2019\/08\/17-galeria-kh-150x150.jpg' class='img-polaroid img-responsive img-thumbnail' alt='' \/><\/a>\n\t\t\t<\/dt>\n\t\t\t\t<dd class='wp-caption-text gallery-caption'>\n\t\t\t\t\u52a0\u702c\u4e39\u91ce\u30b7\u3099\u30e5\u30ea\u30a2\u30ca\u300amortemetro\u300b2018\u3001\u30aa\u30fc\u30c7\u30a3\u30aa\u2212\u30d3\u30c7\u30aa\u30a4\u30f3\u30b9\u30bf\u30ec\u30fc\u30b7\u30e7\u30f3\u3001\u30d3\u30c7\u30aa\uff087\u201950\u201d\uff09\u3001\u30aa\u30fc\u30c7\u30a3\u30aa\uff0814\u201955\u201d\uff09<br>Photo: \u52a0\u702c\u4e39\u91ce\u30b8\u30e5\u30ea\u30a2\u30ca\n\t\t\t\t<\/dd><\/dl><dl class='gallery-item span3'>\n\t\t\t<dt class='gallery-icon'>\n\t\t\t\t<a href='https:\/\/fjsp.org.br\/fjsp\/wp-content\/uploads\/2019\/08\/18-galeria-kh.jpg' target='_blank' data-sizes='1200x800'><img src='https:\/\/fjsp.org.br\/fjsp\/wp-content\/uploads\/2019\/08\/18-galeria-kh-150x150.jpg' class='img-polaroid img-responsive img-thumbnail' alt='' \/><\/a>\n\t\t\t<\/dt>\n\t\t\t\t<dd class='wp-caption-text gallery-caption'>\n\t\t\t\t\u83c5 \u9686\u7d00\u300aA Blank Sign \u2018\u2019Dripping Project in S\u00e3o Paulo\u2019\u2019\u300b2018\u3001\u30b3\u30f3\u30d1\u30cd\u306b\u5857\u6599\u3001H800 cm\uff08\u5de6\uff09\u3001H960 cm\uff08\u53f3\uff09<br>Photo: \u30d5\u30a7\u30eb\u30ca\u30f3\u30c9\u30fb\u30ea\u30de\n\t\t\t\t<\/dd><\/dl><br style=\"clear: both\" \/><dl class='gallery-item span3'>\n\t\t\t<dt class='gallery-icon'>\n\t\t\t\t<a href='https:\/\/fjsp.org.br\/fjsp\/wp-content\/uploads\/2019\/08\/19-galeria-kh.jpg' target='_blank' data-sizes='1200x800'><img src='https:\/\/fjsp.org.br\/fjsp\/wp-content\/uploads\/2019\/08\/19-galeria-kh-150x150.jpg' class='img-polaroid img-responsive img-thumbnail' alt='' \/><\/a>\n\t\t\t<\/dt>\n\t\t\t\t<dd class='wp-caption-text gallery-caption'>\n\t\t\t\t\u83c5 \u9686\u7d00\u300aA Blank Sign \u2018\u2019Dripping Project in S\u00e3o Paulo\u2019\u2019\u300b[\u90e8\u5206] 2018\u3001\u30b3\u30f3\u30d1\u30cd\u306b\u5857\u6599\u3001H960 cm<br> Photo: \u30d5\u30a7\u30eb\u30ca\u30f3\u30c9\u30fb\u30ea\u30de\n\t\t\t\t<\/dd><\/dl><dl class='gallery-item span3'>\n\t\t\t<dt class='gallery-icon'>\n\t\t\t\t<a href='https:\/\/fjsp.org.br\/fjsp\/wp-content\/uploads\/2019\/08\/20-galeria-kh.jpg' target='_blank' data-sizes='1200x800'><img src='https:\/\/fjsp.org.br\/fjsp\/wp-content\/uploads\/2019\/08\/20-galeria-kh-150x150.jpg' class='img-polaroid img-responsive img-thumbnail' alt='' \/><\/a>\n\t\t\t<\/dt>\n\t\t\t\t<dd class='wp-caption-text gallery-caption'>\n\t\t\t\t\u8a2d\u7f6e\u4f5c\u696d\u98a8\u666f\uff08\u83c5 \u9686\u7d00\uff09<br>Photo: \u30e1\u30a4\u30dc\u30f3\u5c1a\u5b50\n\t\t\t\t<\/dd><\/dl><dl class='gallery-item span3'>\n\t\t\t<dt class='gallery-icon'>\n\t\t\t\t<a href='https:\/\/fjsp.org.br\/fjsp\/wp-content\/uploads\/2019\/08\/21-galeria-kh.jpg' target='_blank' data-sizes='1200x800'><img src='https:\/\/fjsp.org.br\/fjsp\/wp-content\/uploads\/2019\/08\/21-galeria-kh-150x150.jpg' class='img-polaroid img-responsive img-thumbnail' alt='' \/><\/a>\n\t\t\t<\/dt>\n\t\t\t\t<dd class='wp-caption-text gallery-caption'>\n\t\t\t\t\u8a2d\u7f6e\u4f5c\u696d\u98a8\u666f\uff08\u52a0\u702c\u4e39\u91ce\u30b8\u30e5\u30ea\u30a2\u30ca\u3001\u6a4b\u672c \u8061\uff09<br>Photo: \u30e1\u30a4\u30dc\u30f3\u5c1a\u5b50\n\t\t\t\t<\/dd><\/dl><dl class='gallery-item span3'>\n\t\t\t<dt class='gallery-icon'>\n\t\t\t\t<a href='https:\/\/fjsp.org.br\/fjsp\/wp-content\/uploads\/2019\/08\/22-galeria-kh.jpg' target='_blank' data-sizes='1200x800'><img src='https:\/\/fjsp.org.br\/fjsp\/wp-content\/uploads\/2019\/08\/22-galeria-kh-150x150.jpg' class='img-polaroid img-responsive img-thumbnail' alt='' \/><\/a>\n\t\t\t<\/dt>\n\t\t\t\t<dd class='wp-caption-text gallery-caption'>\n\t\t\t\t\u6a4b\u672c \u8061\u306b\u3088\u308b\u30ef\u30fc\u30af\u30b7\u30e7\u30c3\u30d7\u300a\u56fd\u5bb6\u751f\u6210\u306e\u518d\u751f\u7523\u300b \uff082018\u5e749\u67089\u65e5\u3001\u30db\u30fc\u30e0\u30ec\u30b9\u304c\u4f7f\u7528\u3057\u3066\u3044\u305f\u6bb5\u30dc\u30fc\u30eb\u3001\u58ca\u308c\u305f\u9053\u8def\u306e\u30b3\u30f3\u30af\u30ea\u30fc\u30c8\uff09<br>\n\t\t\t\t<\/dd><\/dl><dl class='gallery-item span3'>\n\t\t\t<dt class='gallery-icon'>\n\t\t\t\t<a href='https:\/\/fjsp.org.br\/fjsp\/wp-content\/uploads\/2019\/08\/23-galeria-kh.jpg' target='_blank' data-sizes='1200x800'><img src='https:\/\/fjsp.org.br\/fjsp\/wp-content\/uploads\/2019\/08\/23-galeria-kh-150x150.jpg' class='img-polaroid img-responsive img-thumbnail' alt='' \/><\/a>\n\t\t\t<\/dt>\n\t\t\t\t<dd class='wp-caption-text gallery-caption'>\n\t\t\t\t\u6a4b\u672c \u8061\u306b\u3088\u308b\u30ef\u30fc\u30af\u30b7\u30e7\u30c3\u30d7\u300a\u56fd\u5bb6\u751f\u6210\u306e\u518d\u751f\u7523\u300b \uff082018\u5e749\u67089\u65e5\u3001\u30db\u30fc\u30e0\u30ec\u30b9\u304c\u4f7f\u7528\u3057\u3066\u3044\u305f\u6bb5\u30dc\u30fc\u30eb\u3001\u58ca\u308c\u305f\u9053\u8def\u306e\u30b3\u30f3\u30af\u30ea\u30fc\u30c8\uff09<br>\n\t\t\t\t<\/dd><\/dl><dl class='gallery-item span3'>\n\t\t\t<dt class='gallery-icon'>\n\t\t\t\t<a href='https:\/\/fjsp.org.br\/fjsp\/wp-content\/uploads\/2019\/08\/24-galeria-kh.jpg' target='_blank' data-sizes='1200x800'><img src='https:\/\/fjsp.org.br\/fjsp\/wp-content\/uploads\/2019\/08\/24-galeria-kh-150x150.jpg' class='img-polaroid img-responsive img-thumbnail' alt='' \/><\/a>\n\t\t\t<\/dt>\n\t\t\t\t<dd class='wp-caption-text gallery-caption'>\n\t\t\t\t\u6a4b\u672c \u8061\u306b\u3088\u308b\u30ef\u30fc\u30af\u30b7\u30e7\u30c3\u30d7\u300a\u56fd\u5bb6\u751f\u6210\u306e\u518d\u751f\u7523\u300b \uff082018\u5e749\u67089\u65e5\u3001\u30db\u30fc\u30e0\u30ec\u30b9\u304c\u4f7f\u7528\u3057\u3066\u3044\u305f\u6bb5\u30dc\u30fc\u30eb\u3001\u58ca\u308c\u305f\u9053\u8def\u306e\u30b3\u30f3\u30af\u30ea\u30fc\u30c8\uff09<br>Photo: \u30d5\u30a7\u30eb\u30ca\u30f3\u30c9\u30fb\u30ea\u30de\n\t\t\t\t<\/dd><\/dl><br style=\"clear: both\" \/><dl class='gallery-item span3'>\n\t\t\t<dt class='gallery-icon'>\n\t\t\t\t<a href='https:\/\/fjsp.org.br\/fjsp\/wp-content\/uploads\/2019\/08\/25-galeria-kh.jpg' target='_blank' data-sizes='1200x900'><img src='https:\/\/fjsp.org.br\/fjsp\/wp-content\/uploads\/2019\/08\/25-galeria-kh-150x150.jpg' class='img-polaroid img-responsive img-thumbnail' alt='' \/><\/a>\n\t\t\t<\/dt>\n\t\t\t\t<dd class='wp-caption-text gallery-caption'>\n\t\t\t\t\u30c0\u30cb\u30ed\u30fb\u30b7\u30eb\u30d9\u30a4\u30e9\u306b\u3088\u308b\u30c0\u30f3\u30b9\u30d1\u30d5\u30a9\u30fc\u30de\u30f3\u30b9\u3001\u52a0\u702c\u4e39\u91ce\u30b8\u30e5\u30ea\u30a2\u30ca\u306b\u3088\u308b\u30aa\u30fc\u30c7\u30a3\u30aa\u2212\u30d3\u30c7\u30aa\u30a4\u30f3\u30b9\u30bf\u30ec\u30fc\u30b7\u30e7\u30f3\uff082018\u5e749\u670815\u65e5\uff09<br>Photo: \u30e1\u30a4\u30dc\u30f3\u5c1a\u5b50\n\t\t\t\t<\/dd><\/dl><dl class='gallery-item span3'>\n\t\t\t<dt class='gallery-icon'>\n\t\t\t\t<a href='https:\/\/fjsp.org.br\/fjsp\/wp-content\/uploads\/2019\/08\/26-galeria-kh.jpg' target='_blank' data-sizes='1200x670'><img src='https:\/\/fjsp.org.br\/fjsp\/wp-content\/uploads\/2019\/08\/26-galeria-kh-150x150.jpg' class='img-polaroid img-responsive img-thumbnail' alt='' \/><\/a>\n\t\t\t<\/dt>\n\t\t\t\t<dd class='wp-caption-text gallery-caption'>\n\t\t\t\t\u52a0\u702c\u4e39\u91ce\u30b8\u30e5\u30ea\u30a2\u30ca\u3001\u30c0\u30cb\u30ed\u30fb\u30b7\u30eb\u30d9\u30a4\u30e9\u3001\u30e1\u30a4\u30dc\u30f3\u5c1a\u5b50\u306b\u3088\u308b\u30a2\u30fc\u30c6\u30a3\u30b9\u30c8\u30c8\u30fc\u30af\uff082018\u5e749\u670815\u65e5\uff09<br>Photo: \u52a0\u702c\u4e39\u91ce\u30b8\u30e5\u30ea\u30a2\u30ca\n\t\t\t\t<\/dd><\/dl><dl class='gallery-item span3'>\n\t\t\t<dt class='gallery-icon'>\n\t\t\t\t<a href='https:\/\/fjsp.org.br\/fjsp\/wp-content\/uploads\/2019\/08\/27-galeria-kh.jpg' target='_blank' data-sizes='1200x675'><img src='https:\/\/fjsp.org.br\/fjsp\/wp-content\/uploads\/2019\/08\/27-galeria-kh-150x150.jpg' class='img-polaroid img-responsive img-thumbnail' alt='' \/><\/a>\n\t\t\t<\/dt>\n\t\t\t\t<dd class='wp-caption-text gallery-caption'>\n\t\t\t\t\u4f50\u91ce\u30d9\u30a2\u30c8\u30ea\u30b9\u306b\u3088\u308b\u30c0\u30f3\u30b9\u30d1\u30d5\u30a9\u30fc\u30de\u30f3\u30b9\u3001They-Group\u306b\u3088\u308b\u30b5\u30a6\u30f3\u30c9\u3001\u52a0\u702c\u4e39\u91ce\u30b8\u30e5\u30ea\u30a2\u30ca\u306b\u3088\u308b\u30aa\u30fc\u30c7\u30a3\u30aa\u2212\u30d3\u30c7\u30aa\u30a4\u30f3\u30b9\u30bf\u30ec\u30fc\u30b7\u30e7\u30f3\u3001\u83c5 \u9686\u7d00\u306b\u3088\u308b\u80fd\u9762\u306b\u30da\u30a4\u30f3\u30c8\u3092\u65bd\u3057\u305f\u4f5c\u54c1\uff082018\u5e749\u670822\u65e5\uff09<br>Photo: \u30d1\u30a6\u30e9\u30fb\u30e9\u30e2\u30b9\n\t\t\t\t<\/dd><\/dl><dl class='gallery-item span3'>\n\t\t\t<dt class='gallery-icon'>\n\t\t\t\t<a href='https:\/\/fjsp.org.br\/fjsp\/wp-content\/uploads\/2019\/08\/28-galeria-kh.jpg' target='_blank' data-sizes='1200x800'><img src='https:\/\/fjsp.org.br\/fjsp\/wp-content\/uploads\/2019\/08\/28-galeria-kh-150x150.jpg' class='img-polaroid img-responsive img-thumbnail' alt='' \/><\/a>\n\t\t\t<\/dt>\n\t\t\t\t<dd class='wp-caption-text gallery-caption'>\n\t\t\t\t\u4f50\u91ce\u30d9\u30a2\u30c8\u30ea\u30b9\u306b\u3088\u308b\u30c0\u30f3\u30b9\u30d1\u30d5\u30a9\u30fc\u30de\u30f3\u30b9\u3001They-Group\u306b\u3088\u308b\u30b5\u30a6\u30f3\u30c9\u3001\u52a0\u702c\u4e39\u91ce\u30b8\u30e5\u30ea\u30a2\u30ca\u306b\u3088\u308b\u30aa\u30fc\u30c7\u30a3\u30aa\u2212\u30d3\u30c7\u30aa\u30a4\u30f3\u30b9\u30bf\u30ec\u30fc\u30b7\u30e7\u30f3\u3001\u83c5 \u9686\u7d00\u306b\u3088\u308b\u80fd\u9762\u306b\u30da\u30a4\u30f3\u30c8\u3092\u65bd\u3057\u305f\u4f5c\u54c1\uff082018\u5e749\u670822\u65e5\uff09<br>Photo: \u30e1\u30a4\u30dc\u30f3\u5c1a\u5b50\n\t\t\t\t<\/dd><\/dl><dl class='gallery-item span3'>\n\t\t\t<dt class='gallery-icon'>\n\t\t\t\t<a href='https:\/\/fjsp.org.br\/fjsp\/wp-content\/uploads\/2019\/08\/29-galeria-kh.jpg' target='_blank' data-sizes='1200x900'><img src='https:\/\/fjsp.org.br\/fjsp\/wp-content\/uploads\/2019\/08\/29-galeria-kh-150x150.jpg' class='img-polaroid img-responsive img-thumbnail' alt='' \/><\/a>\n\t\t\t<\/dt>\n\t\t\t\t<dd class='wp-caption-text gallery-caption'>\n\t\t\t\t\u83c5 \u9686\u7d00\u306b\u3088\u308b\u30a2\u30fc\u30c6\u30a3\u30b9\u30c8\u30c8\u30fc\u30af\uff082018\u5e749\u670822\u65e5\uff09<br>Photo: \u30e1\u30a4\u30dc\u30f3\u5c1a\u5b50\n\t\t\t\t<\/dd><\/dl><dl class='gallery-item span3'>\n\t\t\t<dt class='gallery-icon'>\n\t\t\t\t<a href='https:\/\/fjsp.org.br\/fjsp\/wp-content\/uploads\/2019\/08\/30-galeria-kh.jpg' target='_blank' data-sizes='1200x800'><img src='https:\/\/fjsp.org.br\/fjsp\/wp-content\/uploads\/2019\/08\/30-galeria-kh-150x150.jpg' class='img-polaroid img-responsive img-thumbnail' alt='' \/><\/a>\n\t\t\t<\/dt>\n\t\t\t\t<dd class='wp-caption-text gallery-caption'>\n\t\t\t\tRodrigo Amor Experimental\u3068\u30a8\u30f4\u30a1\u30f3\u30c9\u30ed\u30fb\u30cb\u30b3\u30e9\u30a6\u306b\u3088\u308b\u30b5\u30a6\u30f3\u30c9\u2212\u30d3\u30b8\u30e5\u30a2\u30eb\u30d1\u30d5\u30a9\u30fc\u30de\u30f3\u30b9\u300aA Ilha &#8211; The Island\u300b \uff082018\u5e749\u670823\u65e5\uff09<br>Photo: \u30e1\u30a4\u30dc\u30f3\u5c1a\u5b50\n\t\t\t\t<\/dd><\/dl><br style=\"clear: both\" \/>\n\t\t\t<br style='clear: both;' \/>\n\t\t<\/div>\n\n<p>&nbsp;<\/p>\n<p style=\"text-align: center;\"><em><span style=\"color: #800080;\"><span style=\"color: #000000;\"><a href=\"https:\/\/fjsp.org.br\/fjsp\/entrevista-kyojitsu-hiniku-jp_pag5\/\">&lt; \u524d\u306e\u30da\u30fc\u30b8<\/a> \u00a0<a href=\"https:\/\/fjsp.org.br\/fjsp\/entrevista-kyojitsu-hiniku-jp_pag1\/\">1<\/a> \u00a0<a href=\"https:\/\/fjsp.org.br\/fjsp\/entrevista-kyojitsu-hiniku-jp_pag2\/\">2<\/a>\u00a0 <a href=\"https:\/\/fjsp.org.br\/fjsp\/entrevista-kyojitsu-hiniku-jp_pag3\/\">3<\/a> \u00a0<a href=\"https:\/\/fjsp.org.br\/fjsp\/entrevista-kyojitsu-hiniku-jp_pag4\/\">4<\/a>\u00a0 <a href=\"https:\/\/fjsp.org.br\/fjsp\/entrevista-kyojitsu-hiniku-jp_pag5\/\">5<\/a>\u00a0 <strong><span style=\"color: #993366;\">6<\/span>\u00a0<\/strong><\/span><\/span><strong>\u00a0<\/strong>\u00a0 \u00a0 \u00a0 \u00a0 \u00a0 \u00a0<\/em><\/p>\n<script type=\"text\/javascript\"> toolTips('.classtoolTips38','Projeto realizado por Takanori Suga em 2013. Foi instalada uma obra de cerca de 8 metros de altura em frente ao antigo Edif\u00edcio Oficial do Governo de Quioto. A produ\u00e7\u00e3o foi executada com permiss\u00e3o oficial, por\u00e9m a obra foi removida em 55 horas, devido \u00e0 reclama\u00e7\u00e3o dos transeuntes.'); <\/script>","protected":false},"excerpt":{"rendered":"<p>[\u753b\u50cf\u30ae\u30e3\u30e9\u30ea\u30fc]\u00a0 \u00a0 \u00a0 \u00a0 \u00a0[Portugu\u00eas] \u753b\u50cf\u3092\u30af\u30ea\u30c3\u30af\u3059\u308b\u3068\u62e1\u5927\u8868\u793a\u3057\u307e\u3059\u3002 &nbsp; &lt; \u524d\u306e\u30da\u30fc\u30b8 \u00a01 \u00a02\u00a0 3 \u00a04\u00a0 5\u00a0 6\u00a0\u00a0\u00a0 \u00a0 \u00a0 \u00a0 \u00a0 \u00a0<\/p>\n","protected":false},"author":1,"featured_media":0,"parent":0,"menu_order":0,"comment_status":"closed","ping_status":"closed","template":"","meta":{"_acf_changed":false,"footnotes":""},"class_list":["post-9700","page","type-page","status-publish","hentry"],"acf":[],"_links":{"self":[{"href":"https:\/\/fjsp.org.br\/fjsp\/wp-json\/wp\/v2\/pages\/9700","targetHints":{"allow":["GET"]}}],"collection":[{"href":"https:\/\/fjsp.org.br\/fjsp\/wp-json\/wp\/v2\/pages"}],"about":[{"href":"https:\/\/fjsp.org.br\/fjsp\/wp-json\/wp\/v2\/types\/page"}],"author":[{"embeddable":true,"href":"https:\/\/fjsp.org.br\/fjsp\/wp-json\/wp\/v2\/users\/1"}],"replies":[{"embeddable":true,"href":"https:\/\/fjsp.org.br\/fjsp\/wp-json\/wp\/v2\/comments?post=9700"}],"version-history":[{"count":2,"href":"https:\/\/fjsp.org.br\/fjsp\/wp-json\/wp\/v2\/pages\/9700\/revisions"}],"predecessor-version":[{"id":9804,"href":"https:\/\/fjsp.org.br\/fjsp\/wp-json\/wp\/v2\/pages\/9700\/revisions\/9804"}],"wp:attachment":[{"href":"https:\/\/fjsp.org.br\/fjsp\/wp-json\/wp\/v2\/media?parent=9700"}],"curies":[{"name":"wp","href":"https:\/\/api.w.org\/{rel}","templated":true}]}}