{"id":10,"date":"2021-03-10T16:53:04","date_gmt":"2021-03-10T19:53:04","guid":{"rendered":"https:\/\/fjsp.org.br\/lingua-japonesa-teste\/?page_id=10"},"modified":"2021-03-18T12:06:06","modified_gmt":"2021-03-18T15:06:06","slug":"pesquisas-e-relatorios","status":"publish","type":"page","link":"https:\/\/fjsp.org.br\/lingua-japonesa\/pesquisas-e-relatorios\/","title":{"rendered":"Pesquisas e relat\u00f3rios"},"content":{"rendered":"<p><span class=\"fontstyle0\">Artigos sobre ensino de l\u00edngua japonesa escritos pelos especialistas e professores de japon\u00eas da Funda\u00e7\u00e3o Jap\u00e3o em S\u00e3o Paulo.<\/span><\/p>\n","protected":false},"excerpt":{"rendered":"<p>Artigos sobre ensino de l\u00edngua japonesa escritos pelos especialistas e professores de japon\u00eas da Funda\u00e7\u00e3o Jap\u00e3o em S\u00e3o Paulo.<\/p>\n","protected":false},"author":1,"featured_media":0,"parent":0,"menu_order":0,"comment_status":"closed","ping_status":"closed","template":"page-pesquisas-relatorios.php","meta":{"_acf_changed":false,"footnotes":""},"class_list":["post-10","page","type-page","status-publish","hentry"],"acf":[],"_links":{"self":[{"href":"https:\/\/fjsp.org.br\/lingua-japonesa\/wp-json\/wp\/v2\/pages\/10","targetHints":{"allow":["GET"]}}],"collection":[{"href":"https:\/\/fjsp.org.br\/lingua-japonesa\/wp-json\/wp\/v2\/pages"}],"about":[{"href":"https:\/\/fjsp.org.br\/lingua-japonesa\/wp-json\/wp\/v2\/types\/page"}],"author":[{"embeddable":true,"href":"https:\/\/fjsp.org.br\/lingua-japonesa\/wp-json\/wp\/v2\/users\/1"}],"replies":[{"embeddable":true,"href":"https:\/\/fjsp.org.br\/lingua-japonesa\/wp-json\/wp\/v2\/comments?post=10"}],"version-history":[{"count":2,"href":"https:\/\/fjsp.org.br\/lingua-japonesa\/wp-json\/wp\/v2\/pages\/10\/revisions"}],"predecessor-version":[{"id":42,"href":"https:\/\/fjsp.org.br\/lingua-japonesa\/wp-json\/wp\/v2\/pages\/10\/revisions\/42"}],"wp:attachment":[{"href":"https:\/\/fjsp.org.br\/lingua-japonesa\/wp-json\/wp\/v2\/media?parent=10"}],"curies":[{"name":"wp","href":"https:\/\/api.w.org\/{rel}","templated":true}]}}