{"id":13,"date":"2021-03-10T16:53:39","date_gmt":"2021-03-10T19:53:39","guid":{"rendered":"https:\/\/fjsp.org.br\/lingua-japonesa-teste\/?page_id=13"},"modified":"2021-04-07T16:57:26","modified_gmt":"2021-04-07T19:57:26","slug":"jlpt","status":"publish","type":"page","link":"https:\/\/fjsp.org.br\/lingua-japonesa\/jlpt\/","title":{"rendered":"JLPT"},"content":{"rendered":"<p><img decoding=\"async\" class=\"img-responsive img-fluid size-full wp-image-30 alignleft\" src=\"https:\/\/fjsp.org.br\/lingua-japonesa-teste\/wp-content\/uploads\/sites\/6\/2021\/03\/jlpt.jpg\" alt=\"\" width=\"271\" height=\"58\" srcset=\"https:\/\/fjsp.org.br\/lingua-japonesa\/wp-content\/uploads\/sites\/6\/2021\/03\/jlpt.jpg 271w, https:\/\/fjsp.org.br\/lingua-japonesa\/wp-content\/uploads\/sites\/6\/2021\/03\/jlpt-220x47.jpg 220w, https:\/\/fjsp.org.br\/lingua-japonesa\/wp-content\/uploads\/sites\/6\/2021\/03\/jlpt-100x21.jpg 100w, https:\/\/fjsp.org.br\/lingua-japonesa\/wp-content\/uploads\/sites\/6\/2021\/03\/jlpt-130x28.jpg 130w\" sizes=\"(max-width: 271px) 100vw, 271px\" \/><\/p>\n<p>&nbsp;<\/p>\n<p>&nbsp;<\/p>\n<p><span class=\"fontstyle0\">O Exame de Profici\u00eancia em L\u00edngua Japonesa (JLPT) \u00e9 elaborado e realizado pela Japan Foundation e pela Japan Educational Exchanges and Services, desde 1984. \u00c9 um exame para avaliar e reconhecer oficialmente a profici\u00eancia em l\u00edngua japonesa de pessoas que, a princ\u00edpio, n\u00e3o t\u00eam o idioma japon\u00eas como l\u00edngua materna. Em 1984, o n\u00famero de examinandos era de aproximadamente 7.000 pessoas no mundo todo. Por\u00e9m, em 2018, cerca de 1.001.000 pessoas prestaram este exame e atualmente \u00e9 o exame de profici\u00eancia em l\u00edngua japonesa de maior porte do mundo.<br \/>\nNo Brasil, ele \u00e9 realizado nas seguintes cidades: <\/span><\/p>\n<p><span class=\"fontstyle0\">S\u00e3o Paulo, Londrina, Bel\u00e9m, Rio de Janeiro, Porto Alegre, Bras\u00edlia, Salvador, Manaus (a institui\u00e7\u00e3o realizadora no Brasil, no ano de 2019 foram estas. <\/span><\/p>\n<p><span class=\"fontstyle0\">Para obter informa\u00e7\u00f5es sobre este exame, favor contatar a institui\u00e7\u00e3o realizadora abaixo:<br \/>\n<a title=\"Centro Brasileiro de L\u00edngua Japonesa\" href=\"http:\/\/www.cblj.org.br\/\" target=\"_blank\" rel=\"noopener\">Centro Brasileiro de L\u00edngua Japonesa<\/a> (Tel.: 11-5579-6513. E-mail: info@cblj.com.br)<\/span><\/p>\n<ul class=\"siterecomendados\">\n<li><a title=\"Detalhes sobre o Exame de Profici\u00eancia em L\u00edngua Japonesa (JLPT) (em portugu\u00eas)\" href=\"https:\/\/fjsp.org.br\/wp-content\/uploads\/2011\/04\/jlpt_panfleto_pt.pdf\" target=\"_blank\" rel=\"noopener\"><br \/>\n<img decoding=\"async\" class=\"img-responsive img-fluid aligncenter size-full wp-image-35\" src=\"https:\/\/fjsp.org.br\/lingua-japonesa-teste\/wp-content\/uploads\/sites\/6\/2021\/03\/jlpt-1.jpg\" alt=\"\" width=\"176\" height=\"41\" srcset=\"https:\/\/fjsp.org.br\/lingua-japonesa\/wp-content\/uploads\/sites\/6\/2021\/03\/jlpt-1.jpg 176w, https:\/\/fjsp.org.br\/lingua-japonesa\/wp-content\/uploads\/sites\/6\/2021\/03\/jlpt-1-100x23.jpg 100w, https:\/\/fjsp.org.br\/lingua-japonesa\/wp-content\/uploads\/sites\/6\/2021\/03\/jlpt-1-130x30.jpg 130w\" sizes=\"(max-width: 176px) 100vw, 176px\" \/>Detalhes sobre o Exame de Profici\u00eancia em L\u00edngua Japonesa (JLPT) (em portugu\u00eas)<\/a><\/li>\n<li><a title=\"Guia do Exame de Profici\u00eancia em L\u00edngua Japonesa (JLPT) (em portugu\u00eas)\" href=\"https:\/\/fjsp.org.br\/wp-content\/uploads\/2011\/04\/fjsp_manual_pt.pdf\" target=\"_blank\" rel=\"noopener\"><br \/>\n<img decoding=\"async\" class=\"img-responsive img-fluid aligncenter size-full wp-image-36\" src=\"https:\/\/fjsp.org.br\/lingua-japonesa-teste\/wp-content\/uploads\/sites\/6\/2021\/03\/jlpt-2.jpg\" alt=\"\" width=\"176\" height=\"41\" srcset=\"https:\/\/fjsp.org.br\/lingua-japonesa\/wp-content\/uploads\/sites\/6\/2021\/03\/jlpt-2.jpg 176w, https:\/\/fjsp.org.br\/lingua-japonesa\/wp-content\/uploads\/sites\/6\/2021\/03\/jlpt-2-100x23.jpg 100w, https:\/\/fjsp.org.br\/lingua-japonesa\/wp-content\/uploads\/sites\/6\/2021\/03\/jlpt-2-130x30.jpg 130w\" sizes=\"(max-width: 176px) 100vw, 176px\" \/>Guia do Exame de Profici\u00eancia em L\u00edngua Japonesa (JLPT) (em portugu\u00eas)<\/a>.<\/li>\n<li><a title=\"Resultado da pesquisa de autoavalia\u00e7\u00e3o do examinando\" href=\"https:\/\/fjsp.org.br\/agenda\/jlpt-can-do\/\"><br \/>\n<img loading=\"lazy\" decoding=\"async\" class=\"img-responsive img-fluid aligncenter size-full wp-image-37\" src=\"https:\/\/fjsp.org.br\/lingua-japonesa-teste\/wp-content\/uploads\/sites\/6\/2021\/03\/jlpt-3.jpg\" alt=\"\" width=\"176\" height=\"41\" srcset=\"https:\/\/fjsp.org.br\/lingua-japonesa\/wp-content\/uploads\/sites\/6\/2021\/03\/jlpt-3.jpg 176w, https:\/\/fjsp.org.br\/lingua-japonesa\/wp-content\/uploads\/sites\/6\/2021\/03\/jlpt-3-100x23.jpg 100w, https:\/\/fjsp.org.br\/lingua-japonesa\/wp-content\/uploads\/sites\/6\/2021\/03\/jlpt-3-130x30.jpg 130w\" sizes=\"(max-width: 176px) 100vw, 176px\" \/>\u00a0<span class=\"fontstyle0\">Resultado da pesquisa de autoavalia\u00e7\u00e3o do examinando sobre \u201co que os aprovados em cada n\u00edvel do Exame de Profici\u00eancia em L\u00edngua Japonesa (JLPT) pensam ser capazes de fazer utilizando o idioma japon\u00eas\u201d. (em portugu\u00eas)<\/span><br \/>\n.<\/a>.<\/li>\n<\/ul>\n","protected":false},"excerpt":{"rendered":"<p>&nbsp; &nbsp; O Exame de Profici\u00eancia em L\u00edngua Japonesa (JLPT) \u00e9 elaborado e realizado pela Japan Foundation e pela Japan Educational Exchanges and Services, desde 1984. \u00c9 um exame para avaliar e reconhecer oficialmente a profici\u00eancia em l\u00edngua japonesa de pessoas que, a princ\u00edpio, n\u00e3o t\u00eam o idioma japon\u00eas como l\u00edngua materna. Em 1984, o [&hellip;]<\/p>\n","protected":false},"author":1,"featured_media":0,"parent":0,"menu_order":0,"comment_status":"closed","ping_status":"closed","template":"","meta":{"_acf_changed":false,"footnotes":""},"class_list":["post-13","page","type-page","status-publish","hentry"],"acf":[],"_links":{"self":[{"href":"https:\/\/fjsp.org.br\/lingua-japonesa\/wp-json\/wp\/v2\/pages\/13","targetHints":{"allow":["GET"]}}],"collection":[{"href":"https:\/\/fjsp.org.br\/lingua-japonesa\/wp-json\/wp\/v2\/pages"}],"about":[{"href":"https:\/\/fjsp.org.br\/lingua-japonesa\/wp-json\/wp\/v2\/types\/page"}],"author":[{"embeddable":true,"href":"https:\/\/fjsp.org.br\/lingua-japonesa\/wp-json\/wp\/v2\/users\/1"}],"replies":[{"embeddable":true,"href":"https:\/\/fjsp.org.br\/lingua-japonesa\/wp-json\/wp\/v2\/comments?post=13"}],"version-history":[{"count":2,"href":"https:\/\/fjsp.org.br\/lingua-japonesa\/wp-json\/wp\/v2\/pages\/13\/revisions"}],"predecessor-version":[{"id":125,"href":"https:\/\/fjsp.org.br\/lingua-japonesa\/wp-json\/wp\/v2\/pages\/13\/revisions\/125"}],"wp:attachment":[{"href":"https:\/\/fjsp.org.br\/lingua-japonesa\/wp-json\/wp\/v2\/media?parent=13"}],"curies":[{"name":"wp","href":"https:\/\/api.w.org\/{rel}","templated":true}]}}