{"id":8,"date":"2021-03-10T16:52:24","date_gmt":"2021-03-10T19:52:24","guid":{"rendered":"https:\/\/fjsp.org.br\/lingua-japonesa-teste\/?page_id=8"},"modified":"2024-08-29T10:07:33","modified_gmt":"2024-08-29T13:07:33","slug":"sites-recomendados","status":"publish","type":"page","link":"https:\/\/fjsp.org.br\/lingua-japonesa\/sites-recomendados\/","title":{"rendered":"Sites recomendados"},"content":{"rendered":"\t\t<div data-elementor-type=\"wp-page\" data-elementor-id=\"8\" class=\"elementor elementor-8\">\n\t\t\t\t\t\t<section class=\"elementor-section elementor-top-section elementor-element elementor-element-1cb208 elementor-section-boxed elementor-section-height-default elementor-section-height-default\" data-id=\"1cb208\" data-element_type=\"section\">\n\t\t\t\t\t\t<div class=\"elementor-container elementor-column-gap-default\">\n\t\t\t\t\t<div class=\"elementor-column elementor-col-100 elementor-top-column elementor-element elementor-element-1be6ec8a\" data-id=\"1be6ec8a\" data-element_type=\"column\">\n\t\t\t<div class=\"elementor-widget-wrap elementor-element-populated\">\n\t\t\t\t\t\t<div class=\"elementor-element elementor-element-53835437 elementor-widget elementor-widget-text-editor\" data-id=\"53835437\" data-element_type=\"widget\" data-widget_type=\"text-editor.default\">\n\t\t\t\t<div class=\"elementor-widget-container\">\n\t\t\t\t\t\t\t\t\t<strong>\nJF STANDARD\n<\/strong>\n<ul class=\"siterecomendados\">\n \t<li><a title=\"JF Standard\" href=\"http:\/\/jfstandard.jp\/top\/ja\/render.do\" target=\"_blank\" rel=\"noopener\">\n<img decoding=\"async\" class=\"img-responsive img-fluid aligncenter wp-image-15992 size-full\" src=\"https:\/\/fjsp.org.br\/img\/sites_recomendados1.jpg\" alt=\"JF Standard\" \/>Apresenta\u00e7\u00e3o do JF Standard, forma de utiliza\u00e7\u00e3o do seu conte\u00fado e novas informa\u00e7\u00f5es sobre o quadro de referencias.<\/a><\/li>\n \t<li><a title=\"Can-do\" href=\"https:\/\/jfstandard.jp\/cando\/top\/ja\/render.do\" target=\"_blank\" rel=\"noopener\">\n<img decoding=\"async\" class=\"img-responsive img-fluid aligncenter wp-image-15992 size-full\" src=\"https:\/\/fjsp.org.br\/img\/sites_recomendados2.jpg\" alt=\"Can-do\" \/>Apresenta\u00e7\u00e3o da forma de utiliza\u00e7\u00e3o, n\u00edveis e tipos de descritores Can-do. \u00c9 poss\u00edvel elaborar uma pasta procurando, escolhendo e compilando os descritores Can-do<\/a>.<\/li>\n<\/ul>\n<strong class=\"mt-20\">\nMARUGOTO\n<\/strong>\n<ul class=\"siterecomendados\">\n \t<li><a href=\"https:\/\/marugoto.jpf.go.jp\/\" target=\"_blank\" rel=\"noopener\"><img decoding=\"async\" class=\"img-responsive img-fluid aligncenter wp-image-133 size-full\" src=\"https:\/\/fjsp.org.br\/lingua-japonesa\/wp-content\/uploads\/sites\/6\/2021\/05\/site-estudos-japoneses-4.jpg\" alt=\"\" width=\"180\" height=\"53\" srcset=\"https:\/\/fjsp.org.br\/lingua-japonesa\/wp-content\/uploads\/sites\/6\/2021\/05\/site-estudos-japoneses-4.jpg 180w, https:\/\/fjsp.org.br\/lingua-japonesa\/wp-content\/uploads\/sites\/6\/2021\/05\/site-estudos-japoneses-4-100x29.jpg 100w, https:\/\/fjsp.org.br\/lingua-japonesa\/wp-content\/uploads\/sites\/6\/2021\/05\/site-estudos-japoneses-4-130x38.jpg 130w\" sizes=\"(max-width: 180px) 100vw, 180px\" \/><\/a><a title=\"Marugoto-l\u00edngua e cultura do Jap\u00e3o\" href=\"https:\/\/marugoto.jpf.go.jp\/\" target=\"_blank\" rel=\"noopener\">\nCompila\u00e7\u00e3o de todos os recursos e informa\u00e7\u00f5es sobre o material \u201cMarugoto-l\u00edngua e cultura do Jap\u00e3o\u201d, como materiais para download, recursos para uso pelos professores e novas informa\u00e7\u00f5es.<\/a><\/li>\n \t<li><a title=\"Marugoto-l\u00edngua e cultura do Jap\u00e3o\" href=\"https:\/\/marugotoweb.jp\/ja\/index.php\" target=\"_blank\" rel=\"noopener\">\n<img decoding=\"async\" class=\"img-responsive img-fluid aligncenter size-full wp-image-134\" src=\"https:\/\/fjsp.org.br\/lingua-japonesa-teste\/wp-content\/uploads\/sites\/6\/2021\/05\/site-estudos-japoneses-04.jpg\" alt=\"\" width=\"180\" height=\"53\" srcset=\"https:\/\/fjsp.org.br\/lingua-japonesa\/wp-content\/uploads\/sites\/6\/2021\/05\/site-estudos-japoneses-04.jpg 180w, https:\/\/fjsp.org.br\/lingua-japonesa\/wp-content\/uploads\/sites\/6\/2021\/05\/site-estudos-japoneses-04-100x29.jpg 100w, https:\/\/fjsp.org.br\/lingua-japonesa\/wp-content\/uploads\/sites\/6\/2021\/05\/site-estudos-japoneses-04-130x38.jpg 130w\" sizes=\"(max-width: 180px) 100vw, 180px\" \/>Site destinado aos estudos de l\u00edngua e cultura japonesa. Conte\u00fado correspondente aos dos t\u00f3picos do livro did\u00e1tico \u201cMarugoto-l\u00edngua e cultura do Jap\u00e3o\u201d. Cont\u00e9m exerc\u00edcios de kanji e gram\u00e1tica e \u00e9 poss\u00edvel exercitar a conversa\u00e7\u00e3o assistindo aos v\u00eddeos<\/a>.<\/li>\n \t<li><a title=\"Marugoto-l\u00edngua e cultura do Jap\u00e3o\" href=\"https:\/\/words.marugotoweb.jp\/\" target=\"_blank\" rel=\"noopener\">\n<img decoding=\"async\" class=\"img-responsive img-fluid aligncenter size-full wp-image-135\" src=\"https:\/\/fjsp.org.br\/lingua-japonesa-teste\/wp-content\/uploads\/sites\/6\/2021\/05\/site-estudos-japoneses-05.jpg\" alt=\"\" width=\"180\" height=\"53\" srcset=\"https:\/\/fjsp.org.br\/lingua-japonesa\/wp-content\/uploads\/sites\/6\/2021\/05\/site-estudos-japoneses-05.jpg 180w, https:\/\/fjsp.org.br\/lingua-japonesa\/wp-content\/uploads\/sites\/6\/2021\/05\/site-estudos-japoneses-05-100x29.jpg 100w, https:\/\/fjsp.org.br\/lingua-japonesa\/wp-content\/uploads\/sites\/6\/2021\/05\/site-estudos-japoneses-05-130x38.jpg 130w\" sizes=\"(max-width: 180px) 100vw, 180px\" \/>Compila\u00e7\u00e3o de palavras e express\u00f5es utilizadas no material \u201cMarugoto-l\u00edngua e cultura do Jap\u00e3o\u201d, n\u00edveis Introdut\u00f3rio (A1), B\u00e1sico 1 (A2), B\u00e1sico 2 (A2).<\/a><\/li>\n \t<li><a title=\"JF Japanese\" href=\"https:\/\/marugoto-online.jp\/info\/\" target=\"_blank\" rel=\"noopener\">\n<img loading=\"lazy\" decoding=\"async\" class=\"img-responsive img-fluid aligncenter size-full wp-image-136\" src=\"https:\/\/fjsp.org.br\/lingua-japonesa-teste\/wp-content\/uploads\/sites\/6\/2021\/05\/site-estudos-japoneses-06.jpg\" alt=\"\" width=\"180\" height=\"53\" srcset=\"https:\/\/fjsp.org.br\/lingua-japonesa\/wp-content\/uploads\/sites\/6\/2021\/05\/site-estudos-japoneses-06.jpg 180w, https:\/\/fjsp.org.br\/lingua-japonesa\/wp-content\/uploads\/sites\/6\/2021\/05\/site-estudos-japoneses-06-100x29.jpg 100w, https:\/\/fjsp.org.br\/lingua-japonesa\/wp-content\/uploads\/sites\/6\/2021\/05\/site-estudos-japoneses-06-130x38.jpg 130w\" sizes=\"(max-width: 180px) 100vw, 180px\" \/>Informa\u00e7\u00f5es sobre cursos on-line em realiza\u00e7\u00e3o no canal \u201cJF Japanese\u201d e \u201ce-learning.<\/a><\/li>\n<\/ul>\n<strong class=\"mt-20\">\nMATERIAIS DE REFER\u00caNCIA PARA ENSINO\n<\/strong>\n<ul class=\"siterecomendados\">\n \t<li><a title=\"Elabora\u00e7\u00e3o de materiais\" href=\"https:\/\/minnanokyozai.jp\/kyozai\/top\/ja\/render.do\" target=\"_blank\" rel=\"noopener\">\n<img decoding=\"async\" class=\"img-responsive img-fluid aligncenter wp-image-15981 size-full\" src=\"https:\/\/fjsp.org.br\/img\/SITE_estudos-japoneses_7.jpg\" alt=\"\" \/>Site para a elabora\u00e7\u00e3o de materiais adequados para aprendizes de cada regi\u00e3o\/localidade do mundo. Para utilizar \u00e9 necess\u00e1rio se cadastrar no site.<\/a><\/li>\n \t<li><a title=\"Aprendizado de japon\u00eas\" href=\"https:\/\/nihongo-e-na.com\/jpn\/\" target=\"_blank\" rel=\"noopener\">\n<img loading=\"lazy\" decoding=\"async\" class=\"img-responsive img-fluid aligncenter size-full wp-image-137\" src=\"https:\/\/fjsp.org.br\/lingua-japonesa-teste\/wp-content\/uploads\/sites\/6\/2021\/05\/site-estudos-japoneses-08.jpg\" alt=\"\" width=\"180\" height=\"53\" srcset=\"https:\/\/fjsp.org.br\/lingua-japonesa\/wp-content\/uploads\/sites\/6\/2021\/05\/site-estudos-japoneses-08.jpg 180w, https:\/\/fjsp.org.br\/lingua-japonesa\/wp-content\/uploads\/sites\/6\/2021\/05\/site-estudos-japoneses-08-100x29.jpg 100w, https:\/\/fjsp.org.br\/lingua-japonesa\/wp-content\/uploads\/sites\/6\/2021\/05\/site-estudos-japoneses-08-130x38.jpg 130w\" sizes=\"(max-width: 180px) 100vw, 180px\" \/>Portal de informa\u00e7\u00f5es sobre ferramentas e sites \u00fateis para o aprendizado de japon\u00eas. Cont\u00e9m explica\u00e7\u00f5es sobre o modo de utiliza\u00e7\u00e3o de sites e aplicativos gratuitos.<\/a><\/li>\n \t<li><a title=\"Materiais did\u00e1ticos\" href=\"https:\/\/www.jpf.go.jp\/j\/project\/japanese\/teach\/tsushin\/\" target=\"_blank\" rel=\"noopener\">\n<img decoding=\"async\" class=\"img-responsive img-fluid aligncenter wp-image-15994 size-full\" src=\"https:\/\/fjsp.org.br\/img\/SITE_estudos-japoneses_9.jpg\" alt=\"\" \/>Informa\u00e7\u00f5es sobre materiais did\u00e1ticos, ideias para as aulas, cultura japonesa e ensino de l\u00edngua japonesa no Jap\u00e3o e em outros pa\u00edses do mundo.\n<\/a><\/li>\n<\/ul>\n<strong class=\"mt-20\">\nMATERIAIS ON-LINE (SITES E APLICATIVOS)\n<\/strong>\n<ul class=\"siterecomendados\">\n \t<li><a title=\"Plataforma de aprendizagem\" href=\"https:\/\/minato-jf.jp\/\" target=\"_blank\" rel=\"noopener\">\n<img loading=\"lazy\" decoding=\"async\" class=\"img-responsive img-fluid aligncenter size-full wp-image-138\" src=\"https:\/\/fjsp.org.br\/lingua-japonesa-teste\/wp-content\/uploads\/sites\/6\/2021\/05\/site-estudos-japoneses-010.jpg\" alt=\"\" width=\"180\" height=\"53\" srcset=\"https:\/\/fjsp.org.br\/lingua-japonesa\/wp-content\/uploads\/sites\/6\/2021\/05\/site-estudos-japoneses-010.jpg 180w, https:\/\/fjsp.org.br\/lingua-japonesa\/wp-content\/uploads\/sites\/6\/2021\/05\/site-estudos-japoneses-010-100x29.jpg 100w, https:\/\/fjsp.org.br\/lingua-japonesa\/wp-content\/uploads\/sites\/6\/2021\/05\/site-estudos-japoneses-010-130x38.jpg 130w\" sizes=\"(max-width: 180px) 100vw, 180px\" \/>Plataforma de aprendizagem na qual \u00e9 poss\u00edvel se aprender japon\u00eas e realizar troca de ideias com pessoas que estudam o idioma no mundo todo.\n<\/a><\/li>\n \t<li><a title=\"Conhecimentos b\u00e1sicos de japon\u00eas\" href=\"https:\/\/www.irodori.jpf.go.jp\/\" target=\"_blank\" rel=\"noopener\">\n<img decoding=\"async\" class=\"img-responsive img-fluid aligncenter wp-image-15984 size-full\" src=\"https:\/\/fjsp.org.br\/img\/SITE_estudos-japoneses_11.jpg\" alt=\"\" \/>Material com o qual uma pessoa consegue adquirir conhecimentos b\u00e1sicos de japon\u00eas, necess\u00e1rios ao residir ou trabalhar no Jap\u00e3o. \u00c9 poss\u00edvel fazer o download do material e do \u00e1udio gratuitamente.<\/a><\/li>\n \t<li><a title=\"Aprendizes de japon\u00eas\" href=\"https:\/\/hirogaru-nihongo.jp\/\" target=\"_blank\" rel=\"noopener\">\n<img loading=\"lazy\" decoding=\"async\" class=\"img-responsive img-fluid aligncenter size-full wp-image-139\" src=\"https:\/\/fjsp.org.br\/lingua-japonesa-teste\/wp-content\/uploads\/sites\/6\/2021\/05\/site-estudos-japoneses-012.jpg\" alt=\"\" width=\"180\" height=\"53\" srcset=\"https:\/\/fjsp.org.br\/lingua-japonesa\/wp-content\/uploads\/sites\/6\/2021\/05\/site-estudos-japoneses-012.jpg 180w, https:\/\/fjsp.org.br\/lingua-japonesa\/wp-content\/uploads\/sites\/6\/2021\/05\/site-estudos-japoneses-012-100x29.jpg 100w, https:\/\/fjsp.org.br\/lingua-japonesa\/wp-content\/uploads\/sites\/6\/2021\/05\/site-estudos-japoneses-012-130x38.jpg 130w\" sizes=\"(max-width: 180px) 100vw, 180px\" \/>Site de aprendizado on-line destinado aos aprendizes de japon\u00eas com n\u00edveis A1 e A2 do JF Standard. Consegue-se aprender de forma divertida obtendo informa\u00e7\u00f5es sobre diversos t\u00f3picos.\n<\/a><\/li>\n \t<li><\/li>\n \t<li><a title=\"Material que objetiva motivar os estudos de japon\u00eas\" href=\"https:\/\/anime-manga.jp\/\" target=\"_blank\" rel=\"noopener\">\n<img loading=\"lazy\" decoding=\"async\" class=\"img-responsive img-fluid aligncenter size-full wp-image-141\" src=\"https:\/\/fjsp.org.br\/lingua-japonesa-teste\/wp-content\/uploads\/sites\/6\/2021\/05\/site-estudos-japoneses-014.jpg\" alt=\"\" width=\"180\" height=\"53\" srcset=\"https:\/\/fjsp.org.br\/lingua-japonesa\/wp-content\/uploads\/sites\/6\/2021\/05\/site-estudos-japoneses-014.jpg 180w, https:\/\/fjsp.org.br\/lingua-japonesa\/wp-content\/uploads\/sites\/6\/2021\/05\/site-estudos-japoneses-014-100x29.jpg 100w, https:\/\/fjsp.org.br\/lingua-japonesa\/wp-content\/uploads\/sites\/6\/2021\/05\/site-estudos-japoneses-014-130x38.jpg 130w\" sizes=\"(max-width: 180px) 100vw, 180px\" \/>Material que objetiva motivar ainda mais os estudos de japon\u00eas por meio do manga e anime, fazendo com que o estudo de japon\u00eas seja divertido e o aprend\u00edz consiga aprofundar a sua compreens\u00e3o da l\u00edngua e cultura japonesa.\n<\/a><\/li>\n \t<li><a title=\"Ferramenta que visa dar suporte ao aprendizado de japon\u00eas\" href=\"https:\/\/nihongodecarenavi.jp\/\" target=\"_blank\" rel=\"noopener\">\n<img loading=\"lazy\" decoding=\"async\" class=\"img-responsive img-fluid aligncenter size-full wp-image-142\" src=\"https:\/\/fjsp.org.br\/lingua-japonesa-teste\/wp-content\/uploads\/sites\/6\/2021\/05\/site-estudos-japoneses-015.jpg\" alt=\"\" width=\"180\" height=\"53\" srcset=\"https:\/\/fjsp.org.br\/lingua-japonesa\/wp-content\/uploads\/sites\/6\/2021\/05\/site-estudos-japoneses-015.jpg 180w, https:\/\/fjsp.org.br\/lingua-japonesa\/wp-content\/uploads\/sites\/6\/2021\/05\/site-estudos-japoneses-015-100x29.jpg 100w, https:\/\/fjsp.org.br\/lingua-japonesa\/wp-content\/uploads\/sites\/6\/2021\/05\/site-estudos-japoneses-015-130x38.jpg 130w\" sizes=\"(max-width: 180px) 100vw, 180px\" \/>Ferramenta que visa dar suporte ao aprendizado de japon\u00eas pelas pessoas que trabalham no Jap\u00e3o, em servi\u00e7os de enfermagem e cuidadores.\n<\/a><\/li>\n \t<li><a title=\"O desafio de Erin\" href=\"https:\/\/www.erin.jpf.go.jp\/\" target=\"_blank\" rel=\"noopener\">\n<img loading=\"lazy\" decoding=\"async\" class=\"img-responsive img-fluid aligncenter size-full wp-image-143\" src=\"https:\/\/fjsp.org.br\/lingua-japonesa-teste\/wp-content\/uploads\/sites\/6\/2021\/05\/site-estudos-japoneses-016.jpg\" alt=\"\" width=\"180\" height=\"53\" srcset=\"https:\/\/fjsp.org.br\/lingua-japonesa\/wp-content\/uploads\/sites\/6\/2021\/05\/site-estudos-japoneses-016.jpg 180w, https:\/\/fjsp.org.br\/lingua-japonesa\/wp-content\/uploads\/sites\/6\/2021\/05\/site-estudos-japoneses-016-100x29.jpg 100w, https:\/\/fjsp.org.br\/lingua-japonesa\/wp-content\/uploads\/sites\/6\/2021\/05\/site-estudos-japoneses-016-130x38.jpg 130w\" sizes=\"(max-width: 180px) 100vw, 180px\" \/>Site que oferece conte\u00fado relacionado aos v\u00eddeos do material did\u00e1tico \u201cO desafio de Erin! Eu sei japon\u00eas\u201d.\n<\/a><\/li>\n \t<li><a title=\"Aplicativo\" href=\"https:\/\/www.apperin.jpf.go.jp\/\" target=\"_blank\" rel=\"noopener\">\n<img loading=\"lazy\" decoding=\"async\" class=\"img-responsive img-fluid aligncenter size-full wp-image-144\" src=\"https:\/\/fjsp.org.br\/lingua-japonesa-teste\/wp-content\/uploads\/sites\/6\/2021\/05\/site-estudos-japoneses-017.jpg\" alt=\"\" width=\"180\" height=\"53\" srcset=\"https:\/\/fjsp.org.br\/lingua-japonesa\/wp-content\/uploads\/sites\/6\/2021\/05\/site-estudos-japoneses-017.jpg 180w, https:\/\/fjsp.org.br\/lingua-japonesa\/wp-content\/uploads\/sites\/6\/2021\/05\/site-estudos-japoneses-017-100x29.jpg 100w, https:\/\/fjsp.org.br\/lingua-japonesa\/wp-content\/uploads\/sites\/6\/2021\/05\/site-estudos-japoneses-017-130x38.jpg 130w\" sizes=\"(max-width: 180px) 100vw, 180px\" \/>Aplicativo com o qual \u00e9 poss\u00edvel verificar a quantidade de palavras e express\u00f5es de nivel b\u00e1sico em japon\u00eas memorizadas, por meio de cart\u00f5es, jogos, mang\u00e1 e quiz.<\/a><\/li>\n \t<li><\/li>\n<\/ul>\t\t\t\t\t\t\t\t<\/div>\n\t\t\t\t<\/div>\n\t\t\t\t\t<\/div>\n\t\t<\/div>\n\t\t\t\t\t<\/div>\n\t\t<\/section>\n\t\t\t\t<\/div>\n\t\t","protected":false},"excerpt":{"rendered":"<p>JF STANDARD Apresenta\u00e7\u00e3o do JF Standard, forma de utiliza\u00e7\u00e3o do seu conte\u00fado e novas informa\u00e7\u00f5es sobre o quadro de referencias. Apresenta\u00e7\u00e3o da forma de utiliza\u00e7\u00e3o, n\u00edveis e tipos de descritores Can-do. \u00c9 poss\u00edvel elaborar uma pasta procurando, escolhendo e compilando os descritores Can-do. MARUGOTO Compila\u00e7\u00e3o de todos os recursos e informa\u00e7\u00f5es sobre o material \u201cMarugoto-l\u00edngua [&hellip;]<\/p>\n","protected":false},"author":1,"featured_media":0,"parent":0,"menu_order":0,"comment_status":"closed","ping_status":"closed","template":"","meta":{"_acf_changed":false,"footnotes":""},"class_list":["post-8","page","type-page","status-publish","hentry"],"acf":[],"_links":{"self":[{"href":"https:\/\/fjsp.org.br\/lingua-japonesa\/wp-json\/wp\/v2\/pages\/8","targetHints":{"allow":["GET"]}}],"collection":[{"href":"https:\/\/fjsp.org.br\/lingua-japonesa\/wp-json\/wp\/v2\/pages"}],"about":[{"href":"https:\/\/fjsp.org.br\/lingua-japonesa\/wp-json\/wp\/v2\/types\/page"}],"author":[{"embeddable":true,"href":"https:\/\/fjsp.org.br\/lingua-japonesa\/wp-json\/wp\/v2\/users\/1"}],"replies":[{"embeddable":true,"href":"https:\/\/fjsp.org.br\/lingua-japonesa\/wp-json\/wp\/v2\/comments?post=8"}],"version-history":[{"count":2,"href":"https:\/\/fjsp.org.br\/lingua-japonesa\/wp-json\/wp\/v2\/pages\/8\/revisions"}],"predecessor-version":[{"id":159,"href":"https:\/\/fjsp.org.br\/lingua-japonesa\/wp-json\/wp\/v2\/pages\/8\/revisions\/159"}],"wp:attachment":[{"href":"https:\/\/fjsp.org.br\/lingua-japonesa\/wp-json\/wp\/v2\/media?parent=8"}],"curies":[{"name":"wp","href":"https:\/\/api.w.org\/{rel}","templated":true}]}}